{"id":106,"date":"2023-01-06T06:38:05","date_gmt":"2023-01-06T06:38:05","guid":{"rendered":"https:\/\/www.hotelina-wp.egenstheme.com\/?page_id=106"},"modified":"2025-09-30T15:19:55","modified_gmt":"2025-09-30T13:19:55","slug":"contacto-como-llegar-hostal-mexico-hotel-en-santiago-de-compostela","status":"publish","type":"page","link":"https:\/\/hostalmexico.com\/en\/contacto-como-llegar-hostal-mexico-hotel-en-santiago-de-compostela\/","title":{"rendered":"Contact us"},"content":{"rendered":"<div data-elementor-type=\"wp-page\" data-elementor-id=\"106\" class=\"elementor elementor-106\" data-elementor-post-type=\"page\">\n\t\t\t\t\t\t<section class=\"elementor-section elementor-top-section elementor-element elementor-element-3ee752c elementor-section-full_width elementor-section-height-default elementor-section-height-default\" data-id=\"3ee752c\" data-element_type=\"section\">\n\t\t\t\t\t\t<div class=\"elementor-container elementor-column-gap-no\">\n\t\t\t\t\t<div class=\"elementor-column elementor-col-50 elementor-top-column elementor-element elementor-element-7d49476\" data-id=\"7d49476\" data-element_type=\"column\">\n\t\t\t<div class=\"elementor-widget-wrap elementor-element-populated\">\n\t\t\t\t\t\t<div class=\"elementor-element elementor-element-e32601b elementor-widget elementor-widget-heading\" data-id=\"e32601b\" data-element_type=\"widget\" data-widget_type=\"heading.default\">\n\t\t\t\t\t<h2 class=\"elementor-heading-title elementor-size-default translation-block\">Where we are?<\/h2>\t\t\t\t<\/div>\n\t\t\t\t<div class=\"elementor-element elementor-element-29adf03 elementor-widget__width-initial elementor-widget elementor-widget-text-editor\" data-id=\"29adf03\" data-element_type=\"widget\" data-widget_type=\"text-editor.default\">\n\t\t\t\t\t\t\t\t\t<p><span style=\"font-weight: 400;\">Less than a 10-minute walk from the train and bus station, and very close to the airport\nbus stop. See how to get to Santiago. <a href=\"https:\/\/www.santiagoturismo.com\/como-chegar\" target=\"_blank\" rel=\"noopener\">c\u00f3mo llegar a Santiago.<\/a><\/span><\/p>\t\t\t\t\t\t\t\t<\/div>\n\t\t\t\t<div class=\"elementor-element elementor-element-7517418 elementor-widget elementor-widget-hotelina_contact_details\" data-id=\"7517418\" data-element_type=\"widget\" data-widget_type=\"hotelina_contact_details.default\">\n\t\t\t\t<div class=\"elementor-widget-container\">\n\t\t\t\t\t\n        <div class=\"contact-page overflow-hidden\">\n            <div class=\"address-area\">\n                <div class=\"section-title mb-50\">\n                                    <\/div>\n                <ul class=\"address-list\">\n\n                                            <li>\n                            <div class=\"text\">\n                                                                    <h4>Address<\/h4>\n                                                                                                    <p><a href=\"https:\/\/maps.app.goo.gl\/TFmvZX1tuyhUZC38A\"><span style=\"font-weight: 400\">C\/ Rep\u00fablica Argentina, 33 <\/span><span style=\"font-weight: 400\">15701 Santiago de Compostela<\/span><\/a><\/p>                                                            <\/div>\n                        <\/li>\n                                            <li>\n                            <div class=\"text\">\n                                                                    <h4>Schedule<\/h4>\n                                                                                                    <p><span style=\"font-weight: 400\">Reception 24 hours<br \/>Monday - Sunday<\/span><\/p>                                                            <\/div>\n                        <\/li>\n                                            <li>\n                            <div class=\"text\">\n                                                                    <h4>Phone<\/h4>\n                                                                                                    <p><a href=\"tel:+0123456789102\">+34 981 598 000<\/a><\/p>                                                            <\/div>\n                        <\/li>\n                                            <li>\n                            <div class=\"text\">\n                                                                    <h4>Email<\/h4>\n                                                                                                    <p><a href=\"mailto:recepcion@hostalmexico.com\">recepcion@hostalmexico.com<\/a><\/p>                                                            <\/div>\n                        <\/li>\n                    \n\n                <\/ul>\n            <\/div>\n        <\/div>\n\n\n\n\t\t\t\t<\/div>\n\t\t\t\t<\/div>\n\t\t\t\t\t<\/div>\n\t\t<\/div>\n\t\t\t\t<div class=\"elementor-column elementor-col-50 elementor-top-column elementor-element elementor-element-3ebf2e2\" data-id=\"3ebf2e2\" data-element_type=\"column\">\n\t\t\t<div class=\"elementor-widget-wrap elementor-element-populated\">\n\t\t\t\t\t\t<div class=\"elementor-element elementor-element-ef073be elementor-widget elementor-widget-html\" data-id=\"ef073be\" data-element_type=\"widget\" data-widget_type=\"html.default\">\n\t\t\t\t\t<iframe src=\"https:\/\/www.google.com\/maps\/embed?pb=!1m14!1m8!1m3!1d23392.26309736456!2d-8.5498!3d42.872150000000005!3m2!1i1024!2i768!4f13.1!3m3!1m2!1s0xd2efe3e2b7c434f%3A0x225f8047074303db!2sM%C3%A9xico%20PR!5e0!3m2!1ses!2ses!4v1754623056243!5m2!1ses!2ses\" width=\"600\" height=\"1200\" style=\"border:0;\" allowfullscreen=\"\" loading=\"lazy\" referrerpolicy=\"no-referrer-when-downgrade\"><\/iframe>\t\t\t\t<\/div>\n\t\t\t\t\t<\/div>\n\t\t<\/div>\n\t\t\t\t\t<\/div>\n\t\t<\/section>\n\t\t\t\t<section class=\"elementor-section elementor-top-section elementor-element elementor-element-f3377e0 elementor-section-boxed elementor-section-height-default elementor-section-height-default\" data-id=\"f3377e0\" data-element_type=\"section\">\n\t\t\t\t\t\t<div class=\"elementor-container elementor-column-gap-no\">\n\t\t\t\t\t<div class=\"elementor-column elementor-col-100 elementor-top-column elementor-element elementor-element-997bf60\" data-id=\"997bf60\" data-element_type=\"column\">\n\t\t\t<div class=\"elementor-widget-wrap elementor-element-populated\">\n\t\t\t\t\t\t<div class=\"elementor-element elementor-element-a85f984 elementor-widget elementor-widget-heading\" data-id=\"a85f984\" data-element_type=\"widget\" data-widget_type=\"heading.default\">\n\t\t\t\t\t<h2 class=\"elementor-heading-title elementor-size-default\">Contact Form<\/h2>\t\t\t\t<\/div>\n\t\t\t\t<div class=\"elementor-element elementor-element-132ca8e elementor-button-align-center elementor-widget elementor-widget-form\" data-id=\"132ca8e\" data-element_type=\"widget\" data-settings=\"{&quot;step_next_label&quot;:&quot;Siguiente&quot;,&quot;step_previous_label&quot;:&quot;Anterior&quot;,&quot;button_width&quot;:&quot;100&quot;,&quot;step_type&quot;:&quot;number_text&quot;,&quot;step_icon_shape&quot;:&quot;circle&quot;}\" data-widget_type=\"form.default\">\n\t\t\t\t\t\t\t<form class=\"elementor-form\" method=\"post\" name=\"Nuevo formulario\" aria-label=\"Nuevo formulario\" action=\"\">\n\t\t\t<input type=\"hidden\" name=\"post_id\" value=\"106\"\/>\n\t\t\t<input type=\"hidden\" name=\"form_id\" value=\"132ca8e\"\/>\n\t\t\t<input type=\"hidden\" name=\"referer_title\" value=\"Contactar - Hostal B&amp;B en Santiago de Compostela - Hostal M\u00e9xico\" \/>\n\n\t\t\t\t\t\t\t<input type=\"hidden\" name=\"queried_id\" value=\"106\"\/>\n\t\t\t\n\t\t\t<div class=\"elementor-form-fields-wrapper elementor-labels-\">\n\t\t\t\t\t\t\t\t<div class=\"elementor-field-type-text elementor-field-group elementor-column elementor-field-group-name elementor-col-33\">\n\t\t\t\t\t\t\t\t\t\t\t\t<label for=\"form-field-name\" class=\"elementor-field-label elementor-screen-only\">\n\t\t\t\t\t\t\t\tName &amp; Surname\t\t\t\t\t\t\t<\/label>\n\t\t\t\t\t\t\t\t\t\t\t\t\t\t<input size=\"1\" type=\"text\" name=\"form_fields[name]\" id=\"form-field-name\" class=\"elementor-field elementor-size-sm  elementor-field-textual\" placeholder=\"Name &amp; Surname\">\n\t\t\t\t\t\t\t\t\t\t\t<\/div>\n\t\t\t\t\t\t\t\t<div class=\"elementor-field-type-email elementor-field-group elementor-column elementor-field-group-email elementor-col-33 elementor-field-required\">\n\t\t\t\t\t\t\t\t\t\t\t\t<label for=\"form-field-email\" class=\"elementor-field-label elementor-screen-only\">\n\t\t\t\t\t\t\t\tEmail\t\t\t\t\t\t\t<\/label>\n\t\t\t\t\t\t\t\t\t\t\t\t\t\t<input size=\"1\" type=\"email\" name=\"form_fields[email]\" id=\"form-field-email\" class=\"elementor-field elementor-size-sm  elementor-field-textual\" placeholder=\"Email\" required=\"required\">\n\t\t\t\t\t\t\t\t\t\t\t<\/div>\n\t\t\t\t\t\t\t\t<div class=\"elementor-field-type-tel elementor-field-group elementor-column elementor-field-group-field_397b7c1 elementor-col-33 elementor-field-required\">\n\t\t\t\t\t\t\t\t\t\t\t\t<label for=\"form-field-field_397b7c1\" class=\"elementor-field-label elementor-screen-only\">\n\t\t\t\t\t\t\t\tPhone\t\t\t\t\t\t\t<\/label>\n\t\t\t\t\t\t\t\t<input size=\"1\" type=\"tel\" name=\"form_fields[field_397b7c1]\" id=\"form-field-field_397b7c1\" class=\"elementor-field elementor-size-sm  elementor-field-textual\" placeholder=\"Phone\" required=\"required\" pattern=\"[0-9()#&amp;+*-=.]+\" title=\"Solo se aceptan n\u00fameros y caracteres de tel\u00e9fono (#,-,*,etc).\">\n\n\t\t\t\t\t\t<\/div>\n\t\t\t\t\t\t\t\t<div class=\"elementor-field-type-textarea elementor-field-group elementor-column elementor-field-group-message elementor-col-100\">\n\t\t\t\t\t\t\t\t\t\t\t\t<label for=\"form-field-message\" class=\"elementor-field-label elementor-screen-only\">\n\t\t\t\t\t\t\t\tMessage\t\t\t\t\t\t\t<\/label>\n\t\t\t\t\t\t<textarea class=\"elementor-field-textual elementor-field  elementor-size-sm\" name=\"form_fields[message]\" id=\"form-field-message\" rows=\"4\" placeholder=\"Message\"><\/textarea>\t\t\t\t<\/div>\n\t\t\t\t\t\t\t\t<div class=\"elementor-field-type-html elementor-field-group elementor-column elementor-field-group-field_c0b86e4 elementor-col-100\">\n\t\t\t\t\tPerson responsible for the processing of your personal data: Hostal Residencia M\u00e9xico,\nSL. Purpose of the processing of your personal data: To respond to the request that you\nmake through this contact form. Legitimation: Your consent. Recipients of your data:\nYour data will not be transferred to third parties. Exercise of your right to data\nprotection: You can exercise your rights of access, rectification, limitation and request\nthe deletion of your data by requesting it via email at: direccion@hostalmexico.com. If\nyou consider that we have not correctly respected your rights, you can make a claim to\nthe Spanish Agency for Data Protection. Advanced information: You can consult\nadvanced information about the processing of your data at the link:\t\t\t\t<\/div>\n\t\t\t\t\t\t\t\t<div class=\"elementor-field-type-acceptance elementor-field-group elementor-column elementor-field-group-field_06069df elementor-col-100 elementor-field-required\">\n\t\t\t\t\t\t\t<div class=\"elementor-field-subgroup\">\n\t\t\t<span class=\"elementor-field-option\">\n\t\t\t\t<input type=\"checkbox\" name=\"form_fields[field_06069df]\" id=\"form-field-field_06069df\" class=\"elementor-field elementor-size-sm  elementor-acceptance-field\" required=\"required\">\n\t\t\t\t<label for=\"form-field-field_06069df\" class=\"translation-block\">I have read and accept privacy policy<\/label>\t\t\t<\/span>\n\t\t<\/div>\n\t\t\t\t\t\t<\/div>\n\t\t\t\t\t\t\t\t<div class=\"elementor-field-group elementor-column elementor-field-type-submit elementor-col-100 e-form__buttons\">\n\t\t\t\t\t<button class=\"elementor-button elementor-size-sm\" type=\"submit\">\n\t\t\t\t\t\t<span class=\"elementor-button-content-wrapper\">\n\t\t\t\t\t\t\t\t\t\t\t\t\t\t\t\t\t\t\t\t\t\t<span class=\"elementor-button-text\">Send<\/span>\n\t\t\t\t\t\t\t\t\t\t\t\t\t<\/span>\n\t\t\t\t\t<\/button>\n\t\t\t\t<\/div>\n\t\t\t<\/div>\n\t\t<input type=\"hidden\" name=\"trp-form-language\" value=\"en\"\/><\/form>\n\t\t\t\t\t\t<\/div>\n\t\t\t\t\t<\/div>\n\t\t<\/div>\n\t\t\t\t\t<\/div>\n\t\t<\/section>\n\t\t\t\t<\/div>","protected":false},"excerpt":{"rendered":"<p>\u00bfD\u00f3nde nosencontramos? A menos de 10 minutos a pie de la estaci\u00f3n de tren y autobuses y muy cerca de la parada de bus al aeropuerto. Ver c\u00f3mo llegar a Santiago. Direcci\u00f3n C\/ Rep\u00fablica Argentina, 33 15701 Santiago de Compostela Horario Recepci\u00f3n 24 horasLunes &#8211; Domingo Tel\u00e9fono +34 981 598 000 Email recepcion@hostalmexico.com Formulario de<\/p>","protected":false},"author":5,"featured_media":0,"parent":0,"menu_order":0,"comment_status":"closed","ping_status":"closed","template":"","meta":{"inline_featured_image":false,"footnotes":""},"class_list":["post-106","page","type-page","status-publish","hentry"],"yoast_head":"<!-- This site is optimized with the Yoast SEO plugin v26.0 - https:\/\/yoast.com\/wordpress\/plugins\/seo\/ -->\n<title>Contactar - Hostal B&amp;B en Santiago de Compostela - Hostal M\u00e9xico<\/title>\n<meta name=\"robots\" content=\"index, follow, max-snippet:-1, max-image-preview:large, max-video-preview:-1\" \/>\n<link rel=\"canonical\" href=\"https:\/\/hostalmexico.com\/en\/contacto-como-llegar-hostal-mexico-hotel-en-santiago-de-compostela\/\" \/>\n<meta property=\"og:locale\" content=\"en_US\" \/>\n<meta property=\"og:type\" content=\"article\" \/>\n<meta property=\"og:title\" content=\"Contactar - Hostal B&amp;B en Santiago de Compostela - Hostal M\u00e9xico\" \/>\n<meta property=\"og:description\" content=\"\u00bfD\u00f3nde nosencontramos? A menos de 10 minutos a pie de la estaci\u00f3n de tren y autobuses y muy cerca de la parada de bus al aeropuerto. Ver c\u00f3mo llegar a Santiago. Direcci\u00f3n C\/ Rep\u00fablica Argentina, 33 15701 Santiago de Compostela Horario Recepci\u00f3n 24 horasLunes &#8211; Domingo Tel\u00e9fono +34 981 598 000 Email recepcion@hostalmexico.com Formulario de\" \/>\n<meta property=\"og:url\" content=\"https:\/\/hostalmexico.com\/en\/contacto-como-llegar-hostal-mexico-hotel-en-santiago-de-compostela\/\" \/>\n<meta property=\"og:site_name\" content=\"Hostal B&amp;B en Santiago de Compostela - Hostal M\u00e9xico\" \/>\n<meta property=\"article:publisher\" content=\"https:\/\/www.facebook.com\/hostal.mexico\" \/>\n<meta property=\"article:modified_time\" content=\"2025-09-30T13:19:55+00:00\" \/>\n<meta name=\"twitter:card\" content=\"summary_large_image\" \/>\n<meta name=\"twitter:site\" content=\"@hostalmexico\" \/>\n<meta name=\"twitter:label1\" content=\"Est. reading time\" \/>\n\t<meta name=\"twitter:data1\" content=\"1 minute\" \/>\n<script type=\"application\/ld+json\" class=\"yoast-schema-graph\">{\"@context\":\"https:\/\/schema.org\",\"@graph\":[{\"@type\":\"WebPage\",\"@id\":\"https:\/\/hostalmexico.com\/contacto-como-llegar-hostal-mexico-hotel-en-santiago-de-compostela\/\",\"url\":\"https:\/\/hostalmexico.com\/contacto-como-llegar-hostal-mexico-hotel-en-santiago-de-compostela\/\",\"name\":\"Contactar - Hostal B&amp;B en Santiago de Compostela - Hostal M\u00e9xico\",\"isPartOf\":{\"@id\":\"https:\/\/hostalmexico.com\/#website\"},\"datePublished\":\"2023-01-06T06:38:05+00:00\",\"dateModified\":\"2025-09-30T13:19:55+00:00\",\"breadcrumb\":{\"@id\":\"https:\/\/hostalmexico.com\/contacto-como-llegar-hostal-mexico-hotel-en-santiago-de-compostela\/#breadcrumb\"},\"inLanguage\":\"en-US\",\"potentialAction\":[{\"@type\":\"ReadAction\",\"target\":[\"https:\/\/hostalmexico.com\/contacto-como-llegar-hostal-mexico-hotel-en-santiago-de-compostela\/\"]}]},{\"@type\":\"BreadcrumbList\",\"@id\":\"https:\/\/hostalmexico.com\/contacto-como-llegar-hostal-mexico-hotel-en-santiago-de-compostela\/#breadcrumb\",\"itemListElement\":[{\"@type\":\"ListItem\",\"position\":1,\"name\":\"Home\",\"item\":\"https:\/\/hostalmexico.com\/\"},{\"@type\":\"ListItem\",\"position\":2,\"name\":\"Contactar\"}]},{\"@type\":\"WebSite\",\"@id\":\"https:\/\/hostalmexico.com\/#website\",\"url\":\"https:\/\/hostalmexico.com\/\",\"name\":\"Hostal B&B en Santiago de Compostela - Hostal M\u00e9xico\",\"description\":\"B&amp;B en el coraz\u00f3n de Santiago de Compostela\",\"potentialAction\":[{\"@type\":\"SearchAction\",\"target\":{\"@type\":\"EntryPoint\",\"urlTemplate\":\"https:\/\/hostalmexico.com\/?s={search_term_string}\"},\"query-input\":{\"@type\":\"PropertyValueSpecification\",\"valueRequired\":true,\"valueName\":\"search_term_string\"}}],\"inLanguage\":\"en-US\"}]}<\/script>\n<!-- \/ Yoast SEO plugin. -->","yoast_head_json":{"title":"Contactar - Hostal B&amp;B en Santiago de Compostela - Hostal M\u00e9xico","robots":{"index":"index","follow":"follow","max-snippet":"max-snippet:-1","max-image-preview":"max-image-preview:large","max-video-preview":"max-video-preview:-1"},"canonical":"https:\/\/hostalmexico.com\/en\/contacto-como-llegar-hostal-mexico-hotel-en-santiago-de-compostela\/","og_locale":"en_US","og_type":"article","og_title":"Contactar - Hostal B&amp;B en Santiago de Compostela - Hostal M\u00e9xico","og_description":"\u00bfD\u00f3nde nosencontramos? A menos de 10 minutos a pie de la estaci\u00f3n de tren y autobuses y muy cerca de la parada de bus al aeropuerto. Ver c\u00f3mo llegar a Santiago. Direcci\u00f3n C\/ Rep\u00fablica Argentina, 33 15701 Santiago de Compostela Horario Recepci\u00f3n 24 horasLunes &#8211; Domingo Tel\u00e9fono +34 981 598 000 Email recepcion@hostalmexico.com Formulario de","og_url":"https:\/\/hostalmexico.com\/en\/contacto-como-llegar-hostal-mexico-hotel-en-santiago-de-compostela\/","og_site_name":"Hostal B&amp;B en Santiago de Compostela - Hostal M\u00e9xico","article_publisher":"https:\/\/www.facebook.com\/hostal.mexico","article_modified_time":"2025-09-30T13:19:55+00:00","twitter_card":"summary_large_image","twitter_site":"@hostalmexico","twitter_misc":{"Est. reading time":"1 minute"},"schema":{"@context":"https:\/\/schema.org","@graph":[{"@type":"WebPage","@id":"https:\/\/hostalmexico.com\/contacto-como-llegar-hostal-mexico-hotel-en-santiago-de-compostela\/","url":"https:\/\/hostalmexico.com\/contacto-como-llegar-hostal-mexico-hotel-en-santiago-de-compostela\/","name":"Contactar - Hostal B&amp;B en Santiago de Compostela - Hostal M\u00e9xico","isPartOf":{"@id":"https:\/\/hostalmexico.com\/#website"},"datePublished":"2023-01-06T06:38:05+00:00","dateModified":"2025-09-30T13:19:55+00:00","breadcrumb":{"@id":"https:\/\/hostalmexico.com\/contacto-como-llegar-hostal-mexico-hotel-en-santiago-de-compostela\/#breadcrumb"},"inLanguage":"en-US","potentialAction":[{"@type":"ReadAction","target":["https:\/\/hostalmexico.com\/contacto-como-llegar-hostal-mexico-hotel-en-santiago-de-compostela\/"]}]},{"@type":"BreadcrumbList","@id":"https:\/\/hostalmexico.com\/contacto-como-llegar-hostal-mexico-hotel-en-santiago-de-compostela\/#breadcrumb","itemListElement":[{"@type":"ListItem","position":1,"name":"Home","item":"https:\/\/hostalmexico.com\/"},{"@type":"ListItem","position":2,"name":"Contactar"}]},{"@type":"WebSite","@id":"https:\/\/hostalmexico.com\/#website","url":"https:\/\/hostalmexico.com\/","name":"Hostal B&B en Santiago de Compostela - Hostal M\u00e9xico","description":"B&amp;B en el coraz\u00f3n de Santiago de Compostela","potentialAction":[{"@type":"SearchAction","target":{"@type":"EntryPoint","urlTemplate":"https:\/\/hostalmexico.com\/?s={search_term_string}"},"query-input":{"@type":"PropertyValueSpecification","valueRequired":true,"valueName":"search_term_string"}}],"inLanguage":"en-US"}]}},"_links":{"self":[{"href":"https:\/\/hostalmexico.com\/en\/wp-json\/wp\/v2\/pages\/106","targetHints":{"allow":["GET"]}}],"collection":[{"href":"https:\/\/hostalmexico.com\/en\/wp-json\/wp\/v2\/pages"}],"about":[{"href":"https:\/\/hostalmexico.com\/en\/wp-json\/wp\/v2\/types\/page"}],"author":[{"embeddable":true,"href":"https:\/\/hostalmexico.com\/en\/wp-json\/wp\/v2\/users\/5"}],"replies":[{"embeddable":true,"href":"https:\/\/hostalmexico.com\/en\/wp-json\/wp\/v2\/comments?post=106"}],"version-history":[{"count":46,"href":"https:\/\/hostalmexico.com\/en\/wp-json\/wp\/v2\/pages\/106\/revisions"}],"predecessor-version":[{"id":4687,"href":"https:\/\/hostalmexico.com\/en\/wp-json\/wp\/v2\/pages\/106\/revisions\/4687"}],"wp:attachment":[{"href":"https:\/\/hostalmexico.com\/en\/wp-json\/wp\/v2\/media?parent=106"}],"curies":[{"name":"wp","href":"https:\/\/api.w.org\/{rel}","templated":true}]}}