{"id":1163,"date":"2025-08-06T14:59:16","date_gmt":"2025-08-06T14:59:16","guid":{"rendered":"https:\/\/hostalmexico.com\/?page_id=1163"},"modified":"2025-09-30T15:21:33","modified_gmt":"2025-09-30T13:21:33","slug":"ofertas-especiales-hotel-santiago-de-compostela-hostal-mexico","status":"publish","type":"page","link":"https:\/\/hostalmexico.com\/en\/ofertas-especiales-hotel-santiago-de-compostela-hostal-mexico\/","title":{"rendered":"Offers"},"content":{"rendered":"<div data-elementor-type=\"wp-page\" data-elementor-id=\"1163\" class=\"elementor elementor-1163\" data-elementor-post-type=\"page\">\n\t\t\t\t<div class=\"elementor-element elementor-element-f8d5fc7 e-flex e-con-boxed e-con e-parent\" data-id=\"f8d5fc7\" data-element_type=\"container\">\n\t\t\t\t\t<div class=\"e-con-inner\">\n\t\t<div class=\"elementor-element elementor-element-eb3e8df e-con-full desayuno e-flex e-con e-child\" data-id=\"eb3e8df\" data-element_type=\"container\">\n\t\t\t\t<div class=\"elementor-element elementor-element-79ac080 elementor-widget elementor-widget-hotelina_heading\" data-id=\"79ac080\" data-element_type=\"widget\" data-widget_type=\"hotelina_heading.default\">\n\t\t\t\t<div class=\"elementor-widget-container\">\n\t\t\t\t\t\n\n        \n\n\n        \n\n        \n\n\n\n\n        \n            <div class=\"section-title1 sectionn-titletwo\">\n\n\n                                    <span>Special offers<\/span>\n                                                    <h2>Our offers<\/h2>\n                \n\n            <\/div>\n\n\n        \n\n\n\t\t\t\t<\/div>\n\t\t\t\t<\/div>\n\t\t<div class=\"elementor-element elementor-element-a115ed9 e-con-full container-hover-reveal e-flex e-con e-child\" data-id=\"a115ed9\" data-element_type=\"container\" data-settings=\"{&quot;background_background&quot;:&quot;classic&quot;}\">\n\t\t\t\t<div class=\"elementor-element elementor-element-adc92a1 elementor-widget elementor-widget-heading\" data-id=\"adc92a1\" data-element_type=\"widget\" data-widget_type=\"heading.default\">\n\t\t\t\t\t<span class=\"elementor-heading-title elementor-size-default\">Offer for pilgrims on the Camino de Santiago<\/span>\t\t\t\t<\/div>\n\t\t\t\t<div class=\"elementor-element elementor-element-0ecd820 elementor-widget elementor-widget-hotelina_button\" data-id=\"0ecd820\" data-element_type=\"widget\" data-widget_type=\"hotelina_button.default\">\n\t\t\t\t<div class=\"elementor-widget-container\">\n\t\t\t\t\t\n        <div class=\"our-room-section\">\n            <div class=\"col-12 d-flex btnn-style\">\n                <a class=\"room-btn btn--primary eg-btn\" href=\"https:\/\/hostalmexico.com\/en\/oferta-para-peregrinos-del-camino-de-santiago\/\">See more<\/a>\n            <\/div>\n        <\/div>\n\n\t\t\t\t<\/div>\n\t\t\t\t<\/div>\n\t\t\t\t<\/div>\n\t\t<div class=\"elementor-element elementor-element-a9f9d5c e-con-full container-hover-reveal e-flex e-con e-child\" data-id=\"a9f9d5c\" data-element_type=\"container\" data-settings=\"{&quot;background_background&quot;:&quot;classic&quot;}\">\n\t\t\t\t<div class=\"elementor-element elementor-element-0432e5c elementor-widget elementor-widget-heading\" data-id=\"0432e5c\" data-element_type=\"widget\" data-widget_type=\"heading.default\">\n\t\t\t\t\t<h3 class=\"elementor-heading-title elementor-size-default translation-block\">Minimum 3 nights (5% discount)<\/h3>\t\t\t\t<\/div>\n\t\t\t\t<div class=\"elementor-element elementor-element-224fa71 elementor-widget elementor-widget-hotelina_button\" data-id=\"224fa71\" data-element_type=\"widget\" data-widget_type=\"hotelina_button.default\">\n\t\t\t\t<div class=\"elementor-widget-container\">\n\t\t\t\t\t\n        <div class=\"our-room-section\">\n            <div class=\"col-12 d-flex btnn-style\">\n                <a class=\"room-btn btn--primary eg-btn\" href=\"https:\/\/hostalmexico.com\/en\/estancia-minima-3-dias\/\">See more<\/a>\n            <\/div>\n        <\/div>\n\n\t\t\t\t<\/div>\n\t\t\t\t<\/div>\n\t\t\t\t<\/div>\n\t\t<div class=\"elementor-element elementor-element-5266f74 e-con-full container-hover-reveal e-flex e-con e-child\" data-id=\"5266f74\" data-element_type=\"container\" data-settings=\"{&quot;background_background&quot;:&quot;classic&quot;}\">\n\t\t\t\t<div class=\"elementor-element elementor-element-0c54a13 elementor-widget elementor-widget-heading\" data-id=\"0c54a13\" data-element_type=\"widget\" data-widget_type=\"heading.default\">\n\t\t\t\t\t<h3 class=\"elementor-heading-title elementor-size-default translation-block\">Not refundable booking (10% discount)<\/h3>\t\t\t\t<\/div>\n\t\t\t\t<div class=\"elementor-element elementor-element-f4432b5 elementor-widget elementor-widget-hotelina_button\" data-id=\"f4432b5\" data-element_type=\"widget\" data-widget_type=\"hotelina_button.default\">\n\t\t\t\t<div class=\"elementor-widget-container\">\n\t\t\t\t\t\n        <div class=\"our-room-section\">\n            <div class=\"col-12 d-flex btnn-style\">\n                <a class=\"room-btn btn--primary eg-btn\" href=\"https:\/\/hostalmexico.com\/en\/oferta-no-reembolsable\/\">See more<\/a>\n            <\/div>\n        <\/div>\n\n\t\t\t\t<\/div>\n\t\t\t\t<\/div>\n\t\t\t\t<\/div>\n\t\t\t\t<\/div>\n\t\t<div class=\"elementor-element elementor-element-3f6b26c e-con-full e-flex e-con e-child\" data-id=\"3f6b26c\" data-element_type=\"container\">\n\t\t<div class=\"elementor-element elementor-element-2866c72 e-con-full e-flex e-con e-child\" data-id=\"2866c72\" data-element_type=\"container\">\n\t\t\t\t<div class=\"elementor-element elementor-element-4f4e12a elementor-widget elementor-widget-text-editor\" data-id=\"4f4e12a\" data-element_type=\"widget\" data-widget_type=\"text-editor.default\">\n\t\t\t\t\t\t\t\t\t<div class=\"reservas-sidebar\"><div class=\"blog-widget-title\"><h3>Book now<\/h3><\/div><p>\n\t\t<div class=\"searchbar-section formulario-columna\">\n\t\t<form id=\"AVP\" method=\"get\" action=\"https:\/\/direct-book.com\/properties\/MXMexicoPRDirect\" target=\"_blank\">\n\t\t\t<input type=\"hidden\" name=\"currency\" value=\"EUR\">\n\t\t\t<div class=\"multi-main-searchber\">\n\t\t\t\t<div class=\"row align-items-center\">\n\t\t\t\t\t<div class=\"col-12\">\n\t\t\t\t\t<div class=\"row gx-2 gy-4\">\n\t\t\t\t\t\t<div class=\"col-12\">\n\t\t\t\t\t\t\t<div class=\"searchbox-input date-picker-input\">\n\t\t\t\t\t\t\t\t<label>Check In<\/label>\n\t\t\t\t\t\t\t\t<input autocomplete=\"off\" value=\"08\/04\/2026\" type=\"text\" name=\"checkInDate\" id=\"datepicker-checkIn\" class=\"claender\">\n\t\t\t\t\t\t\t<\/div>\n\t\t\t\t\t\t<\/div>\n\t\t\t\t\t\t<div class=\"col-12\">\n\t\t\t\t\t\t\t<div class=\"searchbox-input date-picker-input\">\n\t\t\t\t\t\t\t\t<label>Check Out<\/label>\n\t\t\t\t\t\t\t\t<input autocomplete=\"off\" value=\"09\/04\/2026\" type=\"text\" name=\"checkOutDate\" id=\"datepicker-checkOut\" class=\"claender\">\n\t\t\t\t\t\t\t<\/div>\n\t\t\t\t\t\t<\/div>\n\n\t\t\t\t\t\t<div class=\"col-12 blog-widget-item widget_text\">\n\t\t\t\t\t\t    <div class=\"searchbox-input two three\">\n\t\t\t\t\t\t        <label>Adultos<\/label>\n\t\t\t\t\t\t        <select class=\"person-select\" name=\"items[0][adults]\">\n\t\t\t\t\t\t\t\t\t<option>1<\/option>\n\t\t\t\t\t\t\t\t\t<option>2<\/option>\n\t\t\t\t\t\t\t\t\t<option>3<\/option>\n\t\t\t\t\t\t        <\/select>\n\t\t\t\t\t\t    <\/div>\n\t\t\t\t\t\t<\/div>\n\t\t\t\t\t\t\n\t\t\t\t\t\t<div class=\"col-12\">\n\t\t\t\t\t\t\t<div class=\"searchbox-input\">\n\t\t\t\t\t\t\t\t<label>Promo Code<\/label>\n\t\t\t\t\t\t\t\t<input autocomplete=\"off\" placeholder=\"\" type=\"text\" name=\"promotion_code\" class=\"claender\">\n\t\t\t\t\t\t\t<\/div>\n\t\t\t\t\t\t<\/div>\n\n\n\t\t\t\t\t<\/div>\n\t\t\t\t\t<\/div>\n\t\t\t\t\t<div class=\"col-12 gy-4\">\n\t\t\t\t\t<div class=\"main-form-submit\">\n\t\t\t\t\t\t<button type=\"submit\" class=\"btn--primary eg-btn\">Book now<\/button>\n\t\t\t\t\t<\/div>\n\t\t\t\t\t<\/div>\n\t\t\t\t<\/div>\n\t\t\t<\/div>\n\t\t<\/form>\n\t\t<\/div>\n\n\t\t<script>\n\t\t\tjQuery(document).ready(function($){\n\n\t\t\t\tjQuery(function ($) {\n\t\t\t\t\/\/ Datepicker CheckIn\n\t\t\t\t$(\"#datepicker-checkIn\").datepicker({\n\t\t\t\t\tminDate: 0,\n\t\t\t\t\tdateFormat: \"dd\/mm\/yy\",\n\t\t\t\t\tonSelect: function () {\n\t\t\t\t\tconst checkInDate = $(this).datepicker(\"getDate\");\n\n\t\t\t\t\t\/\/ Forzar formato\n\t\t\t\t\tconst formattedCheckIn = $.datepicker.formatDate(\"dd\/mm\/yy\", checkInDate);\n\t\t\t\t\t$(this).val(formattedCheckIn);\n\n\t\t\t\t\t\/\/ \u2795 Sumamos 1 d\u00eda\n\t\t\t\t\tconst nextDay = new Date(checkInDate);\n\t\t\t\t\tnextDay.setDate(nextDay.getDate() + 1);\n\n\t\t\t\t\t\/\/ Actualizar checkOut\n\t\t\t\t\tconst formattedNext = $.datepicker.formatDate(\"dd\/mm\/yy\", nextDay);\n\t\t\t\t\t$(\"#datepicker-checkOut\").val(formattedNext);\n\t\t\t\t\t$(\"#datepicker-checkOut\").datepicker(\"option\", \"minDate\", nextDay);\n\t\t\t\t\t}\n\t\t\t\t});\n\n\t\t\t\t\/\/ Datepicker CheckOut\n\t\t\t\t$(\"#datepicker-checkOut\").datepicker({\n\t\t\t\t\tminDate: 1,\n\t\t\t\t\tdateFormat: \"dd\/mm\/yy\",\n\t\t\t\t\tonSelect: function () {\n\t\t\t\t\tconst checkInDate = $(\"#datepicker-checkIn\").datepicker(\"getDate\");\n\t\t\t\t\tconst checkOutDate = $(this).datepicker(\"getDate\");\n\n\t\t\t\t\t\/\/ Si check-out \u2264 check-in \u2192 corregir a check-in + 1 d\u00eda\n\t\t\t\t\tif (checkInDate && checkOutDate <= checkInDate) {\n\t\t\t\t\t\tconst corrected = new Date(checkInDate);\n\t\t\t\t\t\tcorrected.setDate(corrected.getDate() + 1);\n\n\t\t\t\t\t\tconst formattedCorrected = $.datepicker.formatDate(\"dd\/mm\/yy\", corrected);\n\t\t\t\t\t\t$(this).val(formattedCorrected);\n\t\t\t\t\t\t$(this).datepicker(\"setDate\", corrected);\n\t\t\t\t\t}\n\t\t\t\t\t}\n\t\t\t\t});\n\t\t\t\t});\n\n\n\t\t\t});\n\n\t\t<\/script>\n\n\t<\/p><\/div>\t\t\t\t\t\t\t\t<\/div>\n\t\t\t\t<\/div>\n\t\t<div class=\"elementor-element elementor-element-d04ad65 e-con-full banner-ofertas e-flex e-con e-child\" data-id=\"d04ad65\" data-element_type=\"container\" data-settings=\"{&quot;background_background&quot;:&quot;classic&quot;}\">\n\t\t\t\t<div class=\"elementor-element elementor-element-ed32721 elementor-widget elementor-widget-heading\" data-id=\"ed32721\" data-element_type=\"widget\" data-widget_type=\"heading.default\">\n\t\t\t\t\t<h3 class=\"elementor-heading-title elementor-size-default\">Website booking discounts<\/h3>\t\t\t\t<\/div>\n\t\t\t\t<div class=\"elementor-element elementor-element-b23028e elementor-widget elementor-widget-heading\" data-id=\"b23028e\" data-element_type=\"widget\" data-widget_type=\"heading.default\">\n\t\t\t\t\t<p class=\"elementor-heading-title elementor-size-default\">Promo Code<\/p>\t\t\t\t<\/div>\n\t\t\t\t<div class=\"elementor-element elementor-element-4014698 elementor-widget elementor-widget-heading\" data-id=\"4014698\" data-element_type=\"widget\" data-widget_type=\"heading.default\">\n\t\t\t\t\t<h4 class=\"elementor-heading-title elementor-size-default\">PROMOMX<\/h4>\t\t\t\t<\/div>\n\t\t\t\t<\/div>\n\t\t<div class=\"elementor-element elementor-element-3a601bb e-con-full banner-ofertas e-flex e-con e-child\" data-id=\"3a601bb\" data-element_type=\"container\" data-settings=\"{&quot;background_background&quot;:&quot;classic&quot;}\">\n\t\t\t\t<div class=\"elementor-element elementor-element-323a985 elementor-widget elementor-widget-heading\" data-id=\"323a985\" data-element_type=\"widget\" data-widget_type=\"heading.default\">\n\t\t\t\t\t<h3 class=\"elementor-heading-title elementor-size-default\">Best online conditions<\/h3>\t\t\t\t<\/div>\n\t\t\t\t<\/div>\n\t\t\t\t<\/div>\n\t\t\t\t\t<\/div>\n\t\t\t\t<\/div>\n\t\t\t\t<\/div>","protected":false},"excerpt":{"rendered":"<p>Ofertas especiales Nuestras Ofertas Oferta para Peregrinos del Camino de Santiago Ver m\u00e1s Estancia m\u00ednima 3 d\u00edas(5% de descuento) Ver m\u00e1s Oferta no reembolsable(10% de descuento) Ver m\u00e1s Reservas Descuentos en reservas en nuestra web C\u00f3digo promocional PROMOMX Mejores condiciones online<\/p>","protected":false},"author":5,"featured_media":0,"parent":0,"menu_order":0,"comment_status":"closed","ping_status":"closed","template":"","meta":{"inline_featured_image":false,"footnotes":""},"class_list":["post-1163","page","type-page","status-publish","hentry"],"yoast_head":"<!-- This site is optimized with the Yoast SEO plugin v26.0 - https:\/\/yoast.com\/wordpress\/plugins\/seo\/ -->\n<title>Ofertas - Hostal B&amp;B en Santiago de Compostela - Hostal M\u00e9xico<\/title>\n<meta name=\"robots\" content=\"index, follow, max-snippet:-1, max-image-preview:large, max-video-preview:-1\" \/>\n<link rel=\"canonical\" href=\"https:\/\/hostalmexico.com\/en\/ofertas-especiales-hotel-santiago-de-compostela-hostal-mexico\/\" \/>\n<meta property=\"og:locale\" content=\"en_US\" \/>\n<meta property=\"og:type\" content=\"article\" \/>\n<meta property=\"og:title\" content=\"Ofertas - Hostal B&amp;B en Santiago de Compostela - Hostal M\u00e9xico\" \/>\n<meta property=\"og:description\" content=\"Ofertas especiales Nuestras Ofertas Oferta para Peregrinos del Camino de Santiago Ver m\u00e1s Estancia m\u00ednima 3 d\u00edas(5% de descuento) Ver m\u00e1s Oferta no reembolsable(10% de descuento) Ver m\u00e1s Reservas Descuentos en reservas en nuestra web C\u00f3digo promocional PROMOMX Mejores condiciones online\" \/>\n<meta property=\"og:url\" content=\"https:\/\/hostalmexico.com\/en\/ofertas-especiales-hotel-santiago-de-compostela-hostal-mexico\/\" \/>\n<meta property=\"og:site_name\" content=\"Hostal B&amp;B en Santiago de Compostela - Hostal M\u00e9xico\" \/>\n<meta property=\"article:publisher\" content=\"https:\/\/www.facebook.com\/hostal.mexico\" \/>\n<meta property=\"article:modified_time\" content=\"2025-09-30T13:21:33+00:00\" \/>\n<meta name=\"twitter:card\" content=\"summary_large_image\" \/>\n<meta name=\"twitter:site\" content=\"@hostalmexico\" \/>\n<meta name=\"twitter:label1\" content=\"Est. reading time\" \/>\n\t<meta name=\"twitter:data1\" content=\"1 minute\" \/>\n<script type=\"application\/ld+json\" class=\"yoast-schema-graph\">{\"@context\":\"https:\/\/schema.org\",\"@graph\":[{\"@type\":\"WebPage\",\"@id\":\"https:\/\/hostalmexico.com\/ofertas-especiales-hotel-santiago-de-compostela-hostal-mexico\/\",\"url\":\"https:\/\/hostalmexico.com\/ofertas-especiales-hotel-santiago-de-compostela-hostal-mexico\/\",\"name\":\"Ofertas - Hostal B&amp;B en Santiago de Compostela - Hostal M\u00e9xico\",\"isPartOf\":{\"@id\":\"https:\/\/hostalmexico.com\/#website\"},\"datePublished\":\"2025-08-06T14:59:16+00:00\",\"dateModified\":\"2025-09-30T13:21:33+00:00\",\"breadcrumb\":{\"@id\":\"https:\/\/hostalmexico.com\/ofertas-especiales-hotel-santiago-de-compostela-hostal-mexico\/#breadcrumb\"},\"inLanguage\":\"en-US\",\"potentialAction\":[{\"@type\":\"ReadAction\",\"target\":[\"https:\/\/hostalmexico.com\/ofertas-especiales-hotel-santiago-de-compostela-hostal-mexico\/\"]}]},{\"@type\":\"BreadcrumbList\",\"@id\":\"https:\/\/hostalmexico.com\/ofertas-especiales-hotel-santiago-de-compostela-hostal-mexico\/#breadcrumb\",\"itemListElement\":[{\"@type\":\"ListItem\",\"position\":1,\"name\":\"Home\",\"item\":\"https:\/\/hostalmexico.com\/\"},{\"@type\":\"ListItem\",\"position\":2,\"name\":\"Ofertas\"}]},{\"@type\":\"WebSite\",\"@id\":\"https:\/\/hostalmexico.com\/#website\",\"url\":\"https:\/\/hostalmexico.com\/\",\"name\":\"Hostal B&B en Santiago de Compostela - Hostal M\u00e9xico\",\"description\":\"B&amp;B en el coraz\u00f3n de Santiago de Compostela\",\"potentialAction\":[{\"@type\":\"SearchAction\",\"target\":{\"@type\":\"EntryPoint\",\"urlTemplate\":\"https:\/\/hostalmexico.com\/?s={search_term_string}\"},\"query-input\":{\"@type\":\"PropertyValueSpecification\",\"valueRequired\":true,\"valueName\":\"search_term_string\"}}],\"inLanguage\":\"en-US\"}]}<\/script>\n<!-- \/ Yoast SEO plugin. -->","yoast_head_json":{"title":"Ofertas - Hostal B&amp;B en Santiago de Compostela - Hostal M\u00e9xico","robots":{"index":"index","follow":"follow","max-snippet":"max-snippet:-1","max-image-preview":"max-image-preview:large","max-video-preview":"max-video-preview:-1"},"canonical":"https:\/\/hostalmexico.com\/en\/ofertas-especiales-hotel-santiago-de-compostela-hostal-mexico\/","og_locale":"en_US","og_type":"article","og_title":"Ofertas - Hostal B&amp;B en Santiago de Compostela - Hostal M\u00e9xico","og_description":"Ofertas especiales Nuestras Ofertas Oferta para Peregrinos del Camino de Santiago Ver m\u00e1s Estancia m\u00ednima 3 d\u00edas(5% de descuento) Ver m\u00e1s Oferta no reembolsable(10% de descuento) Ver m\u00e1s Reservas Descuentos en reservas en nuestra web C\u00f3digo promocional PROMOMX Mejores condiciones online","og_url":"https:\/\/hostalmexico.com\/en\/ofertas-especiales-hotel-santiago-de-compostela-hostal-mexico\/","og_site_name":"Hostal B&amp;B en Santiago de Compostela - Hostal M\u00e9xico","article_publisher":"https:\/\/www.facebook.com\/hostal.mexico","article_modified_time":"2025-09-30T13:21:33+00:00","twitter_card":"summary_large_image","twitter_site":"@hostalmexico","twitter_misc":{"Est. reading time":"1 minute"},"schema":{"@context":"https:\/\/schema.org","@graph":[{"@type":"WebPage","@id":"https:\/\/hostalmexico.com\/ofertas-especiales-hotel-santiago-de-compostela-hostal-mexico\/","url":"https:\/\/hostalmexico.com\/ofertas-especiales-hotel-santiago-de-compostela-hostal-mexico\/","name":"Ofertas - Hostal B&amp;B en Santiago de Compostela - Hostal M\u00e9xico","isPartOf":{"@id":"https:\/\/hostalmexico.com\/#website"},"datePublished":"2025-08-06T14:59:16+00:00","dateModified":"2025-09-30T13:21:33+00:00","breadcrumb":{"@id":"https:\/\/hostalmexico.com\/ofertas-especiales-hotel-santiago-de-compostela-hostal-mexico\/#breadcrumb"},"inLanguage":"en-US","potentialAction":[{"@type":"ReadAction","target":["https:\/\/hostalmexico.com\/ofertas-especiales-hotel-santiago-de-compostela-hostal-mexico\/"]}]},{"@type":"BreadcrumbList","@id":"https:\/\/hostalmexico.com\/ofertas-especiales-hotel-santiago-de-compostela-hostal-mexico\/#breadcrumb","itemListElement":[{"@type":"ListItem","position":1,"name":"Home","item":"https:\/\/hostalmexico.com\/"},{"@type":"ListItem","position":2,"name":"Ofertas"}]},{"@type":"WebSite","@id":"https:\/\/hostalmexico.com\/#website","url":"https:\/\/hostalmexico.com\/","name":"Hostal B&B en Santiago de Compostela - Hostal M\u00e9xico","description":"B&amp;B en el coraz\u00f3n de Santiago de Compostela","potentialAction":[{"@type":"SearchAction","target":{"@type":"EntryPoint","urlTemplate":"https:\/\/hostalmexico.com\/?s={search_term_string}"},"query-input":{"@type":"PropertyValueSpecification","valueRequired":true,"valueName":"search_term_string"}}],"inLanguage":"en-US"}]}},"_links":{"self":[{"href":"https:\/\/hostalmexico.com\/en\/wp-json\/wp\/v2\/pages\/1163","targetHints":{"allow":["GET"]}}],"collection":[{"href":"https:\/\/hostalmexico.com\/en\/wp-json\/wp\/v2\/pages"}],"about":[{"href":"https:\/\/hostalmexico.com\/en\/wp-json\/wp\/v2\/types\/page"}],"author":[{"embeddable":true,"href":"https:\/\/hostalmexico.com\/en\/wp-json\/wp\/v2\/users\/5"}],"replies":[{"embeddable":true,"href":"https:\/\/hostalmexico.com\/en\/wp-json\/wp\/v2\/comments?post=1163"}],"version-history":[{"count":67,"href":"https:\/\/hostalmexico.com\/en\/wp-json\/wp\/v2\/pages\/1163\/revisions"}],"predecessor-version":[{"id":4732,"href":"https:\/\/hostalmexico.com\/en\/wp-json\/wp\/v2\/pages\/1163\/revisions\/4732"}],"wp:attachment":[{"href":"https:\/\/hostalmexico.com\/en\/wp-json\/wp\/v2\/media?parent=1163"}],"curies":[{"name":"wp","href":"https:\/\/api.w.org\/{rel}","templated":true}]}}