{"id":1551,"date":"2025-08-08T03:35:37","date_gmt":"2025-08-08T03:35:37","guid":{"rendered":"https:\/\/hostalmexico.com\/?page_id=1551"},"modified":"2025-09-30T15:32:28","modified_gmt":"2025-09-30T13:32:28","slug":"habitaciones-hotel-santiago-de-compostela-hostal-mexico","status":"publish","type":"page","link":"https:\/\/hostalmexico.com\/en\/habitaciones-hotel-santiago-de-compostela-hostal-mexico\/","title":{"rendered":"Rooms"},"content":{"rendered":"<div data-elementor-type=\"wp-page\" data-elementor-id=\"1551\" class=\"elementor elementor-1551\" data-elementor-post-type=\"page\">\n\t\t\t\t<div class=\"elementor-element elementor-element-e45481c hero-style2 hero-style-reservas e-flex e-con-boxed e-con e-parent\" data-id=\"e45481c\" data-element_type=\"container\">\n\t\t\t\t\t<div class=\"e-con-inner\">\n\t\t\t\t<div class=\"elementor-element elementor-element-ffc78c4 elementor-widget-mobile__width-initial elementor-widget elementor-widget-shortcode\" data-id=\"ffc78c4\" data-element_type=\"widget\" data-widget_type=\"shortcode.default\">\n\t\t\t\t\t\t\t<div class=\"elementor-shortcode\">\n\t\t<div class=\"searchbar-section\">\n\t\t<form id=\"AVP\" method=\"get\" action=\"https:\/\/direct-book.com\/properties\/MXMexicoPRDirect\" target=\"_blank\">\n\t\t\t<input type=\"hidden\" name=\"currency\" value=\"EUR\">\n\t\t\t<div class=\"multi-main-searchber\">\n\t\t\t\t<div class=\"row align-items-center\">\n\t\t\t\t\t<div class=\"col-lg-9\">\n\t\t\t\t\t<div class=\"row gx-2 gy-4\">\n\t\t\t\t\t\t<div class=\"col-lg-3 col-md-6\">\n\t\t\t\t\t\t\t<div class=\"searchbox-input date-picker-input\">\n\t\t\t\t\t\t\t\t<label>Check In<\/label>\n\t\t\t\t\t\t\t\t<input autocomplete=\"off\" value=\"08\/04\/2026\" type=\"text\" name=\"checkInDate\" id=\"datepicker-checkIn\" class=\"claender\">\n\t\t\t\t\t\t\t<\/div>\n\t\t\t\t\t\t<\/div>\n\t\t\t\t\t\t<div class=\"col-lg-3 col-md-6\">\n\t\t\t\t\t\t\t<div class=\"searchbox-input date-picker-input\">\n\t\t\t\t\t\t\t\t<label>Check Out<\/label>\n\t\t\t\t\t\t\t\t<input autocomplete=\"off\" value=\"09\/04\/2026\" type=\"text\" name=\"checkOutDate\" id=\"datepicker-checkOut\" class=\"claender\">\n\t\t\t\t\t\t\t<\/div>\n\t\t\t\t\t\t<\/div>\n\n\t\t\t\t\t\t<div class=\"col-lg-3 col-md-6\">\n\t\t\t\t\t\t    <div class=\"searchbox-input two three\">\n\t\t\t\t\t\t        <label>Adultos<\/label>\n\t\t\t\t\t\t        <select class=\"person-select\" name=\"items[0][adults]\">\n\t\t\t\t\t\t\t\t\t<option>1<\/option>\n\t\t\t\t\t\t\t\t\t<option>2<\/option>\n\t\t\t\t\t\t\t\t\t<option>3<\/option>\n\t\t\t\t\t\t        <\/select>\n\t\t\t\t\t\t    <\/div>\n\t\t\t\t\t\t<\/div>\n\t\t\t\t\t\t\n\t\t\t\t\t\t<div class=\"col-lg-3 col-md-6\">\n\t\t\t\t\t\t\t<div class=\"searchbox-input\">\n\t\t\t\t\t\t\t\t<label>Promo Code<\/label>\n\t\t\t\t\t\t\t\t<input autocomplete=\"off\" placeholder=\"\" type=\"text\" name=\"promotion_code\" class=\"claender\">\n\t\t\t\t\t\t\t<\/div>\n\t\t\t\t\t\t<\/div>\n\n\n\t\t\t\t\t<\/div>\n\t\t\t\t\t<\/div>\n\t\t\t\t\t<div class=\"col-lg-3\">\n\t\t\t\t\t<div class=\"main-form-submit\">\n\t\t\t\t\t\t<button type=\"submit\" class=\"btn--primary eg-btn\">Book now<\/button>\n\t\t\t\t\t<\/div>\n\t\t\t\t\t<\/div>\n\t\t\t\t<\/div>\n\t\t\t<\/div>\n\t\t<\/form>\n\t\t<\/div>\n\n\t\t<script>\n\t\t\tjQuery(document).ready(function($){\n\n\t\t\t\tjQuery(function ($) {\n\t\t\t\t\/\/ Datepicker CheckIn\n\t\t\t\t$(\"#datepicker-checkIn\").datepicker({\n\t\t\t\t\tminDate: 0,\n\t\t\t\t\tdateFormat: \"dd\/mm\/yy\",\n\t\t\t\t\tonSelect: function () {\n\t\t\t\t\tconst checkInDate = $(this).datepicker(\"getDate\");\n\n\t\t\t\t\t\/\/ Forzar formato\n\t\t\t\t\tconst formattedCheckIn = $.datepicker.formatDate(\"dd\/mm\/yy\", checkInDate);\n\t\t\t\t\t$(this).val(formattedCheckIn);\n\n\t\t\t\t\t\/\/ \u2795 Sumamos 1 d\u00eda\n\t\t\t\t\tconst nextDay = new Date(checkInDate);\n\t\t\t\t\tnextDay.setDate(nextDay.getDate() + 1);\n\n\t\t\t\t\t\/\/ Actualizar checkOut\n\t\t\t\t\tconst formattedNext = $.datepicker.formatDate(\"dd\/mm\/yy\", nextDay);\n\t\t\t\t\t$(\"#datepicker-checkOut\").val(formattedNext);\n\t\t\t\t\t$(\"#datepicker-checkOut\").datepicker(\"option\", \"minDate\", nextDay);\n\t\t\t\t\t}\n\t\t\t\t});\n\n\t\t\t\t\/\/ Datepicker CheckOut\n\t\t\t\t$(\"#datepicker-checkOut\").datepicker({\n\t\t\t\t\tminDate: 1,\n\t\t\t\t\tdateFormat: \"dd\/mm\/yy\",\n\t\t\t\t\tonSelect: function () {\n\t\t\t\t\tconst checkInDate = $(\"#datepicker-checkIn\").datepicker(\"getDate\");\n\t\t\t\t\tconst checkOutDate = $(this).datepicker(\"getDate\");\n\n\t\t\t\t\t\/\/ Si check-out \u2264 check-in \u2192 corregir a check-in + 1 d\u00eda\n\t\t\t\t\tif (checkInDate && checkOutDate <= checkInDate) {\n\t\t\t\t\t\tconst corrected = new Date(checkInDate);\n\t\t\t\t\t\tcorrected.setDate(corrected.getDate() + 1);\n\n\t\t\t\t\t\tconst formattedCorrected = $.datepicker.formatDate(\"dd\/mm\/yy\", corrected);\n\t\t\t\t\t\t$(this).val(formattedCorrected);\n\t\t\t\t\t\t$(this).datepicker(\"setDate\", corrected);\n\t\t\t\t\t}\n\t\t\t\t\t}\n\t\t\t\t});\n\t\t\t\t});\n\n\n\t\t\t});\n\n\t\t<\/script>\n\n\t<\/div>\n\t\t\t\t\t\t<\/div>\n\t\t\t\t\t<\/div>\n\t\t\t\t<\/div>\n\t\t<div class=\"elementor-element elementor-element-a5b4937 e-flex e-con-boxed e-con e-parent\" data-id=\"a5b4937\" data-element_type=\"container\">\n\t\t\t\t\t<div class=\"e-con-inner\">\n\t\t<div class=\"elementor-element elementor-element-e105eef e-con-full e-flex e-con e-child\" data-id=\"e105eef\" data-element_type=\"container\">\n\t\t\t\t<div class=\"elementor-element elementor-element-5021882 elementor-widget elementor-widget-hotelina_heading\" data-id=\"5021882\" data-element_type=\"widget\" data-widget_type=\"hotelina_heading.default\">\n\t\t\t\t<div class=\"elementor-widget-container\">\n\t\t\t\t\t\n\n        \n\n\n        \n\n        \n\n\n\n\n        \n            <div class=\"section-title1 sectionn-titletwo\">\n\n\n                                    <span>Different options for your rest<\/span>\n                                                    <h2>Our Rooms<\/h2>\n                \n\n            <\/div>\n\n\n        \n\n\n\t\t\t\t<\/div>\n\t\t\t\t<\/div>\n\t\t\t\t<\/div>\n\t\t<div class=\"elementor-element elementor-element-cf9582f e-con-full e-grid e-con e-child\" data-id=\"cf9582f\" data-element_type=\"container\">\n\t\t<div class=\"elementor-element elementor-element-2c16116 e-con-full container-hover-reveal e-flex e-con e-child\" data-id=\"2c16116\" data-element_type=\"container\" data-settings=\"{&quot;background_background&quot;:&quot;classic&quot;}\">\n\t\t\t\t<div class=\"elementor-element elementor-element-bf52dcb elementor-widget elementor-widget-heading\" data-id=\"bf52dcb\" data-element_type=\"widget\" data-widget_type=\"heading.default\">\n\t\t\t\t\t<span class=\"elementor-heading-title elementor-size-default\">Single room<\/span>\t\t\t\t<\/div>\n\t\t\t\t<div class=\"elementor-element elementor-element-46b7a1a elementor-widget elementor-widget-hotelina_button\" data-id=\"46b7a1a\" data-element_type=\"widget\" data-widget_type=\"hotelina_button.default\">\n\t\t\t\t<div class=\"elementor-widget-container\">\n\t\t\t\t\t\n        <div class=\"our-room-section\">\n            <div class=\"col-12 d-flex btnn-style\">\n                <a class=\"room-btn btn--primary eg-btn\" href=\"https:\/\/hostalmexico.com\/en\/room\/habitacion-individual\/\">Book now<\/a>\n            <\/div>\n        <\/div>\n\n\t\t\t\t<\/div>\n\t\t\t\t<\/div>\n\t\t\t\t<\/div>\n\t\t<div class=\"elementor-element elementor-element-be38928 e-con-full container-hover-reveal e-flex e-con e-child\" data-id=\"be38928\" data-element_type=\"container\" data-settings=\"{&quot;background_background&quot;:&quot;classic&quot;}\">\n\t\t\t\t<div class=\"elementor-element elementor-element-bbf1788 elementor-widget elementor-widget-heading\" data-id=\"bbf1788\" data-element_type=\"widget\" data-widget_type=\"heading.default\">\n\t\t\t\t\t<h3 class=\"elementor-heading-title elementor-size-default\">Twin beds room<\/h3>\t\t\t\t<\/div>\n\t\t\t\t<div class=\"elementor-element elementor-element-dfc213b elementor-widget elementor-widget-hotelina_button\" data-id=\"dfc213b\" data-element_type=\"widget\" data-widget_type=\"hotelina_button.default\">\n\t\t\t\t<div class=\"elementor-widget-container\">\n\t\t\t\t\t\n        <div class=\"our-room-section\">\n            <div class=\"col-12 d-flex btnn-style\">\n                <a class=\"room-btn btn--primary eg-btn\" href=\"https:\/\/hostalmexico.com\/en\/room\/habitacion-doble\/\">Book now<\/a>\n            <\/div>\n        <\/div>\n\n\t\t\t\t<\/div>\n\t\t\t\t<\/div>\n\t\t\t\t<\/div>\n\t\t<div class=\"elementor-element elementor-element-193390f e-con-full container-hover-reveal e-flex e-con e-child\" data-id=\"193390f\" data-element_type=\"container\" data-settings=\"{&quot;background_background&quot;:&quot;classic&quot;}\">\n\t\t\t\t<div class=\"elementor-element elementor-element-8ca0ec9 elementor-widget elementor-widget-heading\" data-id=\"8ca0ec9\" data-element_type=\"widget\" data-widget_type=\"heading.default\">\n\t\t\t\t\t<h3 class=\"elementor-heading-title elementor-size-default\">Triple room<\/h3>\t\t\t\t<\/div>\n\t\t\t\t<div class=\"elementor-element elementor-element-3d904f5 elementor-widget elementor-widget-hotelina_button\" data-id=\"3d904f5\" data-element_type=\"widget\" data-widget_type=\"hotelina_button.default\">\n\t\t\t\t<div class=\"elementor-widget-container\">\n\t\t\t\t\t\n        <div class=\"our-room-section\">\n            <div class=\"col-12 d-flex btnn-style\">\n                <a class=\"room-btn btn--primary eg-btn\" href=\"https:\/\/hostalmexico.com\/en\/room\/habitacion-triple\/\">Book now<\/a>\n            <\/div>\n        <\/div>\n\n\t\t\t\t<\/div>\n\t\t\t\t<\/div>\n\t\t\t\t<\/div>\n\t\t<div class=\"elementor-element elementor-element-224b532 e-con-full container-hover-reveal e-flex e-con e-child\" data-id=\"224b532\" data-element_type=\"container\" data-settings=\"{&quot;background_background&quot;:&quot;classic&quot;}\">\n\t\t\t\t<div class=\"elementor-element elementor-element-49b8cca elementor-widget elementor-widget-heading\" data-id=\"49b8cca\" data-element_type=\"widget\" data-widget_type=\"heading.default\">\n\t\t\t\t\t<h3 class=\"elementor-heading-title elementor-size-default\">Double bed room<\/h3>\t\t\t\t<\/div>\n\t\t\t\t<div class=\"elementor-element elementor-element-05b41cd elementor-widget elementor-widget-hotelina_button\" data-id=\"05b41cd\" data-element_type=\"widget\" data-widget_type=\"hotelina_button.default\">\n\t\t\t\t<div class=\"elementor-widget-container\">\n\t\t\t\t\t\n        <div class=\"our-room-section\">\n            <div class=\"col-12 d-flex btnn-style\">\n                <a class=\"room-btn btn--primary eg-btn\" href=\"https:\/\/hostalmexico.com\/en\/room\/habitacion-matrimonio\/\">Book now<\/a>\n            <\/div>\n        <\/div>\n\n\t\t\t\t<\/div>\n\t\t\t\t<\/div>\n\t\t\t\t<\/div>\n\t\t\t\t<\/div>\n\t\t\t\t\t<\/div>\n\t\t\t\t<\/div>\n\t\t\t\t<\/div>","protected":false},"excerpt":{"rendered":"<p>Opciones de descanso a tu medida Nuestras Habitaciones Habitaci\u00f3n Individual Reservar Habitaci\u00f3n Doble Reservar Habitaci\u00f3n Triple Reservar Habitaci\u00f3n Matrimonio Reservar<\/p>","protected":false},"author":5,"featured_media":0,"parent":0,"menu_order":0,"comment_status":"closed","ping_status":"closed","template":"","meta":{"inline_featured_image":false,"footnotes":""},"class_list":["post-1551","page","type-page","status-publish","hentry"],"yoast_head":"<!-- This site is optimized with the Yoast SEO plugin v26.0 - https:\/\/yoast.com\/wordpress\/plugins\/seo\/ -->\n<title>Habitaciones - Hostal B&amp;B en Santiago de Compostela - Hostal M\u00e9xico<\/title>\n<meta name=\"description\" content=\"Room types at Hostal M\u00e9xico: single room, double room, matrimonial room, and triple room.\" \/>\n<meta name=\"robots\" content=\"index, follow, max-snippet:-1, max-image-preview:large, max-video-preview:-1\" \/>\n<link rel=\"canonical\" href=\"https:\/\/hostalmexico.com\/en\/habitaciones-hotel-santiago-de-compostela-hostal-mexico\/\" \/>\n<meta property=\"og:locale\" content=\"en_US\" \/>\n<meta property=\"og:type\" content=\"article\" \/>\n<meta property=\"og:title\" content=\"Habitaciones - Hostal B&amp;B en Santiago de Compostela - Hostal M\u00e9xico\" \/>\n<meta property=\"og:description\" content=\"Tipos de habitaciones en Hostal M\u00e9xico: habitaci\u00f3n individual, habitaci\u00f3n doble, habitaci\u00f3n de matrimonio y habitaci\u00f3n triple.\" \/>\n<meta property=\"og:url\" content=\"https:\/\/hostalmexico.com\/en\/habitaciones-hotel-santiago-de-compostela-hostal-mexico\/\" \/>\n<meta property=\"og:site_name\" content=\"Hostal B&amp;B en Santiago de Compostela - Hostal M\u00e9xico\" \/>\n<meta property=\"article:publisher\" content=\"https:\/\/www.facebook.com\/hostal.mexico\" \/>\n<meta property=\"article:modified_time\" content=\"2025-09-30T13:32:28+00:00\" \/>\n<meta name=\"twitter:card\" content=\"summary_large_image\" \/>\n<meta name=\"twitter:site\" content=\"@hostalmexico\" \/>\n<meta name=\"twitter:label1\" content=\"Est. reading time\" \/>\n\t<meta name=\"twitter:data1\" content=\"1 minute\" \/>\n<script type=\"application\/ld+json\" class=\"yoast-schema-graph\">{\"@context\":\"https:\/\/schema.org\",\"@graph\":[{\"@type\":\"WebPage\",\"@id\":\"https:\/\/hostalmexico.com\/habitaciones-hotel-santiago-de-compostela-hostal-mexico\/\",\"url\":\"https:\/\/hostalmexico.com\/habitaciones-hotel-santiago-de-compostela-hostal-mexico\/\",\"name\":\"Habitaciones - Hostal B&amp;B en Santiago de Compostela - Hostal M\u00e9xico\",\"isPartOf\":{\"@id\":\"https:\/\/hostalmexico.com\/#website\"},\"datePublished\":\"2025-08-08T03:35:37+00:00\",\"dateModified\":\"2025-09-30T13:32:28+00:00\",\"description\":\"Tipos de habitaciones en Hostal M\u00e9xico: habitaci\u00f3n individual, habitaci\u00f3n doble, habitaci\u00f3n de matrimonio y habitaci\u00f3n triple.\",\"breadcrumb\":{\"@id\":\"https:\/\/hostalmexico.com\/habitaciones-hotel-santiago-de-compostela-hostal-mexico\/#breadcrumb\"},\"inLanguage\":\"en-US\",\"potentialAction\":[{\"@type\":\"ReadAction\",\"target\":[\"https:\/\/hostalmexico.com\/habitaciones-hotel-santiago-de-compostela-hostal-mexico\/\"]}]},{\"@type\":\"BreadcrumbList\",\"@id\":\"https:\/\/hostalmexico.com\/habitaciones-hotel-santiago-de-compostela-hostal-mexico\/#breadcrumb\",\"itemListElement\":[{\"@type\":\"ListItem\",\"position\":1,\"name\":\"Home\",\"item\":\"https:\/\/hostalmexico.com\/\"},{\"@type\":\"ListItem\",\"position\":2,\"name\":\"Habitaciones\"}]},{\"@type\":\"WebSite\",\"@id\":\"https:\/\/hostalmexico.com\/#website\",\"url\":\"https:\/\/hostalmexico.com\/\",\"name\":\"Hostal B&B en Santiago de Compostela - Hostal M\u00e9xico\",\"description\":\"B&amp;B en el coraz\u00f3n de Santiago de Compostela\",\"potentialAction\":[{\"@type\":\"SearchAction\",\"target\":{\"@type\":\"EntryPoint\",\"urlTemplate\":\"https:\/\/hostalmexico.com\/?s={search_term_string}\"},\"query-input\":{\"@type\":\"PropertyValueSpecification\",\"valueRequired\":true,\"valueName\":\"search_term_string\"}}],\"inLanguage\":\"en-US\"}]}<\/script>\n<!-- \/ Yoast SEO plugin. -->","yoast_head_json":{"title":"Habitaciones - Hostal B&amp;B en Santiago de Compostela - Hostal M\u00e9xico","description":"Room types at Hostal M\u00e9xico: single room, double room, matrimonial room, and triple room.","robots":{"index":"index","follow":"follow","max-snippet":"max-snippet:-1","max-image-preview":"max-image-preview:large","max-video-preview":"max-video-preview:-1"},"canonical":"https:\/\/hostalmexico.com\/en\/habitaciones-hotel-santiago-de-compostela-hostal-mexico\/","og_locale":"en_US","og_type":"article","og_title":"Habitaciones - Hostal B&amp;B en Santiago de Compostela - Hostal M\u00e9xico","og_description":"Tipos de habitaciones en Hostal M\u00e9xico: habitaci\u00f3n individual, habitaci\u00f3n doble, habitaci\u00f3n de matrimonio y habitaci\u00f3n triple.","og_url":"https:\/\/hostalmexico.com\/en\/habitaciones-hotel-santiago-de-compostela-hostal-mexico\/","og_site_name":"Hostal B&amp;B en Santiago de Compostela - Hostal M\u00e9xico","article_publisher":"https:\/\/www.facebook.com\/hostal.mexico","article_modified_time":"2025-09-30T13:32:28+00:00","twitter_card":"summary_large_image","twitter_site":"@hostalmexico","twitter_misc":{"Est. reading time":"1 minute"},"schema":{"@context":"https:\/\/schema.org","@graph":[{"@type":"WebPage","@id":"https:\/\/hostalmexico.com\/habitaciones-hotel-santiago-de-compostela-hostal-mexico\/","url":"https:\/\/hostalmexico.com\/habitaciones-hotel-santiago-de-compostela-hostal-mexico\/","name":"Habitaciones - Hostal B&amp;B en Santiago de Compostela - Hostal M\u00e9xico","isPartOf":{"@id":"https:\/\/hostalmexico.com\/#website"},"datePublished":"2025-08-08T03:35:37+00:00","dateModified":"2025-09-30T13:32:28+00:00","description":"Tipos de habitaciones en Hostal M\u00e9xico: habitaci\u00f3n individual, habitaci\u00f3n doble, habitaci\u00f3n de matrimonio y habitaci\u00f3n triple.","breadcrumb":{"@id":"https:\/\/hostalmexico.com\/habitaciones-hotel-santiago-de-compostela-hostal-mexico\/#breadcrumb"},"inLanguage":"en-US","potentialAction":[{"@type":"ReadAction","target":["https:\/\/hostalmexico.com\/habitaciones-hotel-santiago-de-compostela-hostal-mexico\/"]}]},{"@type":"BreadcrumbList","@id":"https:\/\/hostalmexico.com\/habitaciones-hotel-santiago-de-compostela-hostal-mexico\/#breadcrumb","itemListElement":[{"@type":"ListItem","position":1,"name":"Home","item":"https:\/\/hostalmexico.com\/"},{"@type":"ListItem","position":2,"name":"Habitaciones"}]},{"@type":"WebSite","@id":"https:\/\/hostalmexico.com\/#website","url":"https:\/\/hostalmexico.com\/","name":"Hostal B&B en Santiago de Compostela - Hostal M\u00e9xico","description":"B&amp;B en el coraz\u00f3n de Santiago de Compostela","potentialAction":[{"@type":"SearchAction","target":{"@type":"EntryPoint","urlTemplate":"https:\/\/hostalmexico.com\/?s={search_term_string}"},"query-input":{"@type":"PropertyValueSpecification","valueRequired":true,"valueName":"search_term_string"}}],"inLanguage":"en-US"}]}},"_links":{"self":[{"href":"https:\/\/hostalmexico.com\/en\/wp-json\/wp\/v2\/pages\/1551","targetHints":{"allow":["GET"]}}],"collection":[{"href":"https:\/\/hostalmexico.com\/en\/wp-json\/wp\/v2\/pages"}],"about":[{"href":"https:\/\/hostalmexico.com\/en\/wp-json\/wp\/v2\/types\/page"}],"author":[{"embeddable":true,"href":"https:\/\/hostalmexico.com\/en\/wp-json\/wp\/v2\/users\/5"}],"replies":[{"embeddable":true,"href":"https:\/\/hostalmexico.com\/en\/wp-json\/wp\/v2\/comments?post=1551"}],"version-history":[{"count":34,"href":"https:\/\/hostalmexico.com\/en\/wp-json\/wp\/v2\/pages\/1551\/revisions"}],"predecessor-version":[{"id":4715,"href":"https:\/\/hostalmexico.com\/en\/wp-json\/wp\/v2\/pages\/1551\/revisions\/4715"}],"wp:attachment":[{"href":"https:\/\/hostalmexico.com\/en\/wp-json\/wp\/v2\/media?parent=1551"}],"curies":[{"name":"wp","href":"https:\/\/api.w.org\/{rel}","templated":true}]}}