{"id":1681,"date":"2025-08-08T14:17:37","date_gmt":"2025-08-08T14:17:37","guid":{"rendered":"https:\/\/hostalmexico.com\/?page_id=1681"},"modified":"2025-09-30T15:51:23","modified_gmt":"2025-09-30T13:51:23","slug":"reservas-hotel-santiago-compostela-hostal-mexico","status":"publish","type":"page","link":"https:\/\/hostalmexico.com\/en\/reservas-hotel-santiago-compostela-hostal-mexico\/","title":{"rendered":"Book now"},"content":{"rendered":"<div data-elementor-type=\"wp-page\" data-elementor-id=\"1681\" class=\"elementor elementor-1681\" data-elementor-post-type=\"page\">\n\t\t\t\t<div class=\"elementor-element elementor-element-3d11979 section-reservas-marquee e-flex e-con-boxed e-con e-parent\" data-id=\"3d11979\" data-element_type=\"container\">\n\t\t\t\t\t<div class=\"e-con-inner\">\n\t\t\t\t<div class=\"elementor-element elementor-element-f4a20da elementor-widget elementor-widget-hotelina_marque\" data-id=\"f4a20da\" data-element_type=\"widget\" data-widget_type=\"hotelina_marque.default\">\n\t\t\t\t<div class=\"elementor-widget-container\">\n\t\t\t\t\t\n\n        <div class=\"home5-marque-tab\">\n            <div class=\"container-fluid\">\n                <div class=\"row\">\n                    <div class=\"marquee\">\n                        <ul>\n                                                                                                <li>PROMO CODE<\/li>\n                                                                                                                                <li>Book with code PROMOMX for discounts on our website<\/li>\n                                                                                                                                <li>PROMO CODE<\/li>\n                                                                                                                                <li>Book with code PROMOMX for discounts on our website<\/li>\n                                                                                                                                <li>PROMO CODE<\/li>\n                                                                                                                                <li>Book with code PROMOMX for discounts on our website<\/li>\n                                                                                                                                <li>PROMO CODE<\/li>\n                                                                                                                                <li>Book with code PROMOMX for discounts on our website<\/li>\n                                                                                    <\/ul>\n                    <\/div>\n                <\/div>\n            <\/div>\n        <\/div>\n\n\n\n\t\t\t\t<\/div>\n\t\t\t\t<\/div>\n\t\t\t\t\t<\/div>\n\t\t\t\t<\/div>\n\t\t<div class=\"elementor-element elementor-element-deab2e0 hero-style2 hero-style-reservas e-flex e-con-boxed e-con e-parent\" data-id=\"deab2e0\" data-element_type=\"container\">\n\t\t\t\t\t<div class=\"e-con-inner\">\n\t\t\t\t<div class=\"elementor-element elementor-element-a6cec44 elementor-widget-mobile__width-initial elementor-widget elementor-widget-shortcode\" data-id=\"a6cec44\" data-element_type=\"widget\" data-widget_type=\"shortcode.default\">\n\t\t\t\t\t\t\t<div class=\"elementor-shortcode\">\n\t\t<div class=\"searchbar-section\">\n\t\t<form id=\"AVP\" method=\"get\" action=\"https:\/\/direct-book.com\/properties\/MXMexicoPRDirect\" target=\"_blank\">\n\t\t\t<input type=\"hidden\" name=\"currency\" value=\"EUR\">\n\t\t\t<div class=\"multi-main-searchber\">\n\t\t\t\t<div class=\"row align-items-center\">\n\t\t\t\t\t<div class=\"col-lg-9\">\n\t\t\t\t\t<div class=\"row gx-2 gy-4\">\n\t\t\t\t\t\t<div class=\"col-lg-3 col-md-6\">\n\t\t\t\t\t\t\t<div class=\"searchbox-input date-picker-input\">\n\t\t\t\t\t\t\t\t<label>Check In<\/label>\n\t\t\t\t\t\t\t\t<input autocomplete=\"off\" value=\"08\/04\/2026\" type=\"text\" name=\"checkInDate\" id=\"datepicker-checkIn\" class=\"claender\">\n\t\t\t\t\t\t\t<\/div>\n\t\t\t\t\t\t<\/div>\n\t\t\t\t\t\t<div class=\"col-lg-3 col-md-6\">\n\t\t\t\t\t\t\t<div class=\"searchbox-input date-picker-input\">\n\t\t\t\t\t\t\t\t<label>Check Out<\/label>\n\t\t\t\t\t\t\t\t<input autocomplete=\"off\" value=\"09\/04\/2026\" type=\"text\" name=\"checkOutDate\" id=\"datepicker-checkOut\" class=\"claender\">\n\t\t\t\t\t\t\t<\/div>\n\t\t\t\t\t\t<\/div>\n\n\t\t\t\t\t\t<div class=\"col-lg-3 col-md-6\">\n\t\t\t\t\t\t    <div class=\"searchbox-input two three\">\n\t\t\t\t\t\t        <label>Adultos<\/label>\n\t\t\t\t\t\t        <select class=\"person-select\" name=\"items[0][adults]\">\n\t\t\t\t\t\t\t\t\t<option>1<\/option>\n\t\t\t\t\t\t\t\t\t<option>2<\/option>\n\t\t\t\t\t\t\t\t\t<option>3<\/option>\n\t\t\t\t\t\t        <\/select>\n\t\t\t\t\t\t    <\/div>\n\t\t\t\t\t\t<\/div>\n\t\t\t\t\t\t\n\t\t\t\t\t\t<div class=\"col-lg-3 col-md-6\">\n\t\t\t\t\t\t\t<div class=\"searchbox-input\">\n\t\t\t\t\t\t\t\t<label>Promo Code<\/label>\n\t\t\t\t\t\t\t\t<input autocomplete=\"off\" placeholder=\"\" type=\"text\" name=\"promotion_code\" class=\"claender\">\n\t\t\t\t\t\t\t<\/div>\n\t\t\t\t\t\t<\/div>\n\n\n\t\t\t\t\t<\/div>\n\t\t\t\t\t<\/div>\n\t\t\t\t\t<div class=\"col-lg-3\">\n\t\t\t\t\t<div class=\"main-form-submit\">\n\t\t\t\t\t\t<button type=\"submit\" class=\"btn--primary eg-btn\">Book now<\/button>\n\t\t\t\t\t<\/div>\n\t\t\t\t\t<\/div>\n\t\t\t\t<\/div>\n\t\t\t<\/div>\n\t\t<\/form>\n\t\t<\/div>\n\n\t\t<script>\n\t\t\tjQuery(document).ready(function($){\n\n\t\t\t\tjQuery(function ($) {\n\t\t\t\t\/\/ Datepicker CheckIn\n\t\t\t\t$(\"#datepicker-checkIn\").datepicker({\n\t\t\t\t\tminDate: 0,\n\t\t\t\t\tdateFormat: \"dd\/mm\/yy\",\n\t\t\t\t\tonSelect: function () {\n\t\t\t\t\tconst checkInDate = $(this).datepicker(\"getDate\");\n\n\t\t\t\t\t\/\/ Forzar formato\n\t\t\t\t\tconst formattedCheckIn = $.datepicker.formatDate(\"dd\/mm\/yy\", checkInDate);\n\t\t\t\t\t$(this).val(formattedCheckIn);\n\n\t\t\t\t\t\/\/ \u2795 Sumamos 1 d\u00eda\n\t\t\t\t\tconst nextDay = new Date(checkInDate);\n\t\t\t\t\tnextDay.setDate(nextDay.getDate() + 1);\n\n\t\t\t\t\t\/\/ Actualizar checkOut\n\t\t\t\t\tconst formattedNext = $.datepicker.formatDate(\"dd\/mm\/yy\", nextDay);\n\t\t\t\t\t$(\"#datepicker-checkOut\").val(formattedNext);\n\t\t\t\t\t$(\"#datepicker-checkOut\").datepicker(\"option\", \"minDate\", nextDay);\n\t\t\t\t\t}\n\t\t\t\t});\n\n\t\t\t\t\/\/ Datepicker CheckOut\n\t\t\t\t$(\"#datepicker-checkOut\").datepicker({\n\t\t\t\t\tminDate: 1,\n\t\t\t\t\tdateFormat: \"dd\/mm\/yy\",\n\t\t\t\t\tonSelect: function () {\n\t\t\t\t\tconst checkInDate = $(\"#datepicker-checkIn\").datepicker(\"getDate\");\n\t\t\t\t\tconst checkOutDate = $(this).datepicker(\"getDate\");\n\n\t\t\t\t\t\/\/ Si check-out \u2264 check-in \u2192 corregir a check-in + 1 d\u00eda\n\t\t\t\t\tif (checkInDate && checkOutDate <= checkInDate) {\n\t\t\t\t\t\tconst corrected = new Date(checkInDate);\n\t\t\t\t\t\tcorrected.setDate(corrected.getDate() + 1);\n\n\t\t\t\t\t\tconst formattedCorrected = $.datepicker.formatDate(\"dd\/mm\/yy\", corrected);\n\t\t\t\t\t\t$(this).val(formattedCorrected);\n\t\t\t\t\t\t$(this).datepicker(\"setDate\", corrected);\n\t\t\t\t\t}\n\t\t\t\t\t}\n\t\t\t\t});\n\t\t\t\t});\n\n\n\t\t\t});\n\n\t\t<\/script>\n\n\t<\/div>\n\t\t\t\t\t\t<\/div>\n\t\t\t\t\t<\/div>\n\t\t\t\t<\/div>\n\t\t<div class=\"elementor-element elementor-element-fc0fa57 e-flex e-con-boxed e-con e-parent\" data-id=\"fc0fa57\" data-element_type=\"container\">\n\t\t\t\t\t<div class=\"e-con-inner\">\n\t\t<div class=\"elementor-element elementor-element-a2d270c e-flex e-con-boxed e-con e-child\" data-id=\"a2d270c\" data-element_type=\"container\" data-settings=\"{&quot;background_background&quot;:&quot;classic&quot;}\">\n\t\t\t\t\t<div class=\"e-con-inner\">\n\t\t<div class=\"elementor-element elementor-element-d9737d0 e-con-full e-flex e-con e-child\" data-id=\"d9737d0\" data-element_type=\"container\">\n\t\t\t\t<div class=\"elementor-element elementor-element-173bb3e elementor-widget elementor-widget-heading\" data-id=\"173bb3e\" data-element_type=\"widget\" data-widget_type=\"heading.default\">\n\t\t\t\t\t<h2 class=\"elementor-heading-title elementor-size-default\">If you prefer, you can make your reservation by email or by phone<\/h2>\t\t\t\t<\/div>\n\t\t\t\t<\/div>\n\t\t<div class=\"elementor-element elementor-element-c40e326 e-con-full e-flex e-con e-child\" data-id=\"c40e326\" data-element_type=\"container\">\n\t\t\t\t<div class=\"elementor-element elementor-element-7d3f90a elementor-widget elementor-widget-hotelina_button\" data-id=\"7d3f90a\" data-element_type=\"widget\" data-widget_type=\"hotelina_button.default\">\n\t\t\t\t<div class=\"elementor-widget-container\">\n\t\t\t\t\t\n        <div class=\"our-room-section\">\n            <div class=\"col-12 d-flex btnn-style\">\n                <a class=\"room-btn btn--primary eg-btn\" href=\"mailto:recepcion@hostalmexico.com\" target=\"_blank\" rel=\"nofollow\">recepcion@hostalmexico.com<\/a>\n            <\/div>\n        <\/div>\n\n\t\t\t\t<\/div>\n\t\t\t\t<\/div>\n\t\t\t\t<div class=\"elementor-element elementor-element-3c88115 elementor-widget elementor-widget-hotelina_button\" data-id=\"3c88115\" data-element_type=\"widget\" data-widget_type=\"hotelina_button.default\">\n\t\t\t\t<div class=\"elementor-widget-container\">\n\t\t\t\t\t\n        <div class=\"our-room-section\">\n            <div class=\"col-12 d-flex btnn-style\">\n                <a class=\"room-btn btn--primary eg-btn\" href=\"tel:34981598000\" target=\"_blank\" rel=\"nofollow\">+34 981 598 000<\/a>\n            <\/div>\n        <\/div>\n\n\t\t\t\t<\/div>\n\t\t\t\t<\/div>\n\t\t\t\t<\/div>\n\t\t\t\t\t<\/div>\n\t\t\t\t<\/div>\n\t\t\t\t\t<\/div>\n\t\t\t\t<\/div>\n\t\t\t\t<\/div>","protected":false},"excerpt":{"rendered":"<p>C\u00d3DIGO PROMOCIONAL Reserva con el c\u00f3digo PROMOMX para descuentos en nuestra web C\u00d3DIGO PROMOCIONAL Reserva con el c\u00f3digo PROMOMX para descuentos en nuestra web C\u00d3DIGO PROMOCIONAL Reserva con el c\u00f3digo PROMOMX para descuentos en nuestra web C\u00d3DIGO PROMOCIONAL Reserva con el c\u00f3digo PROMOMX para descuentos en nuestra web Si lo prefiere, puede realizar su reserva<\/p>","protected":false},"author":5,"featured_media":0,"parent":0,"menu_order":0,"comment_status":"closed","ping_status":"closed","template":"","meta":{"inline_featured_image":false,"footnotes":""},"class_list":["post-1681","page","type-page","status-publish","hentry"],"yoast_head":"<!-- This site is optimized with the Yoast SEO plugin v26.0 - https:\/\/yoast.com\/wordpress\/plugins\/seo\/ -->\n<title>Reservas - Hostal B&amp;B en Santiago de Compostela - Hostal M\u00e9xico<\/title>\n<meta name=\"robots\" content=\"index, follow, max-snippet:-1, max-image-preview:large, max-video-preview:-1\" \/>\n<link rel=\"canonical\" href=\"https:\/\/hostalmexico.com\/en\/reservas-hotel-santiago-compostela-hostal-mexico\/\" \/>\n<meta property=\"og:locale\" content=\"en_US\" \/>\n<meta property=\"og:type\" content=\"article\" \/>\n<meta property=\"og:title\" content=\"Reservas - Hostal B&amp;B en Santiago de Compostela - Hostal M\u00e9xico\" \/>\n<meta property=\"og:description\" content=\"C\u00d3DIGO PROMOCIONAL Reserva con el c\u00f3digo PROMOMX para descuentos en nuestra web C\u00d3DIGO PROMOCIONAL Reserva con el c\u00f3digo PROMOMX para descuentos en nuestra web C\u00d3DIGO PROMOCIONAL Reserva con el c\u00f3digo PROMOMX para descuentos en nuestra web C\u00d3DIGO PROMOCIONAL Reserva con el c\u00f3digo PROMOMX para descuentos en nuestra web Si lo prefiere, puede realizar su reserva\" \/>\n<meta property=\"og:url\" content=\"https:\/\/hostalmexico.com\/en\/reservas-hotel-santiago-compostela-hostal-mexico\/\" \/>\n<meta property=\"og:site_name\" content=\"Hostal B&amp;B en Santiago de Compostela - Hostal M\u00e9xico\" \/>\n<meta property=\"article:publisher\" content=\"https:\/\/www.facebook.com\/hostal.mexico\" \/>\n<meta property=\"article:modified_time\" content=\"2025-09-30T13:51:23+00:00\" \/>\n<meta name=\"twitter:card\" content=\"summary_large_image\" \/>\n<meta name=\"twitter:site\" content=\"@hostalmexico\" \/>\n<meta name=\"twitter:label1\" content=\"Est. reading time\" \/>\n\t<meta name=\"twitter:data1\" content=\"1 minute\" \/>\n<script type=\"application\/ld+json\" class=\"yoast-schema-graph\">{\"@context\":\"https:\/\/schema.org\",\"@graph\":[{\"@type\":\"WebPage\",\"@id\":\"https:\/\/hostalmexico.com\/reservas-hotel-santiago-compostela-hostal-mexico\/\",\"url\":\"https:\/\/hostalmexico.com\/reservas-hotel-santiago-compostela-hostal-mexico\/\",\"name\":\"Reservas - Hostal B&amp;B en Santiago de Compostela - Hostal M\u00e9xico\",\"isPartOf\":{\"@id\":\"https:\/\/hostalmexico.com\/#website\"},\"datePublished\":\"2025-08-08T14:17:37+00:00\",\"dateModified\":\"2025-09-30T13:51:23+00:00\",\"breadcrumb\":{\"@id\":\"https:\/\/hostalmexico.com\/reservas-hotel-santiago-compostela-hostal-mexico\/#breadcrumb\"},\"inLanguage\":\"en-US\",\"potentialAction\":[{\"@type\":\"ReadAction\",\"target\":[\"https:\/\/hostalmexico.com\/reservas-hotel-santiago-compostela-hostal-mexico\/\"]}]},{\"@type\":\"BreadcrumbList\",\"@id\":\"https:\/\/hostalmexico.com\/reservas-hotel-santiago-compostela-hostal-mexico\/#breadcrumb\",\"itemListElement\":[{\"@type\":\"ListItem\",\"position\":1,\"name\":\"Home\",\"item\":\"https:\/\/hostalmexico.com\/\"},{\"@type\":\"ListItem\",\"position\":2,\"name\":\"Reservas\"}]},{\"@type\":\"WebSite\",\"@id\":\"https:\/\/hostalmexico.com\/#website\",\"url\":\"https:\/\/hostalmexico.com\/\",\"name\":\"Hostal B&B en Santiago de Compostela - Hostal M\u00e9xico\",\"description\":\"B&amp;B en el coraz\u00f3n de Santiago de Compostela\",\"potentialAction\":[{\"@type\":\"SearchAction\",\"target\":{\"@type\":\"EntryPoint\",\"urlTemplate\":\"https:\/\/hostalmexico.com\/?s={search_term_string}\"},\"query-input\":{\"@type\":\"PropertyValueSpecification\",\"valueRequired\":true,\"valueName\":\"search_term_string\"}}],\"inLanguage\":\"en-US\"}]}<\/script>\n<!-- \/ Yoast SEO plugin. -->","yoast_head_json":{"title":"Reservas - Hostal B&amp;B en Santiago de Compostela - Hostal M\u00e9xico","robots":{"index":"index","follow":"follow","max-snippet":"max-snippet:-1","max-image-preview":"max-image-preview:large","max-video-preview":"max-video-preview:-1"},"canonical":"https:\/\/hostalmexico.com\/en\/reservas-hotel-santiago-compostela-hostal-mexico\/","og_locale":"en_US","og_type":"article","og_title":"Reservas - Hostal B&amp;B en Santiago de Compostela - Hostal M\u00e9xico","og_description":"C\u00d3DIGO PROMOCIONAL Reserva con el c\u00f3digo PROMOMX para descuentos en nuestra web C\u00d3DIGO PROMOCIONAL Reserva con el c\u00f3digo PROMOMX para descuentos en nuestra web C\u00d3DIGO PROMOCIONAL Reserva con el c\u00f3digo PROMOMX para descuentos en nuestra web C\u00d3DIGO PROMOCIONAL Reserva con el c\u00f3digo PROMOMX para descuentos en nuestra web Si lo prefiere, puede realizar su reserva","og_url":"https:\/\/hostalmexico.com\/en\/reservas-hotel-santiago-compostela-hostal-mexico\/","og_site_name":"Hostal B&amp;B en Santiago de Compostela - Hostal M\u00e9xico","article_publisher":"https:\/\/www.facebook.com\/hostal.mexico","article_modified_time":"2025-09-30T13:51:23+00:00","twitter_card":"summary_large_image","twitter_site":"@hostalmexico","twitter_misc":{"Est. reading time":"1 minute"},"schema":{"@context":"https:\/\/schema.org","@graph":[{"@type":"WebPage","@id":"https:\/\/hostalmexico.com\/reservas-hotel-santiago-compostela-hostal-mexico\/","url":"https:\/\/hostalmexico.com\/reservas-hotel-santiago-compostela-hostal-mexico\/","name":"Reservas - Hostal B&amp;B en Santiago de Compostela - Hostal M\u00e9xico","isPartOf":{"@id":"https:\/\/hostalmexico.com\/#website"},"datePublished":"2025-08-08T14:17:37+00:00","dateModified":"2025-09-30T13:51:23+00:00","breadcrumb":{"@id":"https:\/\/hostalmexico.com\/reservas-hotel-santiago-compostela-hostal-mexico\/#breadcrumb"},"inLanguage":"en-US","potentialAction":[{"@type":"ReadAction","target":["https:\/\/hostalmexico.com\/reservas-hotel-santiago-compostela-hostal-mexico\/"]}]},{"@type":"BreadcrumbList","@id":"https:\/\/hostalmexico.com\/reservas-hotel-santiago-compostela-hostal-mexico\/#breadcrumb","itemListElement":[{"@type":"ListItem","position":1,"name":"Home","item":"https:\/\/hostalmexico.com\/"},{"@type":"ListItem","position":2,"name":"Reservas"}]},{"@type":"WebSite","@id":"https:\/\/hostalmexico.com\/#website","url":"https:\/\/hostalmexico.com\/","name":"Hostal B&B en Santiago de Compostela - Hostal M\u00e9xico","description":"B&amp;B en el coraz\u00f3n de Santiago de Compostela","potentialAction":[{"@type":"SearchAction","target":{"@type":"EntryPoint","urlTemplate":"https:\/\/hostalmexico.com\/?s={search_term_string}"},"query-input":{"@type":"PropertyValueSpecification","valueRequired":true,"valueName":"search_term_string"}}],"inLanguage":"en-US"}]}},"_links":{"self":[{"href":"https:\/\/hostalmexico.com\/en\/wp-json\/wp\/v2\/pages\/1681","targetHints":{"allow":["GET"]}}],"collection":[{"href":"https:\/\/hostalmexico.com\/en\/wp-json\/wp\/v2\/pages"}],"about":[{"href":"https:\/\/hostalmexico.com\/en\/wp-json\/wp\/v2\/types\/page"}],"author":[{"embeddable":true,"href":"https:\/\/hostalmexico.com\/en\/wp-json\/wp\/v2\/users\/5"}],"replies":[{"embeddable":true,"href":"https:\/\/hostalmexico.com\/en\/wp-json\/wp\/v2\/comments?post=1681"}],"version-history":[{"count":91,"href":"https:\/\/hostalmexico.com\/en\/wp-json\/wp\/v2\/pages\/1681\/revisions"}],"predecessor-version":[{"id":4712,"href":"https:\/\/hostalmexico.com\/en\/wp-json\/wp\/v2\/pages\/1681\/revisions\/4712"}],"wp:attachment":[{"href":"https:\/\/hostalmexico.com\/en\/wp-json\/wp\/v2\/media?parent=1681"}],"curies":[{"name":"wp","href":"https:\/\/api.w.org\/{rel}","templated":true}]}}