{"id":1764,"date":"2025-08-09T02:53:36","date_gmt":"2025-08-09T02:53:36","guid":{"rendered":"https:\/\/hostalmexico.com\/?page_id=1764"},"modified":"2025-09-15T15:23:31","modified_gmt":"2025-09-15T15:23:31","slug":"politica-de-cookies","status":"publish","type":"page","link":"https:\/\/hostalmexico.com\/en\/politica-de-cookies\/","title":{"rendered":"Cookies Policy"},"content":{"rendered":"<div data-elementor-type=\"wp-page\" data-elementor-id=\"1764\" class=\"elementor elementor-1764\" data-elementor-post-type=\"page\">\n\t\t\t\t<div class=\"elementor-element elementor-element-779c89b e-flex e-con-boxed e-con e-parent\" data-id=\"779c89b\" data-element_type=\"container\">\n\t\t\t\t\t<div class=\"e-con-inner\">\n\t\t\t\t<div class=\"elementor-element elementor-element-0ac0cc8 elementor-widget elementor-widget-heading\" data-id=\"0ac0cc8\" data-element_type=\"widget\" data-widget_type=\"heading.default\">\n\t\t\t\t\t<h2 class=\"elementor-heading-title elementor-size-default\">Cookies Policy<\/h2>\t\t\t\t<\/div>\n\t\t\t\t<div class=\"elementor-element elementor-element-ef77250 elementor-widget elementor-widget-text-editor\" data-id=\"ef77250\" data-element_type=\"widget\" data-widget_type=\"text-editor.default\">\n\t\t\t\t\t\t\t\t\t<p>The website www.hostalmeico.com uses cookies to facilitate the relationship of\nvisitors with our content and to allow us to compile statistics on the visitors we\nreceive. In compliance with Directive 2009\/136 \/ EC, developed in our order by the\nsecond paragraph of Article 22 of the Law of Services of the Information Society,\nfollowing the guidelines of the Spanish Agency for Data Protection, we proceed to\ninform you in detail of the use that is made on our website.<\/p><h4>What are cookies?<\/h4><p>Cookies are called small files that are recorded in the browser used by each visitor to\nour website so that the server can remember the visit of that user later when he\nreturns to access our content. This information does not reveal your identity, or any\npersonal data, or access to the content stored on your PC, but it does allow our system\nto identify you as a specific user who has previously visited the web, viewed certain\npages, etc. and also allows you to save your personal preferences and technical\ninformation such as visits made or specific pages you visit.<\/p><h4>Disabling Cookies<\/h4><p>If you do not want cookies stored in your browser or prefer to receive information\nevery time a cookie requests to be installed, you can configure your browsing options\nto be done in that way. Most browsers allow the management of cookies in 3 different\nways:<\/p><ul class=\"\"><li>Cookies are always rejected;<\/li><li>The browser asks if the user wants to install each cookie;<\/li><li>Cookies are always accepted;<\/li><\/ul><p>Your browser may also include the possibility to select in detail the cookies you want\ninstalled on your computer. In particular, the user can usually accept any of the\nfollowing options:<\/p><ul class=\"\"><li>reject cookies from certain domains;<\/li><li>reject third-party cookies;<\/li><li>accept cookies as non-persistent (they are deleted when the browser closes);<\/li><li>Allow the server to create cookies for a different domain.<\/li><\/ul><p>You can find information on how to configure the most used browsers in the following\nlocations:<\/p><ul class=\"\"><li><a href=\"http:\/\/support.google.com\/chrome\/bin\/answer.py?hl=es&amp;answer=95647\" target=\"_blank\" rel=\"noopener noreferrer\">Google Chrome<\/a><\/li><li><a href=\"http:\/\/windows.microsoft.com\/es-es\/windows7\/how-to-manage-cookies-in-internet-explorer-9\" target=\"_blank\" rel=\"noopener noreferrer\">Internet Explorer<\/a><\/li><li><a href=\"http:\/\/support.mozilla.org\/kb\/habilitar-y-deshabilitar-cookies-que-los-sitios-we\" target=\"_blank\" rel=\"noopener noreferrer\">Mozilla Firefox<\/a>\u00a0\u2013\u00a0<a href=\"http:\/\/support.mozilla.org\/kb\/Borrar%20cookies\" target=\"_blank\" rel=\"noopener noreferrer\">(Borrar Cookies en Mozilla Firefox)<\/a><\/li><li><a href=\"http:\/\/support.apple.com\/kb\/ph5042\" target=\"_blank\" rel=\"noopener noreferrer\">Safari<\/a>\u00a0\u2013\u00a0<a href=\"http:\/\/es.wikihow.com\/borrar-cookies-en-Safari\" target=\"_blank\" rel=\"noopener noreferrer\">(Borrar Cookies en Safari)<\/a><\/li><\/ul><p>Regarding third-party cookies, ie those that are alien to our website, we can not be\nheld responsible for the content and veracity of the privacy policies they include, so\nthe information we offer is always with reference to the source. In case of doubt,\ncontact the webmaster of the domain that created the cookie.<\/p><p class=\"translation-block\">If you wish to review the whole terms and conditions of www.hostalmexico.com you\ncan click on this link<\/p><p>Below we inform you in detail of the cookies that can be installed from our website\nwww.hostalmexico.com. Depending on your navigation you can install all or only some\nof them.<\/p><div class=\"table-responsive\"><table class=\"table table-striped\"><thead><tr><th class=\"destaca-lista\">Dominio<\/th><th class=\"destaca-lista\">Nome da Cookie<\/th><th class=\"destaca-lista\">Description<\/th><th class=\"Destaca-lista\">Tiempo de caducidad<\/th><th class=\"destaca-lista\">M\u00e1s Informaci\u00f3n<\/th><\/tr><\/thead><tbody><tr><td>www.hostalmexico.com<\/td><td>PHPSESSID<\/td><td>Cookie utilizada por el lenguaje de programaci\u00f3n PHP para permitir que las variables de sesi\u00f3n sean guardadas en el servidor web. Esta cookie es esencial para el funcionamiento de la web.<\/td><td>Fecha de caducidad: Al cerrar sessi\u00f3n<\/td><td><a href=\"https:\/\/hostalmexico.com\/en\/aviso-legal\/\" target=\"_blank\" rel=\"noopener noreferrer\">Privacy Policy<\/a><\/td><\/tr><tr><td>www.hostalmexico.com<\/td><td>_ga<\/td><td>Google Analytics es una herramienta gratuita de an\u00e1lisis web de Google que principalmente permite que los propietarios de sitios web conozcan c\u00f3mo interact\u00faan los usuarios con su sitio web. Asimismo, habilita cookies para recopilar informaci\u00f3n de forma an\u00f3nima y elaborar informes de tendencias de sitios web sin identificar a usuarios individuales.<\/td><td>Fecha de caducidad: 24 meses (2 a\u00f1os)<\/td><td><a href=\"https:\/\/policies.google.com\/privacy?hl=es\" target=\"_blank\" rel=\"noopener noreferrer\">Privacy Policy<\/a><\/td><\/tr><tr><td>www.hostalmexico.com<\/td><td>_gid<\/td><td>Anal\u00edtica (servicio Google Analytics): Se usa para distinguir a los usuarios. Utilizamos cookies de Google Analytics embebidas en nuestro sitio web para recopilar informaci\u00f3n acerca de c\u00f3mo los visitantes navegan en nuestro sitio web. Utilizamos la informaci\u00f3n para elaborar informes y ayudar a mejorar el sitio. Las cookies recopilan informaci\u00f3n de forma an\u00f3nima, incluyendo el n\u00famero de visitantes, de donde vienen y las p\u00e1ginas que han visitado en nuestra web.<\/td><td>Fecha de caducidad: 1 dia<\/td><td><a href=\"https:\/\/policies.google.com\/privacy?hl=es\" target=\"_blank\" rel=\"noopener noreferrer\">Privacy Policy<\/a><\/td><\/tr><tr><td>www.hostalmexico.com<\/td><td>_gat<\/td><td>Anal\u00edtica (servicio Google Analytics): Se usa para limitar el porcentaje de solicitudes. Utilizamos cookies de Google Analytics embebidas en nuestro sitio web para recopilar informaci\u00f3n acerca de c\u00f3mo los visitantes navegan en nuestro sitio web. Utilizamos la informaci\u00f3n para elaborar informes y ayudar a mejorar el sitio. Las cookies recopilan informaci\u00f3n de forma an\u00f3nima, incluyendo el n\u00famero de visitantes, de donde vienen y las p\u00e1ginas que han visitado en nuestra web.<\/td><td>Fecha de caducidad: 10 minutos<\/td><td><a href=\"https:\/\/policies.google.com\/privacy?hl=es\" target=\"_blank\" rel=\"noopener noreferrer\">Privacy Policy<\/a><\/td><\/tr><tr><td>www.hostalmexico.com<\/td><td>wp_settings_1, wp_settings_time_1<\/td><td>Instalan cookies t\u00e9cnicas que nos facilitan el env\u00edo de formularios as\u00ed como la identificaci\u00f3n del usuario cuando \u00e9ste se registra en WordPress.<\/td><td>Fecha de caducidad: 1 a\u00f1o desde inicio de sesi\u00f3n.<\/td><td><a href=\"https:\/\/hostalmexico.com\/en\/aviso-legal\/\" target=\"_blank\" rel=\"noopener noreferrer\">Privacy Policy<\/a><\/td><\/tr><tr><td>www.hostalmexico.com<\/td><td>wp_test_cookie<\/td><td>Instalan cookies t\u00e9cnicas que nos facilitan el env\u00edo de formularios as\u00ed como la identificaci\u00f3n del usuario cuando \u00e9ste se registra en WordPress.<\/td><td>Fecha de caducidad: de sesi\u00f3n.<\/td><td><a href=\"https:\/\/hostalmexico.com\/en\/aviso-legal\/\" target=\"_blank\" rel=\"noopener noreferrer\">Privacy Policy<\/a><\/td><\/tr><tr><td>www.hostalmexico.com<\/td><td>woocommerce_cart_hash, woocommerce_items_in_cart<\/td><td>Instala cookies t\u00e9cnicas para facilitar el proceso de compra de los usuarios a trav\u00e9s de la web.<\/td><td>Tiempo de expiraci\u00f3n por defecto: De sesi\u00f3n.<\/td><td><a href=\"https:\/\/hostalmexico.com\/en\/aviso-legal\/\" target=\"_blank\" rel=\"noopener noreferrer\">Privacy Policy<\/a><\/td><\/tr><tr><td>www.hostalmexico.com<\/td><td>gp_cookies_closed<\/td><td>Cookie que indica que el usuario ha cerrado la ventana de preferencias de cookies.<\/td><td>Fecha de caducidad: 24 meses (2 a\u00f1os)<\/td><td><a href=\"https:\/\/hostalmexico.com\/en\/aviso-legal\/\" rel=\"noopener noreferrer\">Privacy Policy<\/a><\/td><\/tr><tr><td>www.hostalmexico.com<\/td><td>gp_cookies_groups<\/td><td>Cookie que recoge los grupos de cookies que el usuario acepta que instalemos.<\/td><td>Fecha de caducidad: 24 meses (2 a\u00f1os)<\/td><td><a href=\"https:\/\/hostalmexico.com\/en\/aviso-legal\/\" rel=\"noopener noreferrer\">Privacy Policy<\/a><\/td><\/tr><tr><td>google.com<\/td><td>1P_JAR<\/td><td>Almacenamiento de las preferencias de usuario de google.<\/td><td>Fecha de caducidad: 1 semana<\/td><td><a href=\"http:\/\/www.google.com\/intl\/es_ALL\/privacypolicy.html\" target=\"_blank\" rel=\"noopener noreferrer\">Privacy Policy<\/a><\/td><\/tr><tr><td>google.com<\/td><td>NID, AID, ANID, identificador de canal<\/td><td>Recopila de forma an\u00f3nima los h\u00e1bitos de uso del sitio de los visitantes y las p\u00e1ginas que han visto.<\/td><td>Fecha de caducidad: 6 meses<\/td><td><a href=\"http:\/\/www.google.com\/intl\/es_ALL\/privacypolicy.html\" target=\"_blank\" rel=\"noopener noreferrer\">Privacy Policy<\/a><\/td><\/tr><tr><td>google.com<\/td><td>CONSENT<\/td><td>Publicitaria. Mejora la publicidad, suele utilizarse para orientarse al usuario.<\/td><td>Fecha de caducidad: 6 meses<\/td><td><a href=\"http:\/\/www.google.com\/intl\/es_ALL\/privacypolicy.html\" target=\"_blank\" rel=\"noopener noreferrer\">Privacy Policy<\/a><\/td><\/tr><tr><td>google.com<\/td><td>__Secure-3PAPISID, __Secure-3PSID, __Secure-APISID, __Secure-HSID, __Secure-SSID<\/td><td>Publicitaria. Estas cookies se utilizan para entregar anuncios m\u00e1s relevantes para usted y sus intereses<\/td><td>Fecha de caducidad: 2 a\u00f1os<\/td><td><a href=\"https:\/\/policies.google.com\/technologies\/ads?hl=es\">Privacy Policy<\/a><\/td><\/tr><tr><td>doubleclick.net<\/td><td>DSID, IDE<\/td><td>Cookie de DoubleClick, que es utilizado por Google AdSense para grabar y producir informes sobre las acciones del usuario en el sitio web despu\u00e9s de ver o hacer clic en uno de los anunciantes de publicidad con el fin de medir la efectividad de la publicidad y la presentaci\u00f3n de los anuncios dirigidos al usuario.<\/td><td>Fecha de caducidad: 2 a\u00f1os<\/td><td><a href=\"https:\/\/policies.google.com\/technologies\/ads?hl=es\">Privacy Policy<\/a><\/td><\/tr><\/tbody><\/table><\/div><h4>What can you do with cookies?<\/h4><p>When you access our website for the first time, a window is displayed in which we\ninform you that cookies can be of various types:<\/p><ul><li>Technical cookies are necessary for our website to function, they do not need\nyour authorization and are the only ones that we have activated by default.<\/li><li>The rest of cookies serve to improve our page, to personalize it based on your\npreferences, or to be able to show you advertising tailored to your searches,\ntastes and personal interests. We have all of them deactivated by default, but\nyou can activate them in our COOKIES CONFIGURATION section: take control\nand enjoy personalized navigation on our page, with a step as simple and fast\nas checking the boxes you want.<\/li><\/ul><p>Also inform you that, once you have activated any type of cookies, you have the\npossibility to deactivate them at the time you want, with the simple step of unchecking\nthe corresponding box in the CONFIGURATION OF COOKIES section of our website. It\nwill always be as easy for you to activate our own cookies as it is to deactivate them.<\/p><p>Also remind you that, through the configuration of your browser, you can block or\nalert of the presence of cookies, although said blocking may affect the correct\noperation of the different functionalities of our website in the case of the necessary\ntechnical cookies.<\/p><p>Finally, indicate that if you activate third-party cookies (external companies that\nprovide services for our website) and later you want to deactivate them, you can do it\nin two ways: using the cookie deactivation tools of your browser or through the\nenabled systems themselves by said external providers.<\/p><p>To make it much easier for you, here are some links to the cookie deactivation\nguidelines of commonly used browsers:<\/p><ul><li><a href=\"https:\/\/support.google.com\/accounts\/answer\/61416?co=GENIE.Platform%3DDesktop&amp;hl=es\" target=\"_blank\" rel=\"noopener noreferrer\">Google Chrome<\/a>.<\/li><li><a href=\"https:\/\/support.mozilla.org\/es\/kb\/Borrar%20cookies\" target=\"_blank\" rel=\"noopener noreferrer\">Mozilla Firefox<\/a>.<\/li><li><a href=\"https:\/\/support.microsoft.com\/es-es\/help\/278835\/how-to-delete-cookie-files-in-internet-explorer\" target=\"_blank\" rel=\"noopener noreferrer\">Internet Explorer.<\/a><\/li><li><a href=\"https:\/\/support.apple.com\/es-es\/guide\/safari\/sfri11471\/mac\" target=\"_blank\" rel=\"noopener noreferrer\">Safari.<\/a><\/li><li><a href=\"https:\/\/support.apple.com\/es-es\/HT201265\" target=\"_blank\" rel=\"noopener noreferrer\">Safari para IOS (iPhone y iPad).<\/a><\/li><li><a href=\"https:\/\/support.google.com\/accounts\/answer\/61416?co=GENIE.Platform%3DAndroid&amp;hl=es&amp;oco=1\" target=\"_blank\" rel=\"noopener noreferrer\">Google Chrome para Android.<\/a><\/li><li><a href=\"https:\/\/support.google.com\/accounts\/answer\/61416?co=GENIE.Platform%3DiOS&amp;hl=es&amp;oco=1\" target=\"_blank\" rel=\"noopener noreferrer\">Google Chrome para Iphone y Ipad.<\/a><\/li><\/ul><h4>How to manage cookie settings?<\/h4><p>When the user accesses our website for the first time, a window is displayed and it is\nindicated that they can accept cookies, configure the treatment or reject them.<\/p><p>In this sense, a configuration panel is then provided that will allow you to accept or\nreject the installation of cookies, except for those strictly necessary, without which the\nwebsite would not function correctly or would not allow the user to provide the\nrequested service.<\/p>\t\t\t\t\t\t\t\t<\/div>\n\t\t\t\t\t<\/div>\n\t\t\t\t<\/div>\n\t\t\t\t<\/div>","protected":false},"excerpt":{"rendered":"<p>Pol\u00edtica de Cookies La web www.hostalmexico.com utiliza cookies para facilitar la relaci\u00f3n de los visitantes con nuestro contenido y para permitir elaborar estad\u00edsticas sobre las visitantes que recibimos. En cumplimiento de la Directiva 2009\/136\/CE, desarrollada en nuestro ordenamiento por el apartado segundo del art\u00edculo 22 de la Ley de Servicios de Sociedad de la Informaci\u00f3n,<\/p>","protected":false},"author":5,"featured_media":0,"parent":0,"menu_order":0,"comment_status":"closed","ping_status":"closed","template":"","meta":{"inline_featured_image":false,"footnotes":""},"class_list":["post-1764","page","type-page","status-publish","hentry"],"yoast_head":"<!-- This site is optimized with the Yoast SEO plugin v26.0 - https:\/\/yoast.com\/wordpress\/plugins\/seo\/ -->\n<title>Pol\u00edtica de Cookies - Hostal B&amp;B en Santiago de Compostela - Hostal M\u00e9xico<\/title>\n<meta name=\"robots\" content=\"noindex, nofollow\" \/>\n<meta property=\"og:locale\" content=\"en_US\" \/>\n<meta property=\"og:type\" content=\"article\" \/>\n<meta property=\"og:title\" content=\"Pol\u00edtica de Cookies - Hostal B&amp;B en Santiago de Compostela - Hostal M\u00e9xico\" \/>\n<meta property=\"og:description\" content=\"Pol\u00edtica de Cookies La web www.hostalmexico.com utiliza cookies para facilitar la relaci\u00f3n de los visitantes con nuestro contenido y para permitir elaborar estad\u00edsticas sobre las visitantes que recibimos. En cumplimiento de la Directiva 2009\/136\/CE, desarrollada en nuestro ordenamiento por el apartado segundo del art\u00edculo 22 de la Ley de Servicios de Sociedad de la Informaci\u00f3n,\" \/>\n<meta property=\"og:url\" content=\"https:\/\/hostalmexico.com\/en\/politica-de-cookies\/\" \/>\n<meta property=\"og:site_name\" content=\"Hostal B&amp;B en Santiago de Compostela - Hostal M\u00e9xico\" \/>\n<meta property=\"article:publisher\" content=\"https:\/\/www.facebook.com\/hostal.mexico\" \/>\n<meta property=\"article:modified_time\" content=\"2025-09-15T15:23:31+00:00\" \/>\n<meta name=\"twitter:card\" content=\"summary_large_image\" \/>\n<meta name=\"twitter:site\" content=\"@hostalmexico\" \/>\n<meta name=\"twitter:label1\" content=\"Est. reading time\" \/>\n\t<meta name=\"twitter:data1\" content=\"7 minutes\" \/>\n<script type=\"application\/ld+json\" class=\"yoast-schema-graph\">{\"@context\":\"https:\/\/schema.org\",\"@graph\":[{\"@type\":\"WebPage\",\"@id\":\"https:\/\/hostalmexico.com\/politica-de-cookies\/\",\"url\":\"https:\/\/hostalmexico.com\/politica-de-cookies\/\",\"name\":\"Pol\u00edtica de Cookies - Hostal B&amp;B en Santiago de Compostela - Hostal M\u00e9xico\",\"isPartOf\":{\"@id\":\"https:\/\/hostalmexico.com\/#website\"},\"datePublished\":\"2025-08-09T02:53:36+00:00\",\"dateModified\":\"2025-09-15T15:23:31+00:00\",\"breadcrumb\":{\"@id\":\"https:\/\/hostalmexico.com\/politica-de-cookies\/#breadcrumb\"},\"inLanguage\":\"en-US\",\"potentialAction\":[{\"@type\":\"ReadAction\",\"target\":[\"https:\/\/hostalmexico.com\/politica-de-cookies\/\"]}]},{\"@type\":\"BreadcrumbList\",\"@id\":\"https:\/\/hostalmexico.com\/politica-de-cookies\/#breadcrumb\",\"itemListElement\":[{\"@type\":\"ListItem\",\"position\":1,\"name\":\"Home\",\"item\":\"https:\/\/hostalmexico.com\/\"},{\"@type\":\"ListItem\",\"position\":2,\"name\":\"Pol\u00edtica de Cookies\"}]},{\"@type\":\"WebSite\",\"@id\":\"https:\/\/hostalmexico.com\/#website\",\"url\":\"https:\/\/hostalmexico.com\/\",\"name\":\"Hostal B&B en Santiago de Compostela - Hostal M\u00e9xico\",\"description\":\"B&amp;B en el coraz\u00f3n de Santiago de Compostela\",\"potentialAction\":[{\"@type\":\"SearchAction\",\"target\":{\"@type\":\"EntryPoint\",\"urlTemplate\":\"https:\/\/hostalmexico.com\/?s={search_term_string}\"},\"query-input\":{\"@type\":\"PropertyValueSpecification\",\"valueRequired\":true,\"valueName\":\"search_term_string\"}}],\"inLanguage\":\"en-US\"}]}<\/script>\n<!-- \/ Yoast SEO plugin. -->","yoast_head_json":{"title":"Pol\u00edtica de Cookies - Hostal B&amp;B en Santiago de Compostela - Hostal M\u00e9xico","robots":{"index":"noindex","follow":"nofollow"},"og_locale":"en_US","og_type":"article","og_title":"Pol\u00edtica de Cookies - Hostal B&amp;B en Santiago de Compostela - Hostal M\u00e9xico","og_description":"Pol\u00edtica de Cookies La web www.hostalmexico.com utiliza cookies para facilitar la relaci\u00f3n de los visitantes con nuestro contenido y para permitir elaborar estad\u00edsticas sobre las visitantes que recibimos. En cumplimiento de la Directiva 2009\/136\/CE, desarrollada en nuestro ordenamiento por el apartado segundo del art\u00edculo 22 de la Ley de Servicios de Sociedad de la Informaci\u00f3n,","og_url":"https:\/\/hostalmexico.com\/en\/politica-de-cookies\/","og_site_name":"Hostal B&amp;B en Santiago de Compostela - Hostal M\u00e9xico","article_publisher":"https:\/\/www.facebook.com\/hostal.mexico","article_modified_time":"2025-09-15T15:23:31+00:00","twitter_card":"summary_large_image","twitter_site":"@hostalmexico","twitter_misc":{"Est. reading time":"7 minutes"},"schema":{"@context":"https:\/\/schema.org","@graph":[{"@type":"WebPage","@id":"https:\/\/hostalmexico.com\/politica-de-cookies\/","url":"https:\/\/hostalmexico.com\/politica-de-cookies\/","name":"Pol\u00edtica de Cookies - Hostal B&amp;B en Santiago de Compostela - Hostal M\u00e9xico","isPartOf":{"@id":"https:\/\/hostalmexico.com\/#website"},"datePublished":"2025-08-09T02:53:36+00:00","dateModified":"2025-09-15T15:23:31+00:00","breadcrumb":{"@id":"https:\/\/hostalmexico.com\/politica-de-cookies\/#breadcrumb"},"inLanguage":"en-US","potentialAction":[{"@type":"ReadAction","target":["https:\/\/hostalmexico.com\/politica-de-cookies\/"]}]},{"@type":"BreadcrumbList","@id":"https:\/\/hostalmexico.com\/politica-de-cookies\/#breadcrumb","itemListElement":[{"@type":"ListItem","position":1,"name":"Home","item":"https:\/\/hostalmexico.com\/"},{"@type":"ListItem","position":2,"name":"Pol\u00edtica de Cookies"}]},{"@type":"WebSite","@id":"https:\/\/hostalmexico.com\/#website","url":"https:\/\/hostalmexico.com\/","name":"Hostal B&B en Santiago de Compostela - Hostal M\u00e9xico","description":"B&amp;B en el coraz\u00f3n de Santiago de Compostela","potentialAction":[{"@type":"SearchAction","target":{"@type":"EntryPoint","urlTemplate":"https:\/\/hostalmexico.com\/?s={search_term_string}"},"query-input":{"@type":"PropertyValueSpecification","valueRequired":true,"valueName":"search_term_string"}}],"inLanguage":"en-US"}]}},"_links":{"self":[{"href":"https:\/\/hostalmexico.com\/en\/wp-json\/wp\/v2\/pages\/1764","targetHints":{"allow":["GET"]}}],"collection":[{"href":"https:\/\/hostalmexico.com\/en\/wp-json\/wp\/v2\/pages"}],"about":[{"href":"https:\/\/hostalmexico.com\/en\/wp-json\/wp\/v2\/types\/page"}],"author":[{"embeddable":true,"href":"https:\/\/hostalmexico.com\/en\/wp-json\/wp\/v2\/users\/5"}],"replies":[{"embeddable":true,"href":"https:\/\/hostalmexico.com\/en\/wp-json\/wp\/v2\/comments?post=1764"}],"version-history":[{"count":13,"href":"https:\/\/hostalmexico.com\/en\/wp-json\/wp\/v2\/pages\/1764\/revisions"}],"predecessor-version":[{"id":4700,"href":"https:\/\/hostalmexico.com\/en\/wp-json\/wp\/v2\/pages\/1764\/revisions\/4700"}],"wp:attachment":[{"href":"https:\/\/hostalmexico.com\/en\/wp-json\/wp\/v2\/media?parent=1764"}],"curies":[{"name":"wp","href":"https:\/\/api.w.org\/{rel}","templated":true}]}}