{"id":1769,"date":"2025-08-09T02:55:38","date_gmt":"2025-08-09T02:55:38","guid":{"rendered":"https:\/\/hostalmexico.com\/?page_id=1769"},"modified":"2025-09-30T15:28:04","modified_gmt":"2025-09-30T13:28:04","slug":"aviso-legal","status":"publish","type":"page","link":"https:\/\/hostalmexico.com\/en\/aviso-legal\/","title":{"rendered":"Legal Notice"},"content":{"rendered":"<div data-elementor-type=\"wp-page\" data-elementor-id=\"1769\" class=\"elementor elementor-1769\" data-elementor-post-type=\"page\">\n\t\t\t\t<div class=\"elementor-element elementor-element-70ae16e e-flex e-con-boxed e-con e-parent\" data-id=\"70ae16e\" data-element_type=\"container\">\n\t\t\t\t\t<div class=\"e-con-inner\">\n\t\t\t\t<div class=\"elementor-element elementor-element-5315023 elementor-widget elementor-widget-heading\" data-id=\"5315023\" data-element_type=\"widget\" data-widget_type=\"heading.default\">\n\t\t\t\t\t<h2 class=\"elementor-heading-title elementor-size-default\">Legal Notice<\/h2>\t\t\t\t<\/div>\n\t\t\t\t<div class=\"elementor-element elementor-element-bfa0421 elementor-widget elementor-widget-text-editor\" data-id=\"bfa0421\" data-element_type=\"widget\" data-widget_type=\"text-editor.default\">\n\t\t\t\t\t\t\t\t\t<h4>IDENTIFICATION DATA<\/h4><p>Carrying out the informative duty of Article 10 of the Law 34\/2002, July 11th, of\nServicios de la Sociedad de la Informaci\u00f3n y del Comercio Electr\u00f3nico (Law 34\/2002 of\nservices of the society of information and electronic market), we show the following\ndata: the company www.hostalmexico.com is HOSTAL MEXICO, S.L. with CIF (Tax ID\nNumber) B70995576 and business address in Rep\u00fablica Argentina, 33 15701, Santiago\nde Compostela (A Coru\u00f1a) with contact e-mail: recepcion@hostalmexico.com<\/p><h4>USERS<\/h4><h4><span style=\"color: #666666; font-family: Jost, sans-serif; font-size: 18px;\">The Access and\/or use of this webpage of HOSTAL MEXICO, S.L. attributes the\ncondition of USER, that accepts, from said access and\/or use, the General Terms of Use\nhere shown. Said conditions will be applied separately from the General Contractual\nConditions that ought to be followed in your case.<\/span><\/h4><h4>USE OF THE PORTAL<\/h4><p>www.hostalmexico.com provides access to various information, services, programs or\ndata (henceforth, \u201cthe content\u201d) on the internet belonging to HOSTAL MEXICO, S.L. to\nwhich the user may have access granted. THE USER undertakes the responsibility of\nusing said portal. Said responsibility extends to the register that may be necessary to\naccess some specific services or contents.<\/p><p>In said register, the USER will be responsible of providing truthful and valid\ninformation. As a consequence of this register, the USER may be granted a password of\nwhich he will be responsible, committing himself to a confidential and fair use of said\ngiven password. The USER commits to an adequate use of the contents and services\nthat HOSTAL MEXICO, S.L. offers through its webpage, compromising to not using them\nto illegal activities, contrary to public order, national defense or public health.<\/p><p>In any case, HOSTAL MEXICO, S.L. holds the right to unilaterally modify, in any moment\nand without previous warning, the structure and design of the webpage: modifying or\neliminating services or contents such as the access conditions and\/or the use of the\nwebsite.<\/p><p>In the same way, HOSTAL MEXICO, S.L. holds the right to modify in any moment these\npresent terms of use, and any other terms contained in the website\nwww.hostalmexico.com.<\/p><h4>PERSONAL DATA PROTECTION<\/h4><p>Carrying out the established parameters in the General Regulations (EU) 2016\/679 of\nData Protection, and in the Organic Law 3\/2018, of December 5, of Protection of\nPersonal Data and Guarantee of Digital Rights, we communicate the user that the\npersonal data that he voluntarily provides, to any of our information gathering\nsources, will be incorporated to the automatized data Treatment Activities of personal\nnature property of HOSTAL MEXICO, S.L., with the goal of being able to provide our\nservices, and also to keep the user informed about matters related to the company\u2019s\nactivities and its services. The fields marked with \u201c*\u201d are mandatory, therefore not\nfilling them in will prevent the USER from enjoying some of the services and\ninformation provided in the web. The data in said fields will be treated confidentially\nas well.<br \/>HOSTAL MEXICO, S.L. follows completely the present legislation in matter of data\nprotection of personal nature and the confidentiality compromises characteristic of\nthis activity.<\/p><p>HOSTAL MEXICO, S.L. has adopted the necessary technical measures to maintain the\nrequired security levels, according to the nature of the personal dated treated and the\ntreatment circumstances, with the objective of avoiding, as much as possible and\nalways according to the status of the techniques, its alteration, loss, treatment or\nunauthorized access. In order to carry out the before mentioned management, it may\nbe needed to send the data to the organisms responsible for said treatment,\nassociated companies and public administration (which may also verify the\ntruthfulness of the data).<\/p><p>Data Protection, and in the Organic Law 3\/2018, of December 5, of Protection of\nPersonal Data and Guarantee of Digital Rights.<br \/>HOSTAL MEXICO, S.L. as responsible of the Treatment Activities, guarantees the\nexercise of the rights of access, rectification, suppression, limitation, opposition and\nportability of the provided data, as disposed in the General Regulations (EU) 2016\/679\nof Data Protection, and in the Organic Law 3\/2018, of December 5, of Protection of\nPersonal Data and Guarantee of Digital Rights, the USER may also exert those rights at\nany moment, by sending a written document to the business address, adding a copy of\nhis ID or Passport.<\/p><p>HOSTAL MEXICO, S.L. guarantees that all commercial communication that it sends to\nits clients obeys the present regulations.<\/p><p>Because of that, following the Law 34\/2002 of services of society and information and\nelectronic market and the Law 9\/2014 of general telecom, the user is informed that\nHOSTAL MEXICO, S.L. may send by electronic means information about products and\nservices of interest to which you present your consent.<\/p><p>You may at any moment revoke this authorization in this email address\nrecepcion@hostalmexico.com<\/p><h4>COOKIES USE<\/h4><p>The user is now warned that this website employs cookies. Cookies are small text files\nthat are installed in the browser of the USER\u2019s computer in order to register its activity,\nsending an anonymous identification that is stored in that computer, with the\nobjective of allowing easier browsing, by, for example, providing access to the USERS\nthat have previously registered and the access to areas, services, promotions or\ncontests that are exclusive to them without having to register every time they try to\nget in. Cookies can also be used to measure audience, traffic and browsing parameters,\nsession duration, and\/or controlling the progress and amount of visits. HOSTAL\nMEXICO, S.L. will try to establish adequate mechanisms at all times to obtain the\nUSER\u2019s consent to install the cookies that may need installing. Despite this, law must\nbe taken into account, and according to it, it shall be understood that (I) the USER has\ngiven his consent if he modifies the configuration of the browser in a way that it\ndisables the restrictions that prevent the use of cookies and (II) said consent won\u2019t be\nnecessary for the installation of those cookies that are strictly necessary for providing\nservices that are expressly requested by the USER (by previously registering).<\/p><p>It may occur that some cookies used in this web site are not directly related to HOSTAL\nMEXICO, S.L. This is because some pages of the website have inserted content from\nthird-party websites (such as a YouTube video).<\/p><p>Because the aforementioned content comes from another website, HOSTAL MEXICO,\nS.L. doesn\u2019t control the configuration of said cookies. If you want to change your\ncookie configuration settings, you will have to check with those third party websites to\nobtain such information.<\/p><h4>INTELECTUAL AND INDUSTRIAL PROPERTY<\/h4><p>HOSTAL MEXICO, S.L. by itself or as assignee, is owner of all the rights over industrial\nand intellectual properties of his webpage, and also the elements contained in it (such\nas, but not limited to, images, sound, video, software or texts; brands or brand logos,\ncolour combinations, structure and design), strictly prohibiting its reproduction,\ndistribution and public communication, including the category of disposing the totality\nor part of the content and by any technical means, without the authorization of\nHOSTAL MEXICO, S.L. The USER commits to respect the rights of Intellectual and\nIndustrial Property of HOSTAL MEXICO, S.L. The USER must restrain from suppressing,\nchanging, eluding or manipulating any protection device or security system that may\nbe installed in the website.<\/p><p>The USER agrees to respect the Intellectual and Industrial Property rights owned by HOSTAL RESIDENCIA M\u00c9XICO, SL. The USER must refrain from removing, altering, bypassing, or manipulating any protection device or security system installed on the Website.<\/p><h4>EXCLUSION OF GUARANTY AND LIABILITY<\/h4><p>HOSTAL MEXICO, S.L. will not be responsible, in any case, of the costs and damages of\nany nature that may cause, such as, but not limited to: errors or omission of contents,\nlack of availability of the website or transmission or viruses or malware, despite having\nadopted the necessary technological means to avoid such.<\/p><p>Deficits of service in communication networks, problems resulting of malfunctioning or\nuse of non optimized versions of any browser, possible security errors that could occur\nor any damage that those deal to the USER\u2019s computer systems, or to the files or\ndocuments stored in it, as a consequence of the presence of a virus or malware in the\nUSER\u2019s computer used for the connection to the contents and services of the website,\ntelephone line failures, interferences, omission or disconnections in the operative\nfunctioning of the electronic systems motivated by causes external to HOSTAL MEXICO,\nS.L.; of the knowledge that any unauthorized third party may possess about the type,\nconditions, characteristics and access circumstances or use that the USERS may employ\nof the website and of its information and services. Of the negligent, illegitimate or\nillegal, fraudulent, contrary to the present General Terms, to good faith, to the general\naccepted uses or public order, of the website, its services or contents, on behalf of the\nUSERS.<\/p><h4>MODIFICATIONS<\/h4><p>HOSTAL MEXICO, S.L. holds the right to perform, without prior notice, any\nmodifications that it may consider convenient in the website, being able to change,\nsuppress or add either contents or services (or both) that are being given through it, or\nchange the way those appear presented or localized in its portal.<\/p><h4>LINKS<\/h4><p>In the event that in www.hostalmexico.com links or hyperlinks were displayed\ndirecting to other internet sites, HOSTAL MEXICO, S.L. won\u2019t exert any kind of control\nover said external sites or its contents, HOSTAL MEXICO, S.L. won\u2019t, under any\ncircumstance, assume responsibility of any kind over the contents of any link belonging\nto an external site, and neither will it guarantee the technical availability, quality,\nreliability, accuracy, range, truthfulness, validity and constitutionality of any material\nor information contained in any of said hyperlinks or other internet sites. In the same\nway, the presence of these external connections won\u2019t imply any kind of association,\nfusion or participation with the linked entities.<\/p><h4>RIGHT OF EXCLUSION<\/h4><p>HOSTAL MEXICO, S.L. holds the right to block the access of a USER if any hint of\nfraudulent use of the provided services appears, without the need of prior notification,\nby own or external motives, to the USERS that don\u2019t follow the present Terms of Use.<\/p><h4>GENERALITIES<\/h4><p>HOSTAL MEXICO, S.L. will pursue the unfulfilling of the present Terms of Use as well as\nany wrongful use of its portal by exerting all the criminal and civil measures that\nrightfully corresponds to it by right.<\/p><h4>MODIFICATION OF THE PRESENT TERMS AND DURATION<\/h4><p>HOSTAL MEXICO, S.L. can and may modify at any moment the hereby shown and\ndetermined conditions, publicly showing them in the same way they are shown here.\nThe validity of the cited conditions will remain accordingly to its exposition and will be\nvalid until others that will be made public too modify them.<\/p><h4>APLICABLE LEGISLATION AND JURISDICTION<\/h4><p>The relationship between HOSTAL MEXICO, S.L. and the USER will be regulated by\ncurrent Spanish legislation and any controversy will be taken to the Courts and\nTribunals of Santiago de Compostela.<\/p>\t\t\t\t\t\t\t\t<\/div>\n\t\t\t\t\t<\/div>\n\t\t\t\t<\/div>\n\t\t\t\t<\/div>","protected":false},"excerpt":{"rendered":"<p>Aviso Legal Datos identificativos En cumplimiento del deber de informaci\u00f3n recogido en el art\u00edculo 10 de la Ley 34\/2002, de 11 de julio, de Servicios de la Sociedad de la Informaci\u00f3n y del Comercio electr\u00f3nico, a continuaci\u00f3n se reflejan los siguientes datos: la empresa titular de www.hostalmexico.com es HOSTAL RESIDENCIA M\u00c9XICO, SL, con CIF B70995576<\/p>","protected":false},"author":5,"featured_media":0,"parent":0,"menu_order":0,"comment_status":"closed","ping_status":"closed","template":"","meta":{"inline_featured_image":false,"footnotes":""},"class_list":["post-1769","page","type-page","status-publish","hentry"],"yoast_head":"<!-- This site is optimized with the Yoast SEO plugin v26.0 - https:\/\/yoast.com\/wordpress\/plugins\/seo\/ -->\n<title>Aviso Legal - Hostal B&amp;B en Santiago de Compostela - Hostal M\u00e9xico<\/title>\n<meta name=\"robots\" content=\"noindex, nofollow\" \/>\n<meta property=\"og:locale\" content=\"en_US\" \/>\n<meta property=\"og:type\" content=\"article\" \/>\n<meta property=\"og:title\" content=\"Aviso Legal - Hostal B&amp;B en Santiago de Compostela - Hostal M\u00e9xico\" \/>\n<meta property=\"og:description\" content=\"Aviso Legal Datos identificativos En cumplimiento del deber de informaci\u00f3n recogido en el art\u00edculo 10 de la Ley 34\/2002, de 11 de julio, de Servicios de la Sociedad de la Informaci\u00f3n y del Comercio electr\u00f3nico, a continuaci\u00f3n se reflejan los siguientes datos: la empresa titular de www.hostalmexico.com es HOSTAL RESIDENCIA M\u00c9XICO, SL, con CIF B70995576\" \/>\n<meta property=\"og:url\" content=\"https:\/\/hostalmexico.com\/en\/aviso-legal\/\" \/>\n<meta property=\"og:site_name\" content=\"Hostal B&amp;B en Santiago de Compostela - Hostal M\u00e9xico\" \/>\n<meta property=\"article:publisher\" content=\"https:\/\/www.facebook.com\/hostal.mexico\" \/>\n<meta property=\"article:modified_time\" content=\"2025-09-30T13:28:04+00:00\" \/>\n<meta name=\"twitter:card\" content=\"summary_large_image\" \/>\n<meta name=\"twitter:site\" content=\"@hostalmexico\" \/>\n<meta name=\"twitter:label1\" content=\"Est. reading time\" \/>\n\t<meta name=\"twitter:data1\" content=\"9 minutes\" \/>\n<script type=\"application\/ld+json\" class=\"yoast-schema-graph\">{\"@context\":\"https:\/\/schema.org\",\"@graph\":[{\"@type\":\"WebPage\",\"@id\":\"https:\/\/hostalmexico.com\/aviso-legal\/\",\"url\":\"https:\/\/hostalmexico.com\/aviso-legal\/\",\"name\":\"Aviso Legal - Hostal B&amp;B en Santiago de Compostela - Hostal M\u00e9xico\",\"isPartOf\":{\"@id\":\"https:\/\/hostalmexico.com\/#website\"},\"datePublished\":\"2025-08-09T02:55:38+00:00\",\"dateModified\":\"2025-09-30T13:28:04+00:00\",\"breadcrumb\":{\"@id\":\"https:\/\/hostalmexico.com\/aviso-legal\/#breadcrumb\"},\"inLanguage\":\"en-US\",\"potentialAction\":[{\"@type\":\"ReadAction\",\"target\":[\"https:\/\/hostalmexico.com\/aviso-legal\/\"]}]},{\"@type\":\"BreadcrumbList\",\"@id\":\"https:\/\/hostalmexico.com\/aviso-legal\/#breadcrumb\",\"itemListElement\":[{\"@type\":\"ListItem\",\"position\":1,\"name\":\"Home\",\"item\":\"https:\/\/hostalmexico.com\/\"},{\"@type\":\"ListItem\",\"position\":2,\"name\":\"Aviso Legal\"}]},{\"@type\":\"WebSite\",\"@id\":\"https:\/\/hostalmexico.com\/#website\",\"url\":\"https:\/\/hostalmexico.com\/\",\"name\":\"Hostal B&B en Santiago de Compostela - Hostal M\u00e9xico\",\"description\":\"B&amp;B en el coraz\u00f3n de Santiago de Compostela\",\"potentialAction\":[{\"@type\":\"SearchAction\",\"target\":{\"@type\":\"EntryPoint\",\"urlTemplate\":\"https:\/\/hostalmexico.com\/?s={search_term_string}\"},\"query-input\":{\"@type\":\"PropertyValueSpecification\",\"valueRequired\":true,\"valueName\":\"search_term_string\"}}],\"inLanguage\":\"en-US\"}]}<\/script>\n<!-- \/ Yoast SEO plugin. -->","yoast_head_json":{"title":"Aviso Legal - Hostal B&amp;B en Santiago de Compostela - Hostal M\u00e9xico","robots":{"index":"noindex","follow":"nofollow"},"og_locale":"en_US","og_type":"article","og_title":"Aviso Legal - Hostal B&amp;B en Santiago de Compostela - Hostal M\u00e9xico","og_description":"Aviso Legal Datos identificativos En cumplimiento del deber de informaci\u00f3n recogido en el art\u00edculo 10 de la Ley 34\/2002, de 11 de julio, de Servicios de la Sociedad de la Informaci\u00f3n y del Comercio electr\u00f3nico, a continuaci\u00f3n se reflejan los siguientes datos: la empresa titular de www.hostalmexico.com es HOSTAL RESIDENCIA M\u00c9XICO, SL, con CIF B70995576","og_url":"https:\/\/hostalmexico.com\/en\/aviso-legal\/","og_site_name":"Hostal B&amp;B en Santiago de Compostela - Hostal M\u00e9xico","article_publisher":"https:\/\/www.facebook.com\/hostal.mexico","article_modified_time":"2025-09-30T13:28:04+00:00","twitter_card":"summary_large_image","twitter_site":"@hostalmexico","twitter_misc":{"Est. reading time":"9 minutes"},"schema":{"@context":"https:\/\/schema.org","@graph":[{"@type":"WebPage","@id":"https:\/\/hostalmexico.com\/aviso-legal\/","url":"https:\/\/hostalmexico.com\/aviso-legal\/","name":"Aviso Legal - Hostal B&amp;B en Santiago de Compostela - Hostal M\u00e9xico","isPartOf":{"@id":"https:\/\/hostalmexico.com\/#website"},"datePublished":"2025-08-09T02:55:38+00:00","dateModified":"2025-09-30T13:28:04+00:00","breadcrumb":{"@id":"https:\/\/hostalmexico.com\/aviso-legal\/#breadcrumb"},"inLanguage":"en-US","potentialAction":[{"@type":"ReadAction","target":["https:\/\/hostalmexico.com\/aviso-legal\/"]}]},{"@type":"BreadcrumbList","@id":"https:\/\/hostalmexico.com\/aviso-legal\/#breadcrumb","itemListElement":[{"@type":"ListItem","position":1,"name":"Home","item":"https:\/\/hostalmexico.com\/"},{"@type":"ListItem","position":2,"name":"Aviso Legal"}]},{"@type":"WebSite","@id":"https:\/\/hostalmexico.com\/#website","url":"https:\/\/hostalmexico.com\/","name":"Hostal B&B en Santiago de Compostela - Hostal M\u00e9xico","description":"B&amp;B en el coraz\u00f3n de Santiago de Compostela","potentialAction":[{"@type":"SearchAction","target":{"@type":"EntryPoint","urlTemplate":"https:\/\/hostalmexico.com\/?s={search_term_string}"},"query-input":{"@type":"PropertyValueSpecification","valueRequired":true,"valueName":"search_term_string"}}],"inLanguage":"en-US"}]}},"_links":{"self":[{"href":"https:\/\/hostalmexico.com\/en\/wp-json\/wp\/v2\/pages\/1769","targetHints":{"allow":["GET"]}}],"collection":[{"href":"https:\/\/hostalmexico.com\/en\/wp-json\/wp\/v2\/pages"}],"about":[{"href":"https:\/\/hostalmexico.com\/en\/wp-json\/wp\/v2\/types\/page"}],"author":[{"embeddable":true,"href":"https:\/\/hostalmexico.com\/en\/wp-json\/wp\/v2\/users\/5"}],"replies":[{"embeddable":true,"href":"https:\/\/hostalmexico.com\/en\/wp-json\/wp\/v2\/comments?post=1769"}],"version-history":[{"count":10,"href":"https:\/\/hostalmexico.com\/en\/wp-json\/wp\/v2\/pages\/1769\/revisions"}],"predecessor-version":[{"id":4706,"href":"https:\/\/hostalmexico.com\/en\/wp-json\/wp\/v2\/pages\/1769\/revisions\/4706"}],"wp:attachment":[{"href":"https:\/\/hostalmexico.com\/en\/wp-json\/wp\/v2\/media?parent=1769"}],"curies":[{"name":"wp","href":"https:\/\/api.w.org\/{rel}","templated":true}]}}