{"id":4176,"date":"2025-08-25T19:01:09","date_gmt":"2025-08-25T19:01:09","guid":{"rendered":"https:\/\/hostalmexico.com\/?page_id=4176"},"modified":"2025-09-30T15:22:29","modified_gmt":"2025-09-30T13:22:29","slug":"oferta-para-peregrinos-del-camino-de-santiago","status":"publish","type":"page","link":"https:\/\/hostalmexico.com\/en\/oferta-para-peregrinos-del-camino-de-santiago\/","title":{"rendered":"Offer for pilgrims on the Camino de Santiago"},"content":{"rendered":"<div data-elementor-type=\"wp-page\" data-elementor-id=\"4176\" class=\"elementor elementor-4176\" data-elementor-post-type=\"page\">\n\t\t\t\t<div class=\"elementor-element elementor-element-76533b0 e-flex e-con-boxed e-con e-parent\" data-id=\"76533b0\" data-element_type=\"container\">\n\t\t\t\t\t<div class=\"e-con-inner\">\n\t\t<div class=\"elementor-element elementor-element-7a687d1 e-con-full desayuno e-flex e-con e-child\" data-id=\"7a687d1\" data-element_type=\"container\">\n\t\t\t\t<div class=\"elementor-element elementor-element-4129c63 elementor-widget elementor-widget-image\" data-id=\"4129c63\" data-element_type=\"widget\" data-widget_type=\"image.default\">\n\t\t\t\t\t\t\t\t\t\t\t\t\t\t\t<img fetchpriority=\"high\" decoding=\"async\" width=\"1024\" height=\"489\" src=\"https:\/\/hostalmexico.com\/wp-content\/uploads\/2025\/08\/imgi_29_oferta-peregrinos-1024x489.jpg\" class=\"attachment-large size-large wp-image-1384\" alt=\"\" srcset=\"https:\/\/hostalmexico.com\/wp-content\/uploads\/2025\/08\/imgi_29_oferta-peregrinos-1024x489.jpg 1024w, https:\/\/hostalmexico.com\/wp-content\/uploads\/2025\/08\/imgi_29_oferta-peregrinos-600x287.jpg 600w, https:\/\/hostalmexico.com\/wp-content\/uploads\/2025\/08\/imgi_29_oferta-peregrinos-300x143.jpg 300w, https:\/\/hostalmexico.com\/wp-content\/uploads\/2025\/08\/imgi_29_oferta-peregrinos-768x367.jpg 768w, https:\/\/hostalmexico.com\/wp-content\/uploads\/2025\/08\/imgi_29_oferta-peregrinos-1536x734.jpg 1536w, https:\/\/hostalmexico.com\/wp-content\/uploads\/2025\/08\/imgi_29_oferta-peregrinos-370x177.jpg 370w, https:\/\/hostalmexico.com\/wp-content\/uploads\/2025\/08\/imgi_29_oferta-peregrinos.jpg 1900w\" sizes=\"(max-width: 1024px) 100vw, 1024px\" \/>\t\t\t\t\t\t\t\t\t\t\t\t\t\t\t<\/div>\n\t\t\t\t<div class=\"elementor-element elementor-element-41cd629 elementor-widget elementor-widget-text-editor\" data-id=\"41cd629\" data-element_type=\"widget\" data-widget_type=\"text-editor.default\">\n\t\t\t\t\t\t\t\t\t<p>EXCLUSIVE OFFER ONLY FOR PILGRIMS (IMPORTANT: You must show your official pilgrim\u2019s credential at arrival) (Only for online bookings made through our website)<\/p><p><strong>This offer includes:<\/strong><\/p>\t\t\t\t\t\t\t\t<\/div>\n\t\t\t\t<div class=\"elementor-element elementor-element-a7e458f elementor-position-left elementor-view-default elementor-mobile-position-top elementor-widget elementor-widget-icon-box\" data-id=\"a7e458f\" data-element_type=\"widget\" data-widget_type=\"icon-box.default\">\n\t\t\t\t\t\t\t<div class=\"elementor-icon-box-wrapper\">\n\n\t\t\t\t\t\t<div class=\"elementor-icon-box-icon\">\n\t\t\t\t<span  class=\"elementor-icon\">\n\t\t\t\t<svg xmlns=\"http:\/\/www.w3.org\/2000\/svg\" id=\"Capa_1\" viewbox=\"0 0 20 18\"><path d=\"M19.1.2c-1.1.6-2.8,1.7-3.9,2.5-2.2,1.7-4.2,3.6-5.7,5.6-.6.8-1,1.5-1.4,2.2l-.3.5-.2-.2c-.1-.1-.8-.9-1.5-1.7-.7-.8-1.3-1.5-1.4-1.6-.1,0-.4,0-2.4,0H.2s-.1.1-.1.1c-.2.2-.1.4,0,.7.1.1,2.1,2.3,4.4,4.9,2.5,2.7,4.3,4.7,4.4,4.7.2,0,.4,0,.5-.2,0,0,.1-.4.2-.8,1.2-4.6,3.7-9.1,7-13,.7-.8,1.9-2.1,2.7-2.7.3-.3.6-.6.6-.6,0-.1,0-.3,0-.4C19.9.1,19.7,0,19.6,0s-.3.1-.5.2Z\"><\/path><\/svg>\t\t\t\t<\/span>\n\t\t\t<\/div>\n\t\t\t\n\t\t\t\t\t\t<div class=\"elementor-icon-box-content\">\n\n\t\t\t\t\n\t\t\t\t\t\t\t\t\t<p class=\"elementor-icon-box-description\">\n\t\t\t\t\t\tExclusive Discount on our website using the Promotional Code: <b>PEREGRINOMX<\/b>\t\t\t\t\t<\/p>\n\t\t\t\t\n\t\t\t<\/div>\n\t\t\t\n\t\t<\/div>\n\t\t\t\t\t\t<\/div>\n\t\t\t\t<div class=\"elementor-element elementor-element-1ed89d0 elementor-position-left elementor-view-default elementor-mobile-position-top elementor-widget elementor-widget-icon-box\" data-id=\"1ed89d0\" data-element_type=\"widget\" data-widget_type=\"icon-box.default\">\n\t\t\t\t\t\t\t<div class=\"elementor-icon-box-wrapper\">\n\n\t\t\t\t\t\t<div class=\"elementor-icon-box-icon\">\n\t\t\t\t<span  class=\"elementor-icon\">\n\t\t\t\t<svg xmlns=\"http:\/\/www.w3.org\/2000\/svg\" id=\"Capa_1\" viewbox=\"0 0 20 18\"><path d=\"M19.1.2c-1.1.6-2.8,1.7-3.9,2.5-2.2,1.7-4.2,3.6-5.7,5.6-.6.8-1,1.5-1.4,2.2l-.3.5-.2-.2c-.1-.1-.8-.9-1.5-1.7-.7-.8-1.3-1.5-1.4-1.6-.1,0-.4,0-2.4,0H.2s-.1.1-.1.1c-.2.2-.1.4,0,.7.1.1,2.1,2.3,4.4,4.9,2.5,2.7,4.3,4.7,4.4,4.7.2,0,.4,0,.5-.2,0,0,.1-.4.2-.8,1.2-4.6,3.7-9.1,7-13,.7-.8,1.9-2.1,2.7-2.7.3-.3.6-.6.6-.6,0-.1,0-.3,0-.4C19.9.1,19.7,0,19.6,0s-.3.1-.5.2Z\"><\/path><\/svg>\t\t\t\t<\/span>\n\t\t\t<\/div>\n\t\t\t\n\t\t\t\t\t\t<div class=\"elementor-icon-box-content\">\n\n\t\t\t\t\n\t\t\t\t\t\t\t\t\t<p class=\"elementor-icon-box-description translation-block\">Space in our garage to store your bikes without cost (with video surveillance 24h).<\/p>\n\t\t\t\t\n\t\t\t<\/div>\n\t\t\t\n\t\t<\/div>\n\t\t\t\t\t\t<\/div>\n\t\t\t\t<div class=\"elementor-element elementor-element-6e7c471 elementor-position-left elementor-view-default elementor-mobile-position-top elementor-widget elementor-widget-icon-box\" data-id=\"6e7c471\" data-element_type=\"widget\" data-widget_type=\"icon-box.default\">\n\t\t\t\t\t\t\t<div class=\"elementor-icon-box-wrapper\">\n\n\t\t\t\t\t\t<div class=\"elementor-icon-box-icon\">\n\t\t\t\t<span  class=\"elementor-icon\">\n\t\t\t\t<svg xmlns=\"http:\/\/www.w3.org\/2000\/svg\" id=\"Capa_1\" viewbox=\"0 0 20 18\"><path d=\"M19.1.2c-1.1.6-2.8,1.7-3.9,2.5-2.2,1.7-4.2,3.6-5.7,5.6-.6.8-1,1.5-1.4,2.2l-.3.5-.2-.2c-.1-.1-.8-.9-1.5-1.7-.7-.8-1.3-1.5-1.4-1.6-.1,0-.4,0-2.4,0H.2s-.1.1-.1.1c-.2.2-.1.4,0,.7.1.1,2.1,2.3,4.4,4.9,2.5,2.7,4.3,4.7,4.4,4.7.2,0,.4,0,.5-.2,0,0,.1-.4.2-.8,1.2-4.6,3.7-9.1,7-13,.7-.8,1.9-2.1,2.7-2.7.3-.3.6-.6.6-.6,0-.1,0-.3,0-.4C19.9.1,19.7,0,19.6,0s-.3.1-.5.2Z\"><\/path><\/svg>\t\t\t\t<\/span>\n\t\t\t<\/div>\n\t\t\t\n\t\t\t\t\t\t<div class=\"elementor-icon-box-content\">\n\n\t\t\t\t\n\t\t\t\t\t\t\t\t\t<p class=\"elementor-icon-box-description\">\n\t\t\t\t\t\t<b>Free WIFI<\/b>\t\t\t\t\t<\/p>\n\t\t\t\t\n\t\t\t<\/div>\n\t\t\t\n\t\t<\/div>\n\t\t\t\t\t\t<\/div>\n\t\t\t\t<div class=\"elementor-element elementor-element-d52ddf1 elementor-position-left elementor-view-default elementor-mobile-position-top elementor-widget elementor-widget-icon-box\" data-id=\"d52ddf1\" data-element_type=\"widget\" data-widget_type=\"icon-box.default\">\n\t\t\t\t\t\t\t<div class=\"elementor-icon-box-wrapper\">\n\n\t\t\t\t\t\t<div class=\"elementor-icon-box-icon\">\n\t\t\t\t<span  class=\"elementor-icon\">\n\t\t\t\t<svg xmlns=\"http:\/\/www.w3.org\/2000\/svg\" id=\"Capa_1\" viewbox=\"0 0 20 18\"><path d=\"M19.1.2c-1.1.6-2.8,1.7-3.9,2.5-2.2,1.7-4.2,3.6-5.7,5.6-.6.8-1,1.5-1.4,2.2l-.3.5-.2-.2c-.1-.1-.8-.9-1.5-1.7-.7-.8-1.3-1.5-1.4-1.6-.1,0-.4,0-2.4,0H.2s-.1.1-.1.1c-.2.2-.1.4,0,.7.1.1,2.1,2.3,4.4,4.9,2.5,2.7,4.3,4.7,4.4,4.7.2,0,.4,0,.5-.2,0,0,.1-.4.2-.8,1.2-4.6,3.7-9.1,7-13,.7-.8,1.9-2.1,2.7-2.7.3-.3.6-.6.6-.6,0-.1,0-.3,0-.4C19.9.1,19.7,0,19.6,0s-.3.1-.5.2Z\"><\/path><\/svg>\t\t\t\t<\/span>\n\t\t\t<\/div>\n\t\t\t\n\t\t\t\t\t\t<div class=\"elementor-icon-box-content\">\n\n\t\t\t\t\n\t\t\t\t\t\t\t\t\t<p class=\"elementor-icon-box-description translation-block\">Free Luggage deposit to store your backpacks all the time you need before or after your stay.<\/p>\n\t\t\t\t\n\t\t\t<\/div>\n\t\t\t\n\t\t<\/div>\n\t\t\t\t\t\t<\/div>\n\t\t\t\t<div class=\"elementor-element elementor-element-df51e4c elementor-widget elementor-widget-hotelina_button\" data-id=\"df51e4c\" data-element_type=\"widget\" data-widget_type=\"hotelina_button.default\">\n\t\t\t\t<div class=\"elementor-widget-container\">\n\t\t\t\t\t\n        <div class=\"our-room-section\">\n            <div class=\"col-12 d-flex btnn-style\">\n                <a class=\"room-btn btn--primary eg-btn\" href=\"https:\/\/direct-book.com\/properties\/MXMexicoPRDirect?locale=es&#038;items%5B0%5D%5Badults%5D=2&#038;items%5B0%5D%5Bchildren%5D=0&#038;items%5B0%5D%5Binfants%5D=0&#038;currency=EUR&#038;checkInDate=2025-08-28&#038;checkOutDate=2025-08-29&#038;trackPage=yes\" target=\"_blank\">Book our \u201cOffer Peregrino\u201d online<\/a>\n            <\/div>\n        <\/div>\n\n\t\t\t\t<\/div>\n\t\t\t\t<\/div>\n\t\t<div class=\"elementor-element elementor-element-d1fc575 e-con-full e-flex e-con e-child\" data-id=\"d1fc575\" data-element_type=\"container\">\n\t\t\t\t<div class=\"elementor-element elementor-element-a6ddb98 elementor-widget elementor-widget-text-editor\" data-id=\"a6ddb98\" data-element_type=\"widget\" data-widget_type=\"text-editor.default\">\n\t\t\t\t\t\t\t\t\t<p><strong>Requirements for booking<\/strong><br \/>This offer will only be valid for bookings made through our website using the Promotional Code: PEREGRINOMX<\/p><p><strong>Cancellation Policy<\/strong><br \/>Free cancellation up to 24h before the date of arrival. If canceled later or in case of no-show at the hotel, the first night will be charged without the extras.<\/p><p><strong>Deposit<\/strong><br \/>No guarantee deposit. The credit\/debit card number is required but the card will not be debited.<\/p>\t\t\t\t\t\t\t\t<\/div>\n\t\t\t\t<\/div>\n\t\t\t\t<\/div>\n\t\t<div class=\"elementor-element elementor-element-c47f8a8 e-con-full e-flex e-con e-child\" data-id=\"c47f8a8\" data-element_type=\"container\">\n\t\t<div class=\"elementor-element elementor-element-a7c705b e-con-full e-flex e-con e-child\" data-id=\"a7c705b\" data-element_type=\"container\">\n\t\t\t\t<div class=\"elementor-element elementor-element-554e7f3 elementor-widget elementor-widget-text-editor\" data-id=\"554e7f3\" data-element_type=\"widget\" data-widget_type=\"text-editor.default\">\n\t\t\t\t\t\t\t\t\t<div class=\"reservas-sidebar\"><div class=\"blog-widget-title\"><h3>Book now<\/h3><\/div><p>\n\t\t<div class=\"searchbar-section formulario-columna\">\n\t\t<form id=\"AVP\" method=\"get\" action=\"https:\/\/direct-book.com\/properties\/MXMexicoPRDirect\" target=\"_blank\">\n\t\t\t<input type=\"hidden\" name=\"currency\" value=\"EUR\">\n\t\t\t<div class=\"multi-main-searchber\">\n\t\t\t\t<div class=\"row align-items-center\">\n\t\t\t\t\t<div class=\"col-12\">\n\t\t\t\t\t<div class=\"row gx-2 gy-4\">\n\t\t\t\t\t\t<div class=\"col-12\">\n\t\t\t\t\t\t\t<div class=\"searchbox-input date-picker-input\">\n\t\t\t\t\t\t\t\t<label>Check In<\/label>\n\t\t\t\t\t\t\t\t<input autocomplete=\"off\" value=\"27\/04\/2026\" type=\"text\" name=\"checkInDate\" id=\"datepicker-checkIn\" class=\"claender\">\n\t\t\t\t\t\t\t<\/div>\n\t\t\t\t\t\t<\/div>\n\t\t\t\t\t\t<div class=\"col-12\">\n\t\t\t\t\t\t\t<div class=\"searchbox-input date-picker-input\">\n\t\t\t\t\t\t\t\t<label>Check Out<\/label>\n\t\t\t\t\t\t\t\t<input autocomplete=\"off\" value=\"28\/04\/2026\" type=\"text\" name=\"checkOutDate\" id=\"datepicker-checkOut\" class=\"claender\">\n\t\t\t\t\t\t\t<\/div>\n\t\t\t\t\t\t<\/div>\n\n\t\t\t\t\t\t<div class=\"col-12 blog-widget-item widget_text\">\n\t\t\t\t\t\t    <div class=\"searchbox-input two three\">\n\t\t\t\t\t\t        <label>Adultos<\/label>\n\t\t\t\t\t\t        <select class=\"person-select\" name=\"items[0][adults]\">\n\t\t\t\t\t\t\t\t\t<option>1<\/option>\n\t\t\t\t\t\t\t\t\t<option>2<\/option>\n\t\t\t\t\t\t\t\t\t<option>3<\/option>\n\t\t\t\t\t\t        <\/select>\n\t\t\t\t\t\t    <\/div>\n\t\t\t\t\t\t<\/div>\n\t\t\t\t\t\t\n\t\t\t\t\t\t<div class=\"col-12\">\n\t\t\t\t\t\t\t<div class=\"searchbox-input\">\n\t\t\t\t\t\t\t\t<label>Promo Code<\/label>\n\t\t\t\t\t\t\t\t<input autocomplete=\"off\" placeholder=\"\" type=\"text\" name=\"promotion_code\" class=\"claender\">\n\t\t\t\t\t\t\t<\/div>\n\t\t\t\t\t\t<\/div>\n\n\n\t\t\t\t\t<\/div>\n\t\t\t\t\t<\/div>\n\t\t\t\t\t<div class=\"col-12 gy-4\">\n\t\t\t\t\t<div class=\"main-form-submit\">\n\t\t\t\t\t\t<button type=\"submit\" class=\"btn--primary eg-btn\">Book now<\/button>\n\t\t\t\t\t<\/div>\n\t\t\t\t\t<\/div>\n\t\t\t\t<\/div>\n\t\t\t<\/div>\n\t\t<\/form>\n\t\t<\/div>\n\n\t\t<script>\n\t\t\tjQuery(document).ready(function($){\n\n\t\t\t\tjQuery(function ($) {\n\t\t\t\t\/\/ Datepicker CheckIn\n\t\t\t\t$(\"#datepicker-checkIn\").datepicker({\n\t\t\t\t\tminDate: 0,\n\t\t\t\t\tdateFormat: \"dd\/mm\/yy\",\n\t\t\t\t\tonSelect: function () {\n\t\t\t\t\tconst checkInDate = $(this).datepicker(\"getDate\");\n\n\t\t\t\t\t\/\/ Forzar formato\n\t\t\t\t\tconst formattedCheckIn = $.datepicker.formatDate(\"dd\/mm\/yy\", checkInDate);\n\t\t\t\t\t$(this).val(formattedCheckIn);\n\n\t\t\t\t\t\/\/ \u2795 Sumamos 1 d\u00eda\n\t\t\t\t\tconst nextDay = new Date(checkInDate);\n\t\t\t\t\tnextDay.setDate(nextDay.getDate() + 1);\n\n\t\t\t\t\t\/\/ Actualizar checkOut\n\t\t\t\t\tconst formattedNext = $.datepicker.formatDate(\"dd\/mm\/yy\", nextDay);\n\t\t\t\t\t$(\"#datepicker-checkOut\").val(formattedNext);\n\t\t\t\t\t$(\"#datepicker-checkOut\").datepicker(\"option\", \"minDate\", nextDay);\n\t\t\t\t\t}\n\t\t\t\t});\n\n\t\t\t\t\/\/ Datepicker CheckOut\n\t\t\t\t$(\"#datepicker-checkOut\").datepicker({\n\t\t\t\t\tminDate: 1,\n\t\t\t\t\tdateFormat: \"dd\/mm\/yy\",\n\t\t\t\t\tonSelect: function () {\n\t\t\t\t\tconst checkInDate = $(\"#datepicker-checkIn\").datepicker(\"getDate\");\n\t\t\t\t\tconst checkOutDate = $(this).datepicker(\"getDate\");\n\n\t\t\t\t\t\/\/ Si check-out \u2264 check-in \u2192 corregir a check-in + 1 d\u00eda\n\t\t\t\t\tif (checkInDate && checkOutDate <= checkInDate) {\n\t\t\t\t\t\tconst corrected = new Date(checkInDate);\n\t\t\t\t\t\tcorrected.setDate(corrected.getDate() + 1);\n\n\t\t\t\t\t\tconst formattedCorrected = $.datepicker.formatDate(\"dd\/mm\/yy\", corrected);\n\t\t\t\t\t\t$(this).val(formattedCorrected);\n\t\t\t\t\t\t$(this).datepicker(\"setDate\", corrected);\n\t\t\t\t\t}\n\t\t\t\t\t}\n\t\t\t\t});\n\t\t\t\t});\n\n\n\t\t\t});\n\n\t\t<\/script>\n\n\t<\/p><\/div>\t\t\t\t\t\t\t\t<\/div>\n\t\t\t\t<\/div>\n\t\t<div class=\"elementor-element elementor-element-12ffe4e e-con-full banner-ofertas e-flex e-con e-child\" data-id=\"12ffe4e\" data-element_type=\"container\" data-settings=\"{&quot;background_background&quot;:&quot;classic&quot;}\">\n\t\t\t\t<div class=\"elementor-element elementor-element-22eeb60 elementor-widget elementor-widget-heading\" data-id=\"22eeb60\" data-element_type=\"widget\" data-widget_type=\"heading.default\">\n\t\t\t\t\t<h3 class=\"elementor-heading-title elementor-size-default\">Website booking discounts<\/h3>\t\t\t\t<\/div>\n\t\t\t\t<div class=\"elementor-element elementor-element-bf8fcd1 elementor-widget elementor-widget-heading\" data-id=\"bf8fcd1\" data-element_type=\"widget\" data-widget_type=\"heading.default\">\n\t\t\t\t\t<p class=\"elementor-heading-title elementor-size-default\">Promo Code<\/p>\t\t\t\t<\/div>\n\t\t\t\t<div class=\"elementor-element elementor-element-70cc3dd elementor-widget elementor-widget-heading\" data-id=\"70cc3dd\" data-element_type=\"widget\" data-widget_type=\"heading.default\">\n\t\t\t\t\t<h4 class=\"elementor-heading-title elementor-size-default\">PROMOMX<\/h4>\t\t\t\t<\/div>\n\t\t\t\t<\/div>\n\t\t<div class=\"elementor-element elementor-element-753c5e9 e-con-full banner-ofertas e-flex e-con e-child\" data-id=\"753c5e9\" data-element_type=\"container\" data-settings=\"{&quot;background_background&quot;:&quot;classic&quot;}\">\n\t\t\t\t<div class=\"elementor-element elementor-element-b837ef0 elementor-widget elementor-widget-heading\" data-id=\"b837ef0\" data-element_type=\"widget\" data-widget_type=\"heading.default\">\n\t\t\t\t\t<h3 class=\"elementor-heading-title elementor-size-default\">Best online conditions<\/h3>\t\t\t\t<\/div>\n\t\t\t\t<\/div>\n\t\t\t\t<\/div>\n\t\t\t\t\t<\/div>\n\t\t\t\t<\/div>\n\t\t\t\t<\/div>","protected":false},"excerpt":{"rendered":"<p>OFERTA EXCLUSIVA WEB SOLO PARA PEREGRINOS (IMPORTANTE: Deber\u00e1 presentarse la Credencial o Pasaporte Oficial del Peregrino a la llegada). (Solo para reservas on-line a trav\u00e9s de nuestra p\u00e1gina web). Con esta Oferta los Peregrinos tendr\u00e1n: Descuento Exclusivo en nuestra p\u00e1gina web utilizando el C\u00f3digo Promocional: PEREGRINOMX Espacio en nuestro garaje para guardar sus bicicletas sin<\/p>","protected":false},"author":5,"featured_media":0,"parent":0,"menu_order":0,"comment_status":"closed","ping_status":"closed","template":"","meta":{"inline_featured_image":false,"footnotes":""},"class_list":["post-4176","page","type-page","status-publish","hentry"],"yoast_head":"<!-- This site is optimized with the Yoast SEO plugin v26.0 - https:\/\/yoast.com\/wordpress\/plugins\/seo\/ -->\n<title>Oferta para Peregrinos del Camino de Santiago - Hostal B&amp;B en Santiago de Compostela - Hostal M\u00e9xico<\/title>\n<meta name=\"robots\" content=\"index, follow, max-snippet:-1, max-image-preview:large, max-video-preview:-1\" \/>\n<link rel=\"canonical\" href=\"https:\/\/hostalmexico.com\/en\/oferta-para-peregrinos-del-camino-de-santiago\/\" \/>\n<meta property=\"og:locale\" content=\"en_US\" \/>\n<meta property=\"og:type\" content=\"article\" \/>\n<meta property=\"og:title\" content=\"Oferta para Peregrinos del Camino de Santiago - Hostal B&amp;B en Santiago de Compostela - Hostal M\u00e9xico\" \/>\n<meta property=\"og:description\" content=\"OFERTA EXCLUSIVA WEB SOLO PARA PEREGRINOS (IMPORTANTE: Deber\u00e1 presentarse la Credencial o Pasaporte Oficial del Peregrino a la llegada). (Solo para reservas on-line a trav\u00e9s de nuestra p\u00e1gina web). Con esta Oferta los Peregrinos tendr\u00e1n: Descuento Exclusivo en nuestra p\u00e1gina web utilizando el C\u00f3digo Promocional: PEREGRINOMX Espacio en nuestro garaje para guardar sus bicicletas sin\" \/>\n<meta property=\"og:url\" content=\"https:\/\/hostalmexico.com\/en\/oferta-para-peregrinos-del-camino-de-santiago\/\" \/>\n<meta property=\"og:site_name\" content=\"Hostal B&amp;B en Santiago de Compostela - Hostal M\u00e9xico\" \/>\n<meta property=\"article:publisher\" content=\"https:\/\/www.facebook.com\/hostal.mexico\" \/>\n<meta property=\"article:modified_time\" content=\"2025-09-30T13:22:29+00:00\" \/>\n<meta property=\"og:image\" content=\"https:\/\/hostalmexico.com\/wp-content\/uploads\/2025\/08\/imgi_29_oferta-peregrinos-1024x489.jpg\" \/>\n<meta name=\"twitter:card\" content=\"summary_large_image\" \/>\n<meta name=\"twitter:site\" content=\"@hostalmexico\" \/>\n<meta name=\"twitter:label1\" content=\"Est. reading time\" \/>\n\t<meta name=\"twitter:data1\" content=\"2 minutes\" \/>\n<script type=\"application\/ld+json\" class=\"yoast-schema-graph\">{\"@context\":\"https:\/\/schema.org\",\"@graph\":[{\"@type\":\"WebPage\",\"@id\":\"https:\/\/hostalmexico.com\/oferta-para-peregrinos-del-camino-de-santiago\/\",\"url\":\"https:\/\/hostalmexico.com\/oferta-para-peregrinos-del-camino-de-santiago\/\",\"name\":\"Oferta para Peregrinos del Camino de Santiago - Hostal B&amp;B en Santiago de Compostela - Hostal M\u00e9xico\",\"isPartOf\":{\"@id\":\"https:\/\/hostalmexico.com\/#website\"},\"primaryImageOfPage\":{\"@id\":\"https:\/\/hostalmexico.com\/oferta-para-peregrinos-del-camino-de-santiago\/#primaryimage\"},\"image\":{\"@id\":\"https:\/\/hostalmexico.com\/oferta-para-peregrinos-del-camino-de-santiago\/#primaryimage\"},\"thumbnailUrl\":\"https:\/\/hostalmexico.com\/wp-content\/uploads\/2025\/08\/imgi_29_oferta-peregrinos-1024x489.jpg\",\"datePublished\":\"2025-08-25T19:01:09+00:00\",\"dateModified\":\"2025-09-30T13:22:29+00:00\",\"breadcrumb\":{\"@id\":\"https:\/\/hostalmexico.com\/oferta-para-peregrinos-del-camino-de-santiago\/#breadcrumb\"},\"inLanguage\":\"en-US\",\"potentialAction\":[{\"@type\":\"ReadAction\",\"target\":[\"https:\/\/hostalmexico.com\/oferta-para-peregrinos-del-camino-de-santiago\/\"]}]},{\"@type\":\"ImageObject\",\"inLanguage\":\"en-US\",\"@id\":\"https:\/\/hostalmexico.com\/oferta-para-peregrinos-del-camino-de-santiago\/#primaryimage\",\"url\":\"https:\/\/hostalmexico.com\/wp-content\/uploads\/2025\/08\/imgi_29_oferta-peregrinos-1024x489.jpg\",\"contentUrl\":\"https:\/\/hostalmexico.com\/wp-content\/uploads\/2025\/08\/imgi_29_oferta-peregrinos-1024x489.jpg\"},{\"@type\":\"BreadcrumbList\",\"@id\":\"https:\/\/hostalmexico.com\/oferta-para-peregrinos-del-camino-de-santiago\/#breadcrumb\",\"itemListElement\":[{\"@type\":\"ListItem\",\"position\":1,\"name\":\"Home\",\"item\":\"https:\/\/hostalmexico.com\/\"},{\"@type\":\"ListItem\",\"position\":2,\"name\":\"Oferta para Peregrinos del Camino de Santiago\"}]},{\"@type\":\"WebSite\",\"@id\":\"https:\/\/hostalmexico.com\/#website\",\"url\":\"https:\/\/hostalmexico.com\/\",\"name\":\"Hostal B&B en Santiago de Compostela - Hostal M\u00e9xico\",\"description\":\"B&amp;B en el coraz\u00f3n de Santiago de Compostela\",\"potentialAction\":[{\"@type\":\"SearchAction\",\"target\":{\"@type\":\"EntryPoint\",\"urlTemplate\":\"https:\/\/hostalmexico.com\/?s={search_term_string}\"},\"query-input\":{\"@type\":\"PropertyValueSpecification\",\"valueRequired\":true,\"valueName\":\"search_term_string\"}}],\"inLanguage\":\"en-US\"}]}<\/script>\n<!-- \/ Yoast SEO plugin. -->","yoast_head_json":{"title":"Oferta para Peregrinos del Camino de Santiago - Hostal B&amp;B en Santiago de Compostela - Hostal M\u00e9xico","robots":{"index":"index","follow":"follow","max-snippet":"max-snippet:-1","max-image-preview":"max-image-preview:large","max-video-preview":"max-video-preview:-1"},"canonical":"https:\/\/hostalmexico.com\/en\/oferta-para-peregrinos-del-camino-de-santiago\/","og_locale":"en_US","og_type":"article","og_title":"Oferta para Peregrinos del Camino de Santiago - Hostal B&amp;B en Santiago de Compostela - Hostal M\u00e9xico","og_description":"OFERTA EXCLUSIVA WEB SOLO PARA PEREGRINOS (IMPORTANTE: Deber\u00e1 presentarse la Credencial o Pasaporte Oficial del Peregrino a la llegada). (Solo para reservas on-line a trav\u00e9s de nuestra p\u00e1gina web). Con esta Oferta los Peregrinos tendr\u00e1n: Descuento Exclusivo en nuestra p\u00e1gina web utilizando el C\u00f3digo Promocional: PEREGRINOMX Espacio en nuestro garaje para guardar sus bicicletas sin","og_url":"https:\/\/hostalmexico.com\/en\/oferta-para-peregrinos-del-camino-de-santiago\/","og_site_name":"Hostal B&amp;B en Santiago de Compostela - Hostal M\u00e9xico","article_publisher":"https:\/\/www.facebook.com\/hostal.mexico","article_modified_time":"2025-09-30T13:22:29+00:00","og_image":[{"url":"https:\/\/hostalmexico.com\/wp-content\/uploads\/2025\/08\/imgi_29_oferta-peregrinos-1024x489.jpg","type":"","width":"","height":""}],"twitter_card":"summary_large_image","twitter_site":"@hostalmexico","twitter_misc":{"Est. reading time":"2 minutes"},"schema":{"@context":"https:\/\/schema.org","@graph":[{"@type":"WebPage","@id":"https:\/\/hostalmexico.com\/oferta-para-peregrinos-del-camino-de-santiago\/","url":"https:\/\/hostalmexico.com\/oferta-para-peregrinos-del-camino-de-santiago\/","name":"Oferta para Peregrinos del Camino de Santiago - Hostal B&amp;B en Santiago de Compostela - Hostal M\u00e9xico","isPartOf":{"@id":"https:\/\/hostalmexico.com\/#website"},"primaryImageOfPage":{"@id":"https:\/\/hostalmexico.com\/oferta-para-peregrinos-del-camino-de-santiago\/#primaryimage"},"image":{"@id":"https:\/\/hostalmexico.com\/oferta-para-peregrinos-del-camino-de-santiago\/#primaryimage"},"thumbnailUrl":"https:\/\/hostalmexico.com\/wp-content\/uploads\/2025\/08\/imgi_29_oferta-peregrinos-1024x489.jpg","datePublished":"2025-08-25T19:01:09+00:00","dateModified":"2025-09-30T13:22:29+00:00","breadcrumb":{"@id":"https:\/\/hostalmexico.com\/oferta-para-peregrinos-del-camino-de-santiago\/#breadcrumb"},"inLanguage":"en-US","potentialAction":[{"@type":"ReadAction","target":["https:\/\/hostalmexico.com\/oferta-para-peregrinos-del-camino-de-santiago\/"]}]},{"@type":"ImageObject","inLanguage":"en-US","@id":"https:\/\/hostalmexico.com\/oferta-para-peregrinos-del-camino-de-santiago\/#primaryimage","url":"https:\/\/hostalmexico.com\/wp-content\/uploads\/2025\/08\/imgi_29_oferta-peregrinos-1024x489.jpg","contentUrl":"https:\/\/hostalmexico.com\/wp-content\/uploads\/2025\/08\/imgi_29_oferta-peregrinos-1024x489.jpg"},{"@type":"BreadcrumbList","@id":"https:\/\/hostalmexico.com\/oferta-para-peregrinos-del-camino-de-santiago\/#breadcrumb","itemListElement":[{"@type":"ListItem","position":1,"name":"Home","item":"https:\/\/hostalmexico.com\/"},{"@type":"ListItem","position":2,"name":"Oferta para Peregrinos del Camino de Santiago"}]},{"@type":"WebSite","@id":"https:\/\/hostalmexico.com\/#website","url":"https:\/\/hostalmexico.com\/","name":"Hostal B&B en Santiago de Compostela - Hostal M\u00e9xico","description":"B&amp;B en el coraz\u00f3n de Santiago de Compostela","potentialAction":[{"@type":"SearchAction","target":{"@type":"EntryPoint","urlTemplate":"https:\/\/hostalmexico.com\/?s={search_term_string}"},"query-input":{"@type":"PropertyValueSpecification","valueRequired":true,"valueName":"search_term_string"}}],"inLanguage":"en-US"}]}},"_links":{"self":[{"href":"https:\/\/hostalmexico.com\/en\/wp-json\/wp\/v2\/pages\/4176","targetHints":{"allow":["GET"]}}],"collection":[{"href":"https:\/\/hostalmexico.com\/en\/wp-json\/wp\/v2\/pages"}],"about":[{"href":"https:\/\/hostalmexico.com\/en\/wp-json\/wp\/v2\/types\/page"}],"author":[{"embeddable":true,"href":"https:\/\/hostalmexico.com\/en\/wp-json\/wp\/v2\/users\/5"}],"replies":[{"embeddable":true,"href":"https:\/\/hostalmexico.com\/en\/wp-json\/wp\/v2\/comments?post=4176"}],"version-history":[{"count":19,"href":"https:\/\/hostalmexico.com\/en\/wp-json\/wp\/v2\/pages\/4176\/revisions"}],"predecessor-version":[{"id":4754,"href":"https:\/\/hostalmexico.com\/en\/wp-json\/wp\/v2\/pages\/4176\/revisions\/4754"}],"wp:attachment":[{"href":"https:\/\/hostalmexico.com\/en\/wp-json\/wp\/v2\/media?parent=4176"}],"curies":[{"name":"wp","href":"https:\/\/api.w.org\/{rel}","templated":true}]}}