{"id":4178,"date":"2025-08-25T19:01:31","date_gmt":"2025-08-25T19:01:31","guid":{"rendered":"https:\/\/hostalmexico.com\/?page_id=4178"},"modified":"2025-09-30T15:22:41","modified_gmt":"2025-09-30T13:22:41","slug":"estancia-minima-3-dias","status":"publish","type":"page","link":"https:\/\/hostalmexico.com\/en\/estancia-minima-3-dias\/","title":{"rendered":"Minimum 3 nights (5% discount)"},"content":{"rendered":"<div data-elementor-type=\"wp-page\" data-elementor-id=\"4178\" class=\"elementor elementor-4178\" data-elementor-post-type=\"page\">\n\t\t\t\t<div class=\"elementor-element elementor-element-ac0dd97 e-flex e-con-boxed e-con e-parent\" data-id=\"ac0dd97\" data-element_type=\"container\">\n\t\t\t\t\t<div class=\"e-con-inner\">\n\t\t<div class=\"elementor-element elementor-element-64550e2 e-con-full desayuno e-flex e-con e-child\" data-id=\"64550e2\" data-element_type=\"container\">\n\t\t\t\t<div class=\"elementor-element elementor-element-ffa3266 elementor-widget elementor-widget-image\" data-id=\"ffa3266\" data-element_type=\"widget\" data-widget_type=\"image.default\">\n\t\t\t\t\t\t\t\t\t\t\t\t\t\t\t<img fetchpriority=\"high\" decoding=\"async\" width=\"1024\" height=\"485\" src=\"https:\/\/hostalmexico.com\/wp-content\/uploads\/2025\/08\/imgi_30_oferta-especial-1024x485.jpg\" class=\"attachment-large size-large wp-image-1382\" alt=\"\" srcset=\"https:\/\/hostalmexico.com\/wp-content\/uploads\/2025\/08\/imgi_30_oferta-especial-1024x485.jpg 1024w, https:\/\/hostalmexico.com\/wp-content\/uploads\/2025\/08\/imgi_30_oferta-especial-600x284.jpg 600w, https:\/\/hostalmexico.com\/wp-content\/uploads\/2025\/08\/imgi_30_oferta-especial-300x142.jpg 300w, https:\/\/hostalmexico.com\/wp-content\/uploads\/2025\/08\/imgi_30_oferta-especial-768x364.jpg 768w, https:\/\/hostalmexico.com\/wp-content\/uploads\/2025\/08\/imgi_30_oferta-especial-1536x728.jpg 1536w, https:\/\/hostalmexico.com\/wp-content\/uploads\/2025\/08\/imgi_30_oferta-especial-370x175.jpg 370w, https:\/\/hostalmexico.com\/wp-content\/uploads\/2025\/08\/imgi_30_oferta-especial.jpg 1900w\" sizes=\"(max-width: 1024px) 100vw, 1024px\" \/>\t\t\t\t\t\t\t\t\t\t\t\t\t\t\t<\/div>\n\t\t\t\t<div class=\"elementor-element elementor-element-f0d1c6d elementor-widget elementor-widget-text-editor\" data-id=\"f0d1c6d\" data-element_type=\"widget\" data-widget_type=\"text-editor.default\">\n\t\t\t\t\t\t\t\t\t<p>Benefit from our 5% discount in stays over 3 days by booking through our website.\u00a0<\/p>\t\t\t\t\t\t\t\t<\/div>\n\t\t\t\t<div class=\"elementor-element elementor-element-d69ded7 elementor-widget elementor-widget-hotelina_button\" data-id=\"d69ded7\" data-element_type=\"widget\" data-widget_type=\"hotelina_button.default\">\n\t\t\t\t<div class=\"elementor-widget-container\">\n\t\t\t\t\t\n        <div class=\"our-room-section\">\n            <div class=\"col-12 d-flex btnn-style\">\n                <a class=\"room-btn btn--primary eg-btn\" href=\"https:\/\/direct-book.com\/properties\/MXMexicoPRDirect?locale=es&#038;items%5B0%5D%5Badults%5D=2&#038;items%5B0%5D%5Bchildren%5D=0&#038;items%5B0%5D%5Binfants%5D=0&#038;currency=EUR&#038;checkInDate=2025-08-28&#038;checkOutDate=2025-08-29&#038;trackPage=yes\" target=\"_blank\">Check availability.<\/a>\n            <\/div>\n        <\/div>\n\n\t\t\t\t<\/div>\n\t\t\t\t<\/div>\n\t\t\t\t<\/div>\n\t\t<div class=\"elementor-element elementor-element-7a019b0 e-con-full e-flex e-con e-child\" data-id=\"7a019b0\" data-element_type=\"container\">\n\t\t<div class=\"elementor-element elementor-element-f2da1f1 e-con-full e-flex e-con e-child\" data-id=\"f2da1f1\" data-element_type=\"container\">\n\t\t\t\t<div class=\"elementor-element elementor-element-1f1bace elementor-widget elementor-widget-text-editor\" data-id=\"1f1bace\" data-element_type=\"widget\" data-widget_type=\"text-editor.default\">\n\t\t\t\t\t\t\t\t\t<div class=\"reservas-sidebar\"><div class=\"blog-widget-title\"><h3>Book now<\/h3><\/div><p>\n\t\t<div class=\"searchbar-section formulario-columna\">\n\t\t<form id=\"AVP\" method=\"get\" action=\"https:\/\/direct-book.com\/properties\/MXMexicoPRDirect\" target=\"_blank\">\n\t\t\t<input type=\"hidden\" name=\"currency\" value=\"EUR\">\n\t\t\t<div class=\"multi-main-searchber\">\n\t\t\t\t<div class=\"row align-items-center\">\n\t\t\t\t\t<div class=\"col-12\">\n\t\t\t\t\t<div class=\"row gx-2 gy-4\">\n\t\t\t\t\t\t<div class=\"col-12\">\n\t\t\t\t\t\t\t<div class=\"searchbox-input date-picker-input\">\n\t\t\t\t\t\t\t\t<label>Check In<\/label>\n\t\t\t\t\t\t\t\t<input autocomplete=\"off\" value=\"06\/04\/2026\" type=\"text\" name=\"checkInDate\" id=\"datepicker-checkIn\" class=\"claender\">\n\t\t\t\t\t\t\t<\/div>\n\t\t\t\t\t\t<\/div>\n\t\t\t\t\t\t<div class=\"col-12\">\n\t\t\t\t\t\t\t<div class=\"searchbox-input date-picker-input\">\n\t\t\t\t\t\t\t\t<label>Check Out<\/label>\n\t\t\t\t\t\t\t\t<input autocomplete=\"off\" value=\"07\/04\/2026\" type=\"text\" name=\"checkOutDate\" id=\"datepicker-checkOut\" class=\"claender\">\n\t\t\t\t\t\t\t<\/div>\n\t\t\t\t\t\t<\/div>\n\n\t\t\t\t\t\t<div class=\"col-12 blog-widget-item widget_text\">\n\t\t\t\t\t\t    <div class=\"searchbox-input two three\">\n\t\t\t\t\t\t        <label>Adultos<\/label>\n\t\t\t\t\t\t        <select class=\"person-select\" name=\"items[0][adults]\">\n\t\t\t\t\t\t\t\t\t<option>1<\/option>\n\t\t\t\t\t\t\t\t\t<option>2<\/option>\n\t\t\t\t\t\t\t\t\t<option>3<\/option>\n\t\t\t\t\t\t        <\/select>\n\t\t\t\t\t\t    <\/div>\n\t\t\t\t\t\t<\/div>\n\t\t\t\t\t\t\n\t\t\t\t\t\t<div class=\"col-12\">\n\t\t\t\t\t\t\t<div class=\"searchbox-input\">\n\t\t\t\t\t\t\t\t<label>Promo Code<\/label>\n\t\t\t\t\t\t\t\t<input autocomplete=\"off\" placeholder=\"\" type=\"text\" name=\"promotion_code\" class=\"claender\">\n\t\t\t\t\t\t\t<\/div>\n\t\t\t\t\t\t<\/div>\n\n\n\t\t\t\t\t<\/div>\n\t\t\t\t\t<\/div>\n\t\t\t\t\t<div class=\"col-12 gy-4\">\n\t\t\t\t\t<div class=\"main-form-submit\">\n\t\t\t\t\t\t<button type=\"submit\" class=\"btn--primary eg-btn\">Book now<\/button>\n\t\t\t\t\t<\/div>\n\t\t\t\t\t<\/div>\n\t\t\t\t<\/div>\n\t\t\t<\/div>\n\t\t<\/form>\n\t\t<\/div>\n\n\t\t<script>\n\t\t\tjQuery(document).ready(function($){\n\n\t\t\t\tjQuery(function ($) {\n\t\t\t\t\/\/ Datepicker CheckIn\n\t\t\t\t$(\"#datepicker-checkIn\").datepicker({\n\t\t\t\t\tminDate: 0,\n\t\t\t\t\tdateFormat: \"dd\/mm\/yy\",\n\t\t\t\t\tonSelect: function () {\n\t\t\t\t\tconst checkInDate = $(this).datepicker(\"getDate\");\n\n\t\t\t\t\t\/\/ Forzar formato\n\t\t\t\t\tconst formattedCheckIn = $.datepicker.formatDate(\"dd\/mm\/yy\", checkInDate);\n\t\t\t\t\t$(this).val(formattedCheckIn);\n\n\t\t\t\t\t\/\/ \u2795 Sumamos 1 d\u00eda\n\t\t\t\t\tconst nextDay = new Date(checkInDate);\n\t\t\t\t\tnextDay.setDate(nextDay.getDate() + 1);\n\n\t\t\t\t\t\/\/ Actualizar checkOut\n\t\t\t\t\tconst formattedNext = $.datepicker.formatDate(\"dd\/mm\/yy\", nextDay);\n\t\t\t\t\t$(\"#datepicker-checkOut\").val(formattedNext);\n\t\t\t\t\t$(\"#datepicker-checkOut\").datepicker(\"option\", \"minDate\", nextDay);\n\t\t\t\t\t}\n\t\t\t\t});\n\n\t\t\t\t\/\/ Datepicker CheckOut\n\t\t\t\t$(\"#datepicker-checkOut\").datepicker({\n\t\t\t\t\tminDate: 1,\n\t\t\t\t\tdateFormat: \"dd\/mm\/yy\",\n\t\t\t\t\tonSelect: function () {\n\t\t\t\t\tconst checkInDate = $(\"#datepicker-checkIn\").datepicker(\"getDate\");\n\t\t\t\t\tconst checkOutDate = $(this).datepicker(\"getDate\");\n\n\t\t\t\t\t\/\/ Si check-out \u2264 check-in \u2192 corregir a check-in + 1 d\u00eda\n\t\t\t\t\tif (checkInDate && checkOutDate <= checkInDate) {\n\t\t\t\t\t\tconst corrected = new Date(checkInDate);\n\t\t\t\t\t\tcorrected.setDate(corrected.getDate() + 1);\n\n\t\t\t\t\t\tconst formattedCorrected = $.datepicker.formatDate(\"dd\/mm\/yy\", corrected);\n\t\t\t\t\t\t$(this).val(formattedCorrected);\n\t\t\t\t\t\t$(this).datepicker(\"setDate\", corrected);\n\t\t\t\t\t}\n\t\t\t\t\t}\n\t\t\t\t});\n\t\t\t\t});\n\n\n\t\t\t});\n\n\t\t<\/script>\n\n\t<\/p><\/div>\t\t\t\t\t\t\t\t<\/div>\n\t\t\t\t<\/div>\n\t\t<div class=\"elementor-element elementor-element-7be35fb e-con-full banner-ofertas e-flex e-con e-child\" data-id=\"7be35fb\" data-element_type=\"container\" data-settings=\"{&quot;background_background&quot;:&quot;classic&quot;}\">\n\t\t\t\t<div class=\"elementor-element elementor-element-cb0123b elementor-widget elementor-widget-heading\" data-id=\"cb0123b\" data-element_type=\"widget\" data-widget_type=\"heading.default\">\n\t\t\t\t\t<h3 class=\"elementor-heading-title elementor-size-default\">Best online conditions<\/h3>\t\t\t\t<\/div>\n\t\t\t\t<\/div>\n\t\t<div class=\"elementor-element elementor-element-fa9c27a e-con-full banner-ofertas e-flex e-con e-child\" data-id=\"fa9c27a\" data-element_type=\"container\" data-settings=\"{&quot;background_background&quot;:&quot;classic&quot;}\">\n\t\t\t\t<div class=\"elementor-element elementor-element-4e78a10 elementor-widget elementor-widget-heading\" data-id=\"4e78a10\" data-element_type=\"widget\" data-widget_type=\"heading.default\">\n\t\t\t\t\t<h3 class=\"elementor-heading-title elementor-size-default\">Website booking discounts<\/h3>\t\t\t\t<\/div>\n\t\t\t\t<div class=\"elementor-element elementor-element-2ad4873 elementor-widget elementor-widget-heading\" data-id=\"2ad4873\" data-element_type=\"widget\" data-widget_type=\"heading.default\">\n\t\t\t\t\t<p class=\"elementor-heading-title elementor-size-default\">Promo Code<\/p>\t\t\t\t<\/div>\n\t\t\t\t<div class=\"elementor-element elementor-element-ca67cb5 elementor-widget elementor-widget-heading\" data-id=\"ca67cb5\" data-element_type=\"widget\" data-widget_type=\"heading.default\">\n\t\t\t\t\t<h4 class=\"elementor-heading-title elementor-size-default\">PROMOMX<\/h4>\t\t\t\t<\/div>\n\t\t\t\t<\/div>\n\t\t\t\t<\/div>\n\t\t\t\t\t<\/div>\n\t\t\t\t<\/div>\n\t\t\t\t<\/div>","protected":false},"excerpt":{"rendered":"<p>Aprov\u00e9chate de nuestro descuento de un 5% en estancias superiores a 3 d\u00edas reservando a trav\u00e9s de nuestra p\u00e1gina web.\u00a0 Consultar disponibilidad. Reservas Mejores condiciones online Descuentos en reservas en nuestra web C\u00f3digo promocional PROMOMX<\/p>","protected":false},"author":5,"featured_media":0,"parent":0,"menu_order":0,"comment_status":"closed","ping_status":"closed","template":"","meta":{"inline_featured_image":false,"footnotes":""},"class_list":["post-4178","page","type-page","status-publish","hentry"],"yoast_head":"<!-- This site is optimized with the Yoast SEO plugin v26.0 - https:\/\/yoast.com\/wordpress\/plugins\/seo\/ -->\n<title>Estancia m\u00ednima 3 d\u00edas - Hostal B&amp;B en Santiago de Compostela - Hostal M\u00e9xico<\/title>\n<meta name=\"robots\" content=\"index, follow, max-snippet:-1, max-image-preview:large, max-video-preview:-1\" \/>\n<link rel=\"canonical\" href=\"https:\/\/hostalmexico.com\/en\/estancia-minima-3-dias\/\" \/>\n<meta property=\"og:locale\" content=\"en_US\" \/>\n<meta property=\"og:type\" content=\"article\" \/>\n<meta property=\"og:title\" content=\"Estancia m\u00ednima 3 d\u00edas - Hostal B&amp;B en Santiago de Compostela - Hostal M\u00e9xico\" \/>\n<meta property=\"og:description\" content=\"Aprov\u00e9chate de nuestro descuento de un 5% en estancias superiores a 3 d\u00edas reservando a trav\u00e9s de nuestra p\u00e1gina web.\u00a0 Consultar disponibilidad. Reservas Mejores condiciones online Descuentos en reservas en nuestra web C\u00f3digo promocional PROMOMX\" \/>\n<meta property=\"og:url\" content=\"https:\/\/hostalmexico.com\/en\/estancia-minima-3-dias\/\" \/>\n<meta property=\"og:site_name\" content=\"Hostal B&amp;B en Santiago de Compostela - Hostal M\u00e9xico\" \/>\n<meta property=\"article:publisher\" content=\"https:\/\/www.facebook.com\/hostal.mexico\" \/>\n<meta property=\"article:modified_time\" content=\"2025-09-30T13:22:41+00:00\" \/>\n<meta property=\"og:image\" content=\"https:\/\/hostalmexico.com\/wp-content\/uploads\/2025\/08\/imgi_30_oferta-especial-1024x485.jpg\" \/>\n<meta name=\"twitter:card\" content=\"summary_large_image\" \/>\n<meta name=\"twitter:site\" content=\"@hostalmexico\" \/>\n<meta name=\"twitter:label1\" content=\"Est. reading time\" \/>\n\t<meta name=\"twitter:data1\" content=\"1 minute\" \/>\n<script type=\"application\/ld+json\" class=\"yoast-schema-graph\">{\"@context\":\"https:\/\/schema.org\",\"@graph\":[{\"@type\":\"WebPage\",\"@id\":\"https:\/\/hostalmexico.com\/estancia-minima-3-dias\/\",\"url\":\"https:\/\/hostalmexico.com\/estancia-minima-3-dias\/\",\"name\":\"Estancia m\u00ednima 3 d\u00edas - Hostal B&amp;B en Santiago de Compostela - Hostal M\u00e9xico\",\"isPartOf\":{\"@id\":\"https:\/\/hostalmexico.com\/#website\"},\"primaryImageOfPage\":{\"@id\":\"https:\/\/hostalmexico.com\/estancia-minima-3-dias\/#primaryimage\"},\"image\":{\"@id\":\"https:\/\/hostalmexico.com\/estancia-minima-3-dias\/#primaryimage\"},\"thumbnailUrl\":\"https:\/\/hostalmexico.com\/wp-content\/uploads\/2025\/08\/imgi_30_oferta-especial-1024x485.jpg\",\"datePublished\":\"2025-08-25T19:01:31+00:00\",\"dateModified\":\"2025-09-30T13:22:41+00:00\",\"breadcrumb\":{\"@id\":\"https:\/\/hostalmexico.com\/estancia-minima-3-dias\/#breadcrumb\"},\"inLanguage\":\"en-US\",\"potentialAction\":[{\"@type\":\"ReadAction\",\"target\":[\"https:\/\/hostalmexico.com\/estancia-minima-3-dias\/\"]}]},{\"@type\":\"ImageObject\",\"inLanguage\":\"en-US\",\"@id\":\"https:\/\/hostalmexico.com\/estancia-minima-3-dias\/#primaryimage\",\"url\":\"https:\/\/hostalmexico.com\/wp-content\/uploads\/2025\/08\/imgi_30_oferta-especial-1024x485.jpg\",\"contentUrl\":\"https:\/\/hostalmexico.com\/wp-content\/uploads\/2025\/08\/imgi_30_oferta-especial-1024x485.jpg\"},{\"@type\":\"BreadcrumbList\",\"@id\":\"https:\/\/hostalmexico.com\/estancia-minima-3-dias\/#breadcrumb\",\"itemListElement\":[{\"@type\":\"ListItem\",\"position\":1,\"name\":\"Home\",\"item\":\"https:\/\/hostalmexico.com\/\"},{\"@type\":\"ListItem\",\"position\":2,\"name\":\"Estancia m\u00ednima 3 d\u00edas\"}]},{\"@type\":\"WebSite\",\"@id\":\"https:\/\/hostalmexico.com\/#website\",\"url\":\"https:\/\/hostalmexico.com\/\",\"name\":\"Hostal B&B en Santiago de Compostela - Hostal M\u00e9xico\",\"description\":\"B&amp;B en el coraz\u00f3n de Santiago de Compostela\",\"potentialAction\":[{\"@type\":\"SearchAction\",\"target\":{\"@type\":\"EntryPoint\",\"urlTemplate\":\"https:\/\/hostalmexico.com\/?s={search_term_string}\"},\"query-input\":{\"@type\":\"PropertyValueSpecification\",\"valueRequired\":true,\"valueName\":\"search_term_string\"}}],\"inLanguage\":\"en-US\"}]}<\/script>\n<!-- \/ Yoast SEO plugin. -->","yoast_head_json":{"title":"Estancia m\u00ednima 3 d\u00edas - Hostal B&amp;B en Santiago de Compostela - Hostal M\u00e9xico","robots":{"index":"index","follow":"follow","max-snippet":"max-snippet:-1","max-image-preview":"max-image-preview:large","max-video-preview":"max-video-preview:-1"},"canonical":"https:\/\/hostalmexico.com\/en\/estancia-minima-3-dias\/","og_locale":"en_US","og_type":"article","og_title":"Estancia m\u00ednima 3 d\u00edas - Hostal B&amp;B en Santiago de Compostela - Hostal M\u00e9xico","og_description":"Aprov\u00e9chate de nuestro descuento de un 5% en estancias superiores a 3 d\u00edas reservando a trav\u00e9s de nuestra p\u00e1gina web.\u00a0 Consultar disponibilidad. Reservas Mejores condiciones online Descuentos en reservas en nuestra web C\u00f3digo promocional PROMOMX","og_url":"https:\/\/hostalmexico.com\/en\/estancia-minima-3-dias\/","og_site_name":"Hostal B&amp;B en Santiago de Compostela - Hostal M\u00e9xico","article_publisher":"https:\/\/www.facebook.com\/hostal.mexico","article_modified_time":"2025-09-30T13:22:41+00:00","og_image":[{"url":"https:\/\/hostalmexico.com\/wp-content\/uploads\/2025\/08\/imgi_30_oferta-especial-1024x485.jpg","type":"","width":"","height":""}],"twitter_card":"summary_large_image","twitter_site":"@hostalmexico","twitter_misc":{"Est. reading time":"1 minute"},"schema":{"@context":"https:\/\/schema.org","@graph":[{"@type":"WebPage","@id":"https:\/\/hostalmexico.com\/estancia-minima-3-dias\/","url":"https:\/\/hostalmexico.com\/estancia-minima-3-dias\/","name":"Estancia m\u00ednima 3 d\u00edas - Hostal B&amp;B en Santiago de Compostela - Hostal M\u00e9xico","isPartOf":{"@id":"https:\/\/hostalmexico.com\/#website"},"primaryImageOfPage":{"@id":"https:\/\/hostalmexico.com\/estancia-minima-3-dias\/#primaryimage"},"image":{"@id":"https:\/\/hostalmexico.com\/estancia-minima-3-dias\/#primaryimage"},"thumbnailUrl":"https:\/\/hostalmexico.com\/wp-content\/uploads\/2025\/08\/imgi_30_oferta-especial-1024x485.jpg","datePublished":"2025-08-25T19:01:31+00:00","dateModified":"2025-09-30T13:22:41+00:00","breadcrumb":{"@id":"https:\/\/hostalmexico.com\/estancia-minima-3-dias\/#breadcrumb"},"inLanguage":"en-US","potentialAction":[{"@type":"ReadAction","target":["https:\/\/hostalmexico.com\/estancia-minima-3-dias\/"]}]},{"@type":"ImageObject","inLanguage":"en-US","@id":"https:\/\/hostalmexico.com\/estancia-minima-3-dias\/#primaryimage","url":"https:\/\/hostalmexico.com\/wp-content\/uploads\/2025\/08\/imgi_30_oferta-especial-1024x485.jpg","contentUrl":"https:\/\/hostalmexico.com\/wp-content\/uploads\/2025\/08\/imgi_30_oferta-especial-1024x485.jpg"},{"@type":"BreadcrumbList","@id":"https:\/\/hostalmexico.com\/estancia-minima-3-dias\/#breadcrumb","itemListElement":[{"@type":"ListItem","position":1,"name":"Home","item":"https:\/\/hostalmexico.com\/"},{"@type":"ListItem","position":2,"name":"Estancia m\u00ednima 3 d\u00edas"}]},{"@type":"WebSite","@id":"https:\/\/hostalmexico.com\/#website","url":"https:\/\/hostalmexico.com\/","name":"Hostal B&B en Santiago de Compostela - Hostal M\u00e9xico","description":"B&amp;B en el coraz\u00f3n de Santiago de Compostela","potentialAction":[{"@type":"SearchAction","target":{"@type":"EntryPoint","urlTemplate":"https:\/\/hostalmexico.com\/?s={search_term_string}"},"query-input":{"@type":"PropertyValueSpecification","valueRequired":true,"valueName":"search_term_string"}}],"inLanguage":"en-US"}]}},"_links":{"self":[{"href":"https:\/\/hostalmexico.com\/en\/wp-json\/wp\/v2\/pages\/4178","targetHints":{"allow":["GET"]}}],"collection":[{"href":"https:\/\/hostalmexico.com\/en\/wp-json\/wp\/v2\/pages"}],"about":[{"href":"https:\/\/hostalmexico.com\/en\/wp-json\/wp\/v2\/types\/page"}],"author":[{"embeddable":true,"href":"https:\/\/hostalmexico.com\/en\/wp-json\/wp\/v2\/users\/5"}],"replies":[{"embeddable":true,"href":"https:\/\/hostalmexico.com\/en\/wp-json\/wp\/v2\/comments?post=4178"}],"version-history":[{"count":19,"href":"https:\/\/hostalmexico.com\/en\/wp-json\/wp\/v2\/pages\/4178\/revisions"}],"predecessor-version":[{"id":4757,"href":"https:\/\/hostalmexico.com\/en\/wp-json\/wp\/v2\/pages\/4178\/revisions\/4757"}],"wp:attachment":[{"href":"https:\/\/hostalmexico.com\/en\/wp-json\/wp\/v2\/media?parent=4178"}],"curies":[{"name":"wp","href":"https:\/\/api.w.org\/{rel}","templated":true}]}}